{"id":10623,"date":"2025-05-09T23:30:19","date_gmt":"2025-05-09T23:30:19","guid":{"rendered":"https:\/\/yachtsmembership.com\/?post_type=product&#038;p=10623"},"modified":"2025-06-02T20:38:46","modified_gmt":"2025-06-02T20:38:46","slug":"reef-fishing-spear-fishing-pig-tour","status":"publish","type":"product","link":"https:\/\/yachtsmembership.com\/es\/boats\/reef-fishing-spear-fishing-pig-tour\/","title":{"rendered":"Pesca en arrecifes, pesca submarina, tour de cerdos"},"content":{"rendered":"<p>Nuestros tours ch\u00e1rter personalizados est\u00e1n dise\u00f1ados para que disfrutes al m\u00e1ximo de tu d\u00eda con tu familia y amigos, ya sea pescando, haciendo snorkel o nadando con los famosos cerdos de Exuma. Estaremos ah\u00ed para asegurarte de que lo pases de maravilla. Te proporcionamos todo el equipo de pesca, agua, hielo, refrescos y un refrigerio ligero.<\/p>","protected":false},"excerpt":{"rendered":"<p>Our personalized chartered tours are designed to give you the freedom to fully enjoy your day with your family and friends whether it&#8217;s Fishing, Snorkeling, or swimming with the world famous Exuma Pigs, we&#8217;ll be there to ensure you have the most amazing time. We provide all the fishing hear, water, ice, sodas and a [&hellip;]<\/p>\n","protected":false},"featured_media":10630,"comment_status":"open","ping_status":"closed","template":"","meta":[],"product_brand":[],"product_cat":[137,346],"product_tag":[81],"class_list":{"0":"post-10623","1":"product","2":"type-product","3":"status-publish","4":"has-post-thumbnail","6":"product_cat-bahamas","7":"product_cat-bahamas-bahamas","8":"product_tag-discount-uvc-members-20","11":"instock","12":"sale","13":"shipping-taxable","14":"purchasable","15":"product-type-variable","16":"product-grid-view"},"_links":{"self":[{"href":"https:\/\/yachtsmembership.com\/es\/wp-json\/wp\/v2\/product\/10623","targetHints":{"allow":["GET"]}}],"collection":[{"href":"https:\/\/yachtsmembership.com\/es\/wp-json\/wp\/v2\/product"}],"about":[{"href":"https:\/\/yachtsmembership.com\/es\/wp-json\/wp\/v2\/types\/product"}],"replies":[{"embeddable":true,"href":"https:\/\/yachtsmembership.com\/es\/wp-json\/wp\/v2\/comments?post=10623"}],"wp:featuredmedia":[{"embeddable":true,"href":"https:\/\/yachtsmembership.com\/es\/wp-json\/wp\/v2\/media\/10630"}],"wp:attachment":[{"href":"https:\/\/yachtsmembership.com\/es\/wp-json\/wp\/v2\/media?parent=10623"}],"wp:term":[{"taxonomy":"product_brand","embeddable":true,"href":"https:\/\/yachtsmembership.com\/es\/wp-json\/wp\/v2\/product_brand?post=10623"},{"taxonomy":"product_cat","embeddable":true,"href":"https:\/\/yachtsmembership.com\/es\/wp-json\/wp\/v2\/product_cat?post=10623"},{"taxonomy":"product_tag","embeddable":true,"href":"https:\/\/yachtsmembership.com\/es\/wp-json\/wp\/v2\/product_tag?post=10623"}],"curies":[{"name":"wp","href":"https:\/\/api.w.org\/{rel}","templated":true}]}}