{"id":10751,"date":"2025-05-10T00:03:38","date_gmt":"2025-05-10T00:03:38","guid":{"rendered":"https:\/\/yachtsmembership.com\/?post_type=product&#038;p=10751"},"modified":"2025-05-14T17:51:30","modified_gmt":"2025-05-14T17:51:30","slug":"excelente-classic-cruiser-de-68-pies-para-disfrutar-evento-en-el-delta","status":"publish","type":"product","link":"https:\/\/yachtsmembership.com\/es\/boats\/excelente-classic-cruiser-de-68-pies-para-disfrutar-evento-en-el-delta\/","title":{"rendered":"Excelente Classic Cruiser de 68 pies para disfrutar evento en el Delta!!!"},"content":{"rendered":"<p>Disponemos de diferentes tipos y tama\u00f1os de yates, c\u00f3mo as\u00ed tambi\u00e9n distintos puntos de salida (Nordelta, San Isidro, San Fernando, Puerto Madero). En todos los casos, se incluye combustible y capit\u00e1n. Dependiendo el tama\u00f1o del yate, marinero y azafata tambi\u00e9n. Las embarcaciones cuentan con equipamiento y comodidades para una excelente estad\u00eda, permitiendo disfrutar de los encantos del Delta con seguridad y confort. Las salidas son programadas a gusto, coordinando horarios de zarpe y arribo, cantidad de pasajeros, destino y recorrido a realizar, etc. Siendo ideales para todo tipo de eventos, tanto empresariales c\u00f3mo familiares.<\/p>\n<p>Salidas Rom\u00e1nticas<\/p>\n<p>Brindamos varias propuestas para una salida rom\u00e1ntica \u00f3ptima. Atardecer, cena a la luz de la luna, pernocte abordo, paseo nocturno, etc. Lo que tenga en mente, nosotros lo llevamos a la realidad.<\/p>\n<p>Viajes Privados a Uruguay<\/p>\n<p>Diversas opciones para llegar a los bonitos puertos del Uruguay (Carmelo, Colonia, Conchillas) Discreci\u00f3n y profesional<\/p>","protected":false},"excerpt":{"rendered":"<p>Disponemos de diferentes tipos y tama\u00f1os de yates, c\u00f3mo as\u00ed tambi\u00e9n distintos puntos de salida (Nordelta, San Isidro, San Fernando, Puerto Madero). En todos los casos, se incluye combustible y capit\u00e1n. Dependiendo el tama\u00f1o del yate, marinero y azafata tambi\u00e9n. Las embarcaciones cuentan con equipamiento y comodidades para una excelente estad\u00eda, permitiendo disfrutar de los [&hellip;]<\/p>\n","protected":false},"featured_media":10753,"comment_status":"open","ping_status":"closed","template":"","meta":[],"product_brand":[],"product_cat":[201,202],"product_tag":[81],"class_list":{"0":"post-10751","1":"product","2":"type-product","3":"status-publish","4":"has-post-thumbnail","6":"product_cat-argentina","7":"product_cat-rincon-de-milberg","8":"product_tag-discount-uvc-members-20","11":"instock","12":"sale","13":"shipping-taxable","14":"purchasable","15":"product-type-variable","16":"product-grid-view"},"_links":{"self":[{"href":"https:\/\/yachtsmembership.com\/es\/wp-json\/wp\/v2\/product\/10751","targetHints":{"allow":["GET"]}}],"collection":[{"href":"https:\/\/yachtsmembership.com\/es\/wp-json\/wp\/v2\/product"}],"about":[{"href":"https:\/\/yachtsmembership.com\/es\/wp-json\/wp\/v2\/types\/product"}],"replies":[{"embeddable":true,"href":"https:\/\/yachtsmembership.com\/es\/wp-json\/wp\/v2\/comments?post=10751"}],"wp:featuredmedia":[{"embeddable":true,"href":"https:\/\/yachtsmembership.com\/es\/wp-json\/wp\/v2\/media\/10753"}],"wp:attachment":[{"href":"https:\/\/yachtsmembership.com\/es\/wp-json\/wp\/v2\/media?parent=10751"}],"wp:term":[{"taxonomy":"product_brand","embeddable":true,"href":"https:\/\/yachtsmembership.com\/es\/wp-json\/wp\/v2\/product_brand?post=10751"},{"taxonomy":"product_cat","embeddable":true,"href":"https:\/\/yachtsmembership.com\/es\/wp-json\/wp\/v2\/product_cat?post=10751"},{"taxonomy":"product_tag","embeddable":true,"href":"https:\/\/yachtsmembership.com\/es\/wp-json\/wp\/v2\/product_tag?post=10751"}],"curies":[{"name":"wp","href":"https:\/\/api.w.org\/{rel}","templated":true}]}}