{"id":10959,"date":"2025-05-12T16:57:19","date_gmt":"2025-05-12T16:57:19","guid":{"rendered":"https:\/\/yachtsmembership.com\/?post_type=product&#038;p=10959"},"modified":"2025-06-06T23:02:22","modified_gmt":"2025-06-06T23:02:22","slug":"private-fjord-cruise-from-bergen-premium-mostraumen-fjord-waterfall-cruise","status":"publish","type":"product","link":"https:\/\/yachtsmembership.com\/es\/boats\/private-fjord-cruise-from-bergen-premium-mostraumen-fjord-waterfall-cruise\/","title":{"rendered":"Crucero privado por los fiordos desde Bergen: crucero premium por el fiordo y las cascadas de Mostraumen"},"content":{"rendered":"<p>Disfrute de un crucero privado de 6 horas por los fiordos desde Bergen hasta el impresionante Osterfjord y el estrecho de Mostraumen a bordo del yate Premium Explorer 50. Admire el magn\u00edfico paisaje de los fiordos cercanos de Bergen y la regi\u00f3n de Nordhordland. Este crucero privado de ida y vuelta est\u00e1 disponible todo el a\u00f1o desde el Mercado de Pescado del centro de la ciudad.<\/p>","protected":false},"excerpt":{"rendered":"<p>Disfrute de un crucero privado de 6 horas por los fiordos desde Bergen hasta el impresionante Osterfjord y el estrecho de Mostraumen a bordo del yate Premium Explorer 50. Admire el magn\u00edfico paisaje de los fiordos cercanos de Bergen y la regi\u00f3n de Nordhordland. Este crucero privado de ida y vuelta est\u00e1 disponible todo el a\u00f1o desde el Mercado de Pescado del centro de la ciudad.<\/p>","protected":false},"featured_media":10975,"comment_status":"open","ping_status":"closed","template":"","meta":[],"product_brand":[],"product_cat":[215,361],"product_tag":[81],"class_list":{"0":"post-10959","1":"product","2":"type-product","3":"status-publish","4":"has-post-thumbnail","6":"product_cat-noruega","7":"product_cat-noruega-noruega","8":"product_tag-discount-uvc-members-20","11":"instock","12":"shipping-taxable","13":"product-type-simple","14":"product-grid-view"},"_links":{"self":[{"href":"https:\/\/yachtsmembership.com\/es\/wp-json\/wp\/v2\/product\/10959","targetHints":{"allow":["GET"]}}],"collection":[{"href":"https:\/\/yachtsmembership.com\/es\/wp-json\/wp\/v2\/product"}],"about":[{"href":"https:\/\/yachtsmembership.com\/es\/wp-json\/wp\/v2\/types\/product"}],"replies":[{"embeddable":true,"href":"https:\/\/yachtsmembership.com\/es\/wp-json\/wp\/v2\/comments?post=10959"}],"wp:featuredmedia":[{"embeddable":true,"href":"https:\/\/yachtsmembership.com\/es\/wp-json\/wp\/v2\/media\/10975"}],"wp:attachment":[{"href":"https:\/\/yachtsmembership.com\/es\/wp-json\/wp\/v2\/media?parent=10959"}],"wp:term":[{"taxonomy":"product_brand","embeddable":true,"href":"https:\/\/yachtsmembership.com\/es\/wp-json\/wp\/v2\/product_brand?post=10959"},{"taxonomy":"product_cat","embeddable":true,"href":"https:\/\/yachtsmembership.com\/es\/wp-json\/wp\/v2\/product_cat?post=10959"},{"taxonomy":"product_tag","embeddable":true,"href":"https:\/\/yachtsmembership.com\/es\/wp-json\/wp\/v2\/product_tag?post=10959"}],"curies":[{"name":"wp","href":"https:\/\/api.w.org\/{rel}","templated":true}]}}