{"id":11043,"date":"2025-05-12T17:18:46","date_gmt":"2025-05-12T17:18:46","guid":{"rendered":"https:\/\/yachtsmembership.com\/?post_type=product&#038;p=11043"},"modified":"2025-05-19T18:44:29","modified_gmt":"2025-05-19T18:44:29","slug":"paseo-a-islas-palomino-para-nadar-con-lobos-marinos","status":"publish","type":"product","link":"https:\/\/yachtsmembership.com\/es\/boats\/paseo-a-islas-palomino-para-nadar-con-lobos-marinos\/","title":{"rendered":"Paseo a islas Palomino para nadar con lobos marinos"},"content":{"rendered":"<p>Visitaremos un \u00e1rea natural protegida d\u00f3nde viven m\u00e1s de cinco mil lobos marinos y podremos nadar con ellos en su h\u00e1bitat natural, la salida es a las 9:30 de la ma\u00f1ana y el retorno a 1:30 de la tarde, es un paseo de 4 horas<\/p>\n<p>Nuestro yate siempre est\u00e1 en constante mantenimiento para tenerlo en las mejores condiciones y as\u00ed los clientes puedan disfrutar sin contratiempos<\/p>","protected":false},"excerpt":{"rendered":"<p>Visitaremos un \u00e1rea natural protegida d\u00f3nde viven m\u00e1s de cinco mil lobos marinos y podremos nadar con ellos en su h\u00e1bitat natural, la salida es a las 9:30 de la ma\u00f1ana y el retorno a 1:30 de la tarde, es un paseo de 4 horas Nuestro yate siempre est\u00e1 en constante mantenimiento para tenerlo en [&hellip;]<\/p>\n","protected":false},"featured_media":11044,"comment_status":"open","ping_status":"closed","template":"","meta":[],"product_brand":[],"product_cat":[221],"product_tag":[81],"class_list":{"0":"post-11043","1":"product","2":"type-product","3":"status-publish","4":"has-post-thumbnail","6":"product_cat-callao","7":"product_tag-discount-uvc-members-20","10":"instock","11":"shipping-taxable","12":"product-type-simple","13":"product-grid-view"},"_links":{"self":[{"href":"https:\/\/yachtsmembership.com\/es\/wp-json\/wp\/v2\/product\/11043","targetHints":{"allow":["GET"]}}],"collection":[{"href":"https:\/\/yachtsmembership.com\/es\/wp-json\/wp\/v2\/product"}],"about":[{"href":"https:\/\/yachtsmembership.com\/es\/wp-json\/wp\/v2\/types\/product"}],"replies":[{"embeddable":true,"href":"https:\/\/yachtsmembership.com\/es\/wp-json\/wp\/v2\/comments?post=11043"}],"wp:featuredmedia":[{"embeddable":true,"href":"https:\/\/yachtsmembership.com\/es\/wp-json\/wp\/v2\/media\/11044"}],"wp:attachment":[{"href":"https:\/\/yachtsmembership.com\/es\/wp-json\/wp\/v2\/media?parent=11043"}],"wp:term":[{"taxonomy":"product_brand","embeddable":true,"href":"https:\/\/yachtsmembership.com\/es\/wp-json\/wp\/v2\/product_brand?post=11043"},{"taxonomy":"product_cat","embeddable":true,"href":"https:\/\/yachtsmembership.com\/es\/wp-json\/wp\/v2\/product_cat?post=11043"},{"taxonomy":"product_tag","embeddable":true,"href":"https:\/\/yachtsmembership.com\/es\/wp-json\/wp\/v2\/product_tag?post=11043"}],"curies":[{"name":"wp","href":"https:\/\/api.w.org\/{rel}","templated":true}]}}