{"id":11125,"date":"2025-05-12T18:22:58","date_gmt":"2025-05-12T18:22:58","guid":{"rendered":"https:\/\/yachtsmembership.com\/?post_type=product&#038;p=11125"},"modified":"2025-06-05T20:15:51","modified_gmt":"2025-06-05T20:15:51","slug":"katla-adventure-in-iceland","status":"publish","type":"product","link":"https:\/\/yachtsmembership.com\/es\/boats\/katla-adventure-in-iceland\/","title":{"rendered":"AVENTURA KATLA EN ISLANDIA"},"content":{"rendered":"<p>Bavaria 50 es un hermoso yate con capacidad para hasta 10 personas.<\/p>\n<p>El yate cuenta con un largo sal\u00f3n con cocina (totalmente equipada con estufa, horno, fregadero y refrigerador), mesa con sof\u00e1s y una mesa de cartas.<\/p>\n<p>El barco dispone de 5 camarotes, uno en proa y otro en popa.<\/p>\n<p>Ambas cabinas cuentan con camas dobles, lo que da un total de 10 camas (hay dos individuales en el sal\u00f3n).<\/p>\n<p>El barco dispone de 3 ba\u00f1os, accesibles desde el sal\u00f3n.<\/p>\n<p>Los ba\u00f1os est\u00e1n completamente equipados con inodoros, duchas y lavabos.<\/p>\n<p>El barco est\u00e1 equipado con juegos completos de velas, buscador de peces de sonido profundo y radar y sitio AIS, equipo de navegaci\u00f3n completo y sistema de m\u00fasica est\u00e9reo con CD.<br \/>\n\u200b<br \/>\nLa embarcaci\u00f3n dispone de todo el equipamiento de seguridad reglamentario.<\/p>","protected":false},"excerpt":{"rendered":"<p>Bavaria 50 is a lovely yacht that takes up to and accommodates up to 10 people. The yacht features a long saloon with kitchen (fully equipped with stove, oven, kitchen sink and refrigerator), table with sofas and a chart table. The boat has 5 cabins, one cabin in the bow and one in the stern. [&hellip;]<\/p>\n","protected":false},"featured_media":11127,"comment_status":"open","ping_status":"closed","template":"","meta":[],"product_brand":[],"product_cat":[231,232],"product_tag":[81],"class_list":{"0":"post-11125","1":"product","2":"type-product","3":"status-publish","4":"has-post-thumbnail","6":"product_cat-iceland","7":"product_cat-reykjavik","8":"product_tag-discount-uvc-members-20","11":"instock","12":"shipping-taxable","13":"product-type-simple","14":"product-grid-view"},"_links":{"self":[{"href":"https:\/\/yachtsmembership.com\/es\/wp-json\/wp\/v2\/product\/11125","targetHints":{"allow":["GET"]}}],"collection":[{"href":"https:\/\/yachtsmembership.com\/es\/wp-json\/wp\/v2\/product"}],"about":[{"href":"https:\/\/yachtsmembership.com\/es\/wp-json\/wp\/v2\/types\/product"}],"replies":[{"embeddable":true,"href":"https:\/\/yachtsmembership.com\/es\/wp-json\/wp\/v2\/comments?post=11125"}],"wp:featuredmedia":[{"embeddable":true,"href":"https:\/\/yachtsmembership.com\/es\/wp-json\/wp\/v2\/media\/11127"}],"wp:attachment":[{"href":"https:\/\/yachtsmembership.com\/es\/wp-json\/wp\/v2\/media?parent=11125"}],"wp:term":[{"taxonomy":"product_brand","embeddable":true,"href":"https:\/\/yachtsmembership.com\/es\/wp-json\/wp\/v2\/product_brand?post=11125"},{"taxonomy":"product_cat","embeddable":true,"href":"https:\/\/yachtsmembership.com\/es\/wp-json\/wp\/v2\/product_cat?post=11125"},{"taxonomy":"product_tag","embeddable":true,"href":"https:\/\/yachtsmembership.com\/es\/wp-json\/wp\/v2\/product_tag?post=11125"}],"curies":[{"name":"wp","href":"https:\/\/api.w.org\/{rel}","templated":true}]}}