{"id":11148,"date":"2025-05-12T18:31:49","date_gmt":"2025-05-12T18:31:49","guid":{"rendered":"https:\/\/yachtsmembership.com\/?post_type=product&#038;p=11148"},"modified":"2025-05-19T18:44:28","modified_gmt":"2025-05-19T18:44:28","slug":"lucien-131ft-luxury-dubai-experience","status":"publish","type":"product","link":"https:\/\/yachtsmembership.com\/es\/boats\/lucien-131ft-luxury-dubai-experience\/","title":{"rendered":"LUCIEN 131FT EXPERIENCIA DE LUJO EN DUB\u00c1I"},"content":{"rendered":"<p>Algunos de nuestros paquetes para yates incluyen: Noche en yate, fiesta privada en yate en Dub\u00e1i, alquiler de barcos en Dubai Marina, navegaci\u00f3n en yate alquilado, excursiones de pesca en yate y muchos m\u00e1s paquetes divertidos. Para que se sumerja en la magia del oc\u00e9ano, contamos con un equipo de mantenimiento de flotas especialmente capacitado y una tripulaci\u00f3n experimentada.<\/p>","protected":false},"excerpt":{"rendered":"<p>Algunos de nuestros paquetes para yates incluyen: Noche en yate, fiesta privada en yate en Dub\u00e1i, alquiler de barcos en Dubai Marina, navegaci\u00f3n en yate alquilado, excursiones de pesca en yate y muchos m\u00e1s paquetes divertidos. Para que se sumerja en la magia del oc\u00e9ano, contamos con un equipo de mantenimiento de flotas especialmente capacitado y una tripulaci\u00f3n experimentada.<\/p>","protected":false},"featured_media":11151,"comment_status":"open","ping_status":"closed","template":"","meta":[],"product_brand":[],"product_cat":[76,117],"product_tag":[81],"class_list":{"0":"post-11148","1":"product","2":"type-product","3":"status-publish","4":"has-post-thumbnail","6":"product_cat-dubai","7":"product_cat-united-arab-emirates","8":"product_tag-discount-uvc-members-20","11":"instock","12":"shipping-taxable","13":"product-type-simple","14":"product-grid-view"},"_links":{"self":[{"href":"https:\/\/yachtsmembership.com\/es\/wp-json\/wp\/v2\/product\/11148","targetHints":{"allow":["GET"]}}],"collection":[{"href":"https:\/\/yachtsmembership.com\/es\/wp-json\/wp\/v2\/product"}],"about":[{"href":"https:\/\/yachtsmembership.com\/es\/wp-json\/wp\/v2\/types\/product"}],"replies":[{"embeddable":true,"href":"https:\/\/yachtsmembership.com\/es\/wp-json\/wp\/v2\/comments?post=11148"}],"wp:featuredmedia":[{"embeddable":true,"href":"https:\/\/yachtsmembership.com\/es\/wp-json\/wp\/v2\/media\/11151"}],"wp:attachment":[{"href":"https:\/\/yachtsmembership.com\/es\/wp-json\/wp\/v2\/media?parent=11148"}],"wp:term":[{"taxonomy":"product_brand","embeddable":true,"href":"https:\/\/yachtsmembership.com\/es\/wp-json\/wp\/v2\/product_brand?post=11148"},{"taxonomy":"product_cat","embeddable":true,"href":"https:\/\/yachtsmembership.com\/es\/wp-json\/wp\/v2\/product_cat?post=11148"},{"taxonomy":"product_tag","embeddable":true,"href":"https:\/\/yachtsmembership.com\/es\/wp-json\/wp\/v2\/product_tag?post=11148"}],"curies":[{"name":"wp","href":"https:\/\/api.w.org\/{rel}","templated":true}]}}