{"id":11171,"date":"2025-05-12T18:43:21","date_gmt":"2025-05-12T18:43:21","guid":{"rendered":"https:\/\/yachtsmembership.com\/?post_type=product&#038;p=11171"},"modified":"2025-06-03T23:34:03","modified_gmt":"2025-06-03T23:34:03","slug":"lydia-boat-private-boat-dolphin-watchingswimming","status":"publish","type":"product","link":"https:\/\/yachtsmembership.com\/es\/boats\/lydia-boat-private-boat-dolphin-watchingswimming\/","title":{"rendered":"Lydia Boat Barco privado\/Avistamiento de delfines y nataci\u00f3n"},"content":{"rendered":"<p>Reserva tu barco privado, para un d\u00eda exquisito con la tripulaci\u00f3n de LydiaBoat, observa y nada con los delfines en su h\u00e1bitat natural, sin molestarlos y respetando su espacio. Y haz snorkel cerca de nuestra famosa roca cristalina.<\/p>\n<p>&nbsp;<\/p>","protected":false},"excerpt":{"rendered":"<p>Reserva tu barco privado, para un d\u00eda exquisito con la tripulaci\u00f3n de LydiaBoat, observa y nada con los delfines en su h\u00e1bitat natural, sin molestarlos y respetando su espacio. Y haz snorkel cerca de nuestra famosa roca cristalina. &nbsp;<\/p>","protected":false},"featured_media":11172,"comment_status":"open","ping_status":"closed","template":"","meta":[],"product_brand":[],"product_cat":[100],"product_tag":[81],"class_list":{"0":"post-11171","1":"product","2":"type-product","3":"status-publish","4":"has-post-thumbnail","6":"product_cat-madagascar","7":"product_tag-discount-uvc-members-20","10":"instock","11":"shipping-taxable","12":"product-type-simple","13":"product-grid-view"},"_links":{"self":[{"href":"https:\/\/yachtsmembership.com\/es\/wp-json\/wp\/v2\/product\/11171","targetHints":{"allow":["GET"]}}],"collection":[{"href":"https:\/\/yachtsmembership.com\/es\/wp-json\/wp\/v2\/product"}],"about":[{"href":"https:\/\/yachtsmembership.com\/es\/wp-json\/wp\/v2\/types\/product"}],"replies":[{"embeddable":true,"href":"https:\/\/yachtsmembership.com\/es\/wp-json\/wp\/v2\/comments?post=11171"}],"wp:featuredmedia":[{"embeddable":true,"href":"https:\/\/yachtsmembership.com\/es\/wp-json\/wp\/v2\/media\/11172"}],"wp:attachment":[{"href":"https:\/\/yachtsmembership.com\/es\/wp-json\/wp\/v2\/media?parent=11171"}],"wp:term":[{"taxonomy":"product_brand","embeddable":true,"href":"https:\/\/yachtsmembership.com\/es\/wp-json\/wp\/v2\/product_brand?post=11171"},{"taxonomy":"product_cat","embeddable":true,"href":"https:\/\/yachtsmembership.com\/es\/wp-json\/wp\/v2\/product_cat?post=11171"},{"taxonomy":"product_tag","embeddable":true,"href":"https:\/\/yachtsmembership.com\/es\/wp-json\/wp\/v2\/product_tag?post=11171"}],"curies":[{"name":"wp","href":"https:\/\/api.w.org\/{rel}","templated":true}]}}