{"id":11235,"date":"2025-05-12T19:22:03","date_gmt":"2025-05-12T19:22:03","guid":{"rendered":"https:\/\/yachtsmembership.com\/?post_type=product&#038;p=11235"},"modified":"2025-06-02T20:31:53","modified_gmt":"2025-06-02T20:31:53","slug":"rockfish-ii-catamaran-sydney-adventure","status":"publish","type":"product","link":"https:\/\/yachtsmembership.com\/es\/boats\/rockfish-ii-catamaran-sydney-adventure\/","title":{"rendered":"Aventura en catamar\u00e1n Rockfish II en S\u00eddney"},"content":{"rendered":"<p>Nuestro catamar\u00e1n Rockfish II tiene capacidad para un m\u00e1ximo de 20 pasajeros y cuenta con un acogedor camarote interior cubierto con una gran mesa para que los invitados disfruten de un almuerzo o de platos de presentaci\u00f3n. Las zonas descubiertas ofrecen amplio espacio para relajarse en las redes de proa. \u00a1Ideal para tomar el sol! El catamar\u00e1n est\u00e1 equipado con una barbacoa de gas y una hielera para mantener sus comidas y bebidas fr\u00edas. Puede traer su propia comida, bebidas y hielo o seleccionar nuestro paquete de barbacoa y nos encargamos del catering.<\/p>","protected":false},"excerpt":{"rendered":"<p>Our Rockfish II Catamaran accommodates a maximum of 20 passengers and features a cosy internal undercover cabin area with a large table to seat guests for a lunch or display platters. The uncovered areas have plenty of space to relax on the nets on the bow. Great to sunbake! The catamaran is fitted with a [&hellip;]<\/p>\n","protected":false},"featured_media":11236,"comment_status":"open","ping_status":"closed","template":"","meta":[],"product_brand":[],"product_cat":[97,345],"product_tag":[81],"class_list":{"0":"post-11235","1":"product","2":"type-product","3":"status-publish","4":"has-post-thumbnail","6":"product_cat-australia","7":"product_cat-australia-australia","8":"product_tag-discount-uvc-members-20","11":"instock","12":"shipping-taxable","13":"product-type-simple","14":"product-grid-view"},"_links":{"self":[{"href":"https:\/\/yachtsmembership.com\/es\/wp-json\/wp\/v2\/product\/11235","targetHints":{"allow":["GET"]}}],"collection":[{"href":"https:\/\/yachtsmembership.com\/es\/wp-json\/wp\/v2\/product"}],"about":[{"href":"https:\/\/yachtsmembership.com\/es\/wp-json\/wp\/v2\/types\/product"}],"replies":[{"embeddable":true,"href":"https:\/\/yachtsmembership.com\/es\/wp-json\/wp\/v2\/comments?post=11235"}],"wp:featuredmedia":[{"embeddable":true,"href":"https:\/\/yachtsmembership.com\/es\/wp-json\/wp\/v2\/media\/11236"}],"wp:attachment":[{"href":"https:\/\/yachtsmembership.com\/es\/wp-json\/wp\/v2\/media?parent=11235"}],"wp:term":[{"taxonomy":"product_brand","embeddable":true,"href":"https:\/\/yachtsmembership.com\/es\/wp-json\/wp\/v2\/product_brand?post=11235"},{"taxonomy":"product_cat","embeddable":true,"href":"https:\/\/yachtsmembership.com\/es\/wp-json\/wp\/v2\/product_cat?post=11235"},{"taxonomy":"product_tag","embeddable":true,"href":"https:\/\/yachtsmembership.com\/es\/wp-json\/wp\/v2\/product_tag?post=11235"}],"curies":[{"name":"wp","href":"https:\/\/api.w.org\/{rel}","templated":true}]}}