{"id":11526,"date":"2025-05-12T21:41:33","date_gmt":"2025-05-12T21:41:33","guid":{"rendered":"https:\/\/yachtsmembership.com\/?post_type=product&#038;p=11526"},"modified":"2025-06-02T20:20:05","modified_gmt":"2025-06-02T20:20:05","slug":"luxury-experience-in-hobart-tasmania","status":"publish","type":"product","link":"https:\/\/yachtsmembership.com\/es\/boats\/luxury-experience-in-hobart-tasmania\/","title":{"rendered":"EXPERIENCIA DE LUJO EN HOBART, TASMANIA"},"content":{"rendered":"<p>Ya sea una tarde tranquila navegando por el hermoso r\u00edo Derwent o una traves\u00eda prolongada por algunas de las costas m\u00e1s espectaculares del mundo, \u00a1tenemos el viaje perfecto para usted! A continuaci\u00f3n, encontrar\u00e1 una selecci\u00f3n de ch\u00e1rteres, pero tambi\u00e9n nos complace navegar donde usted prefiera. Todos nuestros ch\u00e1rteres de yates incluyen una tripulaci\u00f3n profesional y amable para garantizar que disfrute al m\u00e1ximo de su viaje. \u00a1Prep\u00e1rese para una experiencia inolvidable y cont\u00e1ctenos hoy mismo!<\/p>","protected":false},"excerpt":{"rendered":"<p>Whether it\u2019s a casual afternoon sail on the beautiful Derwent River or an extended journey around some of the world\u2019s most spectacular coastline, we have a trip to suit you! We have a selection of charters below but we\u2019re also happy to sail wherever you like. All our yacht charters include a professional and friendly [&hellip;]<\/p>\n","protected":false},"featured_media":11527,"comment_status":"open","ping_status":"closed","template":"","meta":[],"product_brand":[],"product_cat":[345,97],"product_tag":[81],"class_list":{"0":"post-11526","1":"product","2":"type-product","3":"status-publish","4":"has-post-thumbnail","6":"product_cat-australia-australia","7":"product_cat-australia","8":"product_tag-discount-uvc-members-20","11":"instock","12":"shipping-taxable","13":"product-type-simple","14":"product-grid-view"},"_links":{"self":[{"href":"https:\/\/yachtsmembership.com\/es\/wp-json\/wp\/v2\/product\/11526","targetHints":{"allow":["GET"]}}],"collection":[{"href":"https:\/\/yachtsmembership.com\/es\/wp-json\/wp\/v2\/product"}],"about":[{"href":"https:\/\/yachtsmembership.com\/es\/wp-json\/wp\/v2\/types\/product"}],"replies":[{"embeddable":true,"href":"https:\/\/yachtsmembership.com\/es\/wp-json\/wp\/v2\/comments?post=11526"}],"wp:featuredmedia":[{"embeddable":true,"href":"https:\/\/yachtsmembership.com\/es\/wp-json\/wp\/v2\/media\/11527"}],"wp:attachment":[{"href":"https:\/\/yachtsmembership.com\/es\/wp-json\/wp\/v2\/media?parent=11526"}],"wp:term":[{"taxonomy":"product_brand","embeddable":true,"href":"https:\/\/yachtsmembership.com\/es\/wp-json\/wp\/v2\/product_brand?post=11526"},{"taxonomy":"product_cat","embeddable":true,"href":"https:\/\/yachtsmembership.com\/es\/wp-json\/wp\/v2\/product_cat?post=11526"},{"taxonomy":"product_tag","embeddable":true,"href":"https:\/\/yachtsmembership.com\/es\/wp-json\/wp\/v2\/product_tag?post=11526"}],"curies":[{"name":"wp","href":"https:\/\/api.w.org\/{rel}","templated":true}]}}