{"id":11752,"date":"2025-05-12T23:28:47","date_gmt":"2025-05-12T23:28:47","guid":{"rendered":"https:\/\/yachtsmembership.com\/?post_type=product&#038;p=11752"},"modified":"2025-06-10T17:27:28","modified_gmt":"2025-06-10T17:27:28","slug":"she-is-truly-a-special-yacht-with-a-very-welcoming-amazing-crew","status":"publish","type":"product","link":"https:\/\/yachtsmembership.com\/es\/boats\/she-is-truly-a-special-yacht-with-a-very-welcoming-amazing-crew\/","title":{"rendered":"\u00a1Es realmente un yate especial con una tripulaci\u00f3n incre\u00edble y muy acogedora!"},"content":{"rendered":"<p>El Azimut es el buque insignia de la l\u00ednea de yates a motor Azimut, el yate de mayor tama\u00f1o de la familia. Es un yate de superlujo, muy espacioso y c\u00f3modo, que ofrece la sensaci\u00f3n de una casa de vacaciones, pero no de un barco. \u00a1Alquile este incre\u00edble yate a motor!<\/p>","protected":false},"excerpt":{"rendered":"<p>El Azimut es el buque insignia de la l\u00ednea de yates a motor Azimut, el yate de mayor tama\u00f1o de la familia. Es un yate de superlujo, muy espacioso y c\u00f3modo, que ofrece la sensaci\u00f3n de una casa de vacaciones, pero no de un barco. \u00a1Alquile este incre\u00edble yate a motor!<\/p>","protected":false},"featured_media":11753,"comment_status":"open","ping_status":"closed","template":"","meta":[],"product_brand":[],"product_cat":[272,116],"product_tag":[81],"class_list":{"0":"post-11752","1":"product","2":"type-product","3":"status-publish","4":"has-post-thumbnail","6":"product_cat-marina-del-rey","7":"product_cat-usa","8":"product_tag-discount-uvc-members-20","11":"instock","12":"shipping-taxable","13":"product-type-simple","14":"product-grid-view"},"_links":{"self":[{"href":"https:\/\/yachtsmembership.com\/es\/wp-json\/wp\/v2\/product\/11752","targetHints":{"allow":["GET"]}}],"collection":[{"href":"https:\/\/yachtsmembership.com\/es\/wp-json\/wp\/v2\/product"}],"about":[{"href":"https:\/\/yachtsmembership.com\/es\/wp-json\/wp\/v2\/types\/product"}],"replies":[{"embeddable":true,"href":"https:\/\/yachtsmembership.com\/es\/wp-json\/wp\/v2\/comments?post=11752"}],"wp:featuredmedia":[{"embeddable":true,"href":"https:\/\/yachtsmembership.com\/es\/wp-json\/wp\/v2\/media\/11753"}],"wp:attachment":[{"href":"https:\/\/yachtsmembership.com\/es\/wp-json\/wp\/v2\/media?parent=11752"}],"wp:term":[{"taxonomy":"product_brand","embeddable":true,"href":"https:\/\/yachtsmembership.com\/es\/wp-json\/wp\/v2\/product_brand?post=11752"},{"taxonomy":"product_cat","embeddable":true,"href":"https:\/\/yachtsmembership.com\/es\/wp-json\/wp\/v2\/product_cat?post=11752"},{"taxonomy":"product_tag","embeddable":true,"href":"https:\/\/yachtsmembership.com\/es\/wp-json\/wp\/v2\/product_tag?post=11752"}],"curies":[{"name":"wp","href":"https:\/\/api.w.org\/{rel}","templated":true}]}}