{"id":11821,"date":"2025-05-12T23:44:35","date_gmt":"2025-05-12T23:44:35","guid":{"rendered":"https:\/\/yachtsmembership.com\/?post_type=product&#038;p=11821"},"modified":"2025-05-19T18:44:20","modified_gmt":"2025-05-19T18:44:20","slug":"yate-de-lujo-hatteras-58-nayarit","status":"publish","type":"product","link":"https:\/\/yachtsmembership.com\/es\/boats\/yate-de-lujo-hatteras-58-nayarit\/","title":{"rendered":"Yate de lujo Hatteras 58 Nayarit"},"content":{"rendered":"<p>Explora la belleza de la Bah\u00eda de Banderas en un cl\u00e1sico yate a motor. Despu\u00e9s de subir a sus Hatteras de 58 pies (17 metros) en el Opequimar Centro Marino o en el muelle p\u00fablico de Paradise Village, podr\u00e1 explorar la belleza natural de Jalisco y Nayarit. Disfrute de playas aisladas, barra libre de bebidas gratuitas, un delicioso almuerzo buf\u00e9 y acceso a un equipo de esqu\u00ed, un kayak y una tabla de surf de remo.<\/p>","protected":false},"excerpt":{"rendered":"<p>Explore la belleza de la Bah\u00eda de Banderas en un cl\u00e1sico yate a motor. Despu\u00e9s de subir a su Hatteras de 58 pies (17 metros) en el Opequimar Centro Marino o en el muelle p\u00fablico de Paradise Village, podr\u00e1 explorar la belleza natural de Jalisco y Nayarit. Disfrute de playas aisladas, barra libre de bebidas [&hellip;]<\/p>\n","protected":false},"featured_media":11826,"comment_status":"open","ping_status":"closed","template":"","meta":[],"product_brand":[],"product_cat":[30,78],"product_tag":[81],"class_list":{"0":"post-11821","1":"product","2":"type-product","3":"status-publish","4":"has-post-thumbnail","6":"product_cat-mexico","7":"product_cat-puerto-vallarta","8":"product_tag-discount-uvc-members-20","11":"instock","12":"sale","13":"shipping-taxable","14":"purchasable","15":"product-type-variable","16":"product-grid-view"},"_links":{"self":[{"href":"https:\/\/yachtsmembership.com\/es\/wp-json\/wp\/v2\/product\/11821","targetHints":{"allow":["GET"]}}],"collection":[{"href":"https:\/\/yachtsmembership.com\/es\/wp-json\/wp\/v2\/product"}],"about":[{"href":"https:\/\/yachtsmembership.com\/es\/wp-json\/wp\/v2\/types\/product"}],"replies":[{"embeddable":true,"href":"https:\/\/yachtsmembership.com\/es\/wp-json\/wp\/v2\/comments?post=11821"}],"wp:featuredmedia":[{"embeddable":true,"href":"https:\/\/yachtsmembership.com\/es\/wp-json\/wp\/v2\/media\/11826"}],"wp:attachment":[{"href":"https:\/\/yachtsmembership.com\/es\/wp-json\/wp\/v2\/media?parent=11821"}],"wp:term":[{"taxonomy":"product_brand","embeddable":true,"href":"https:\/\/yachtsmembership.com\/es\/wp-json\/wp\/v2\/product_brand?post=11821"},{"taxonomy":"product_cat","embeddable":true,"href":"https:\/\/yachtsmembership.com\/es\/wp-json\/wp\/v2\/product_cat?post=11821"},{"taxonomy":"product_tag","embeddable":true,"href":"https:\/\/yachtsmembership.com\/es\/wp-json\/wp\/v2\/product_tag?post=11821"}],"curies":[{"name":"wp","href":"https:\/\/api.w.org\/{rel}","templated":true}]}}