{"id":11827,"date":"2025-05-12T23:47:35","date_gmt":"2025-05-12T23:47:35","guid":{"rendered":"https:\/\/yachtsmembership.com\/?post_type=product&#038;p=11827"},"modified":"2025-06-10T16:29:09","modified_gmt":"2025-06-10T16:29:09","slug":"we-have-been-at-the-service-of-our-customers-with-5-yachts-for-more-than-6-years","status":"publish","type":"product","link":"https:\/\/yachtsmembership.com\/es\/boats\/we-have-been-at-the-service-of-our-customers-with-5-yachts-for-more-than-6-years\/","title":{"rendered":"Llevamos m\u00e1s de 6 a\u00f1os al servicio de nuestros clientes con 5 yates."},"content":{"rendered":"<p>Te llevamos a la isla Nargin en barco. Podr\u00e1s nadar en el mar. Como el transporte es solo en barco, el mar est\u00e1 muy limpio. Tambi\u00e9n puedes pescar si lo deseas, o podemos mostrarte las bellezas de Bak\u00fa con un tour por la ciudad.<\/p>","protected":false},"excerpt":{"rendered":"<p>Te llevamos a la isla Nargin en barco. Podr\u00e1s nadar en el mar. Como el transporte es solo en barco, el mar est\u00e1 muy limpio. Tambi\u00e9n puedes pescar si lo deseas, o podemos mostrarte las bellezas de Bak\u00fa con un tour por la ciudad.<\/p>","protected":false},"featured_media":11832,"comment_status":"open","ping_status":"closed","template":"","meta":[],"product_brand":[],"product_cat":[278,279],"product_tag":[81],"class_list":{"0":"post-11827","1":"product","2":"type-product","3":"status-publish","4":"has-post-thumbnail","6":"product_cat-azerbaijan","7":"product_cat-baki","8":"product_tag-discount-uvc-members-20","11":"instock","12":"sale","13":"shipping-taxable","14":"purchasable","15":"product-type-variable","16":"product-grid-view"},"_links":{"self":[{"href":"https:\/\/yachtsmembership.com\/es\/wp-json\/wp\/v2\/product\/11827","targetHints":{"allow":["GET"]}}],"collection":[{"href":"https:\/\/yachtsmembership.com\/es\/wp-json\/wp\/v2\/product"}],"about":[{"href":"https:\/\/yachtsmembership.com\/es\/wp-json\/wp\/v2\/types\/product"}],"replies":[{"embeddable":true,"href":"https:\/\/yachtsmembership.com\/es\/wp-json\/wp\/v2\/comments?post=11827"}],"wp:featuredmedia":[{"embeddable":true,"href":"https:\/\/yachtsmembership.com\/es\/wp-json\/wp\/v2\/media\/11832"}],"wp:attachment":[{"href":"https:\/\/yachtsmembership.com\/es\/wp-json\/wp\/v2\/media?parent=11827"}],"wp:term":[{"taxonomy":"product_brand","embeddable":true,"href":"https:\/\/yachtsmembership.com\/es\/wp-json\/wp\/v2\/product_brand?post=11827"},{"taxonomy":"product_cat","embeddable":true,"href":"https:\/\/yachtsmembership.com\/es\/wp-json\/wp\/v2\/product_cat?post=11827"},{"taxonomy":"product_tag","embeddable":true,"href":"https:\/\/yachtsmembership.com\/es\/wp-json\/wp\/v2\/product_tag?post=11827"}],"curies":[{"name":"wp","href":"https:\/\/api.w.org\/{rel}","templated":true}]}}