{"id":11903,"date":"2025-05-13T00:01:34","date_gmt":"2025-05-13T00:01:34","guid":{"rendered":"https:\/\/yachtsmembership.com\/?post_type=product&#038;p=11903"},"modified":"2025-06-04T19:24:22","modified_gmt":"2025-06-04T19:24:22","slug":"enjoy-the-pristine-waters-around-latchi-the-akamas-peninsula","status":"publish","type":"product","link":"https:\/\/yachtsmembership.com\/es\/boats\/enjoy-the-pristine-waters-around-latchi-the-akamas-peninsula\/","title":{"rendered":"Disfrute de las aguas cristalinas alrededor de Latchi y la pen\u00ednsula de Akamas."},"content":{"rendered":"<p>Sube a bordo de este ch\u00e1rter privado con hasta 10 de tus personas favoritas. El capit\u00e1n saldr\u00e1 del puerto y navegar\u00e1 por el Parque Nacional de Akamas, donde podr\u00e1s disfrutar de impresionantes vistas y paisajes espectaculares. Explora los manantiales naturales, los Ba\u00f1os de Afrodita, sum\u00e9rgete en la Laguna Azul y observa una manada de cabras montesas en lo alto y tortugas rompiendo la superficie del agua. \u00a1Una puesta de sol espectacular, garantizada, justo en la punta de la pen\u00ednsula!<\/p>","protected":false},"excerpt":{"rendered":"<p>Climb aboard this private charter with up to 10 of your favourite people. The captain will leave the harbour and head up and along the Akamas National Park, where you can enjoy breath taking views and stunning scenery. Explore the natural springs, Baths of Aphrodite, jump in the Blue Lagoon and spot a heard of [&hellip;]<\/p>\n","protected":false},"featured_media":11906,"comment_status":"open","ping_status":"closed","template":"","meta":[],"product_brand":[],"product_cat":[223,350],"product_tag":[81],"class_list":{"0":"post-11903","1":"product","2":"type-product","3":"status-publish","4":"has-post-thumbnail","6":"product_cat-chipre","7":"product_cat-chipre-chipre","8":"product_tag-discount-uvc-members-20","11":"instock","12":"sale","13":"shipping-taxable","14":"purchasable","15":"product-type-variable","16":"product-grid-view"},"_links":{"self":[{"href":"https:\/\/yachtsmembership.com\/es\/wp-json\/wp\/v2\/product\/11903","targetHints":{"allow":["GET"]}}],"collection":[{"href":"https:\/\/yachtsmembership.com\/es\/wp-json\/wp\/v2\/product"}],"about":[{"href":"https:\/\/yachtsmembership.com\/es\/wp-json\/wp\/v2\/types\/product"}],"replies":[{"embeddable":true,"href":"https:\/\/yachtsmembership.com\/es\/wp-json\/wp\/v2\/comments?post=11903"}],"wp:featuredmedia":[{"embeddable":true,"href":"https:\/\/yachtsmembership.com\/es\/wp-json\/wp\/v2\/media\/11906"}],"wp:attachment":[{"href":"https:\/\/yachtsmembership.com\/es\/wp-json\/wp\/v2\/media?parent=11903"}],"wp:term":[{"taxonomy":"product_brand","embeddable":true,"href":"https:\/\/yachtsmembership.com\/es\/wp-json\/wp\/v2\/product_brand?post=11903"},{"taxonomy":"product_cat","embeddable":true,"href":"https:\/\/yachtsmembership.com\/es\/wp-json\/wp\/v2\/product_cat?post=11903"},{"taxonomy":"product_tag","embeddable":true,"href":"https:\/\/yachtsmembership.com\/es\/wp-json\/wp\/v2\/product_tag?post=11903"}],"curies":[{"name":"wp","href":"https:\/\/api.w.org\/{rel}","templated":true}]}}