{"id":11918,"date":"2025-05-13T00:04:49","date_gmt":"2025-05-13T00:04:49","guid":{"rendered":"https:\/\/yachtsmembership.com\/?post_type=product&#038;p=11918"},"modified":"2025-06-04T19:39:02","modified_gmt":"2025-06-04T19:39:02","slug":"the-cork-trick-is-a-very-comfortable-yacht-its-outdoor-spaces-are-great","status":"publish","type":"product","link":"https:\/\/yachtsmembership.com\/es\/boats\/the-cork-trick-is-a-very-comfortable-yacht-its-outdoor-spaces-are-great\/","title":{"rendered":"El Cork Trick es un yate muy c\u00f3modo, sus espacios exteriores son geniales!"},"content":{"rendered":"<p>Debes saber que esta embarcaci\u00f3n cuenta con un flybridge con asientos donde puedes sentarte y disfrutar de vistas panor\u00e1micas de la ruta desde otra perspectiva. Adem\u00e1s, cuenta con un amplio espacio en proa con tumbonas para broncearte o simplemente disfrutar del sol, y una plataforma de ba\u00f1o en popa. Adem\u00e1s, cuenta con dos salones exteriores y un sal\u00f3n interior con amplios asientos, cocina completa, 3 dormitorios y 2 ba\u00f1os.<\/p>","protected":false},"excerpt":{"rendered":"<p>You should know that this boat has a flybridge with seats where you can sit and have panoramic views of the route from another perspective; In addition, it has ample space in the bow with sunbeds where you can lie down and get a tan or simply soak up the sun&#8217;s rays and a stern [&hellip;]<\/p>\n","protected":false},"featured_media":11920,"comment_status":"open","ping_status":"closed","template":"","meta":[],"product_brand":[],"product_cat":[193,192],"product_tag":[81],"class_list":{"0":"post-11918","1":"product","2":"type-product","3":"status-publish","4":"has-post-thumbnail","6":"product_cat-cartagena","7":"product_cat-colombia","8":"product_tag-discount-uvc-members-20","11":"instock","12":"sale","13":"shipping-taxable","14":"purchasable","15":"product-type-variable","16":"product-grid-view"},"_links":{"self":[{"href":"https:\/\/yachtsmembership.com\/es\/wp-json\/wp\/v2\/product\/11918","targetHints":{"allow":["GET"]}}],"collection":[{"href":"https:\/\/yachtsmembership.com\/es\/wp-json\/wp\/v2\/product"}],"about":[{"href":"https:\/\/yachtsmembership.com\/es\/wp-json\/wp\/v2\/types\/product"}],"replies":[{"embeddable":true,"href":"https:\/\/yachtsmembership.com\/es\/wp-json\/wp\/v2\/comments?post=11918"}],"wp:featuredmedia":[{"embeddable":true,"href":"https:\/\/yachtsmembership.com\/es\/wp-json\/wp\/v2\/media\/11920"}],"wp:attachment":[{"href":"https:\/\/yachtsmembership.com\/es\/wp-json\/wp\/v2\/media?parent=11918"}],"wp:term":[{"taxonomy":"product_brand","embeddable":true,"href":"https:\/\/yachtsmembership.com\/es\/wp-json\/wp\/v2\/product_brand?post=11918"},{"taxonomy":"product_cat","embeddable":true,"href":"https:\/\/yachtsmembership.com\/es\/wp-json\/wp\/v2\/product_cat?post=11918"},{"taxonomy":"product_tag","embeddable":true,"href":"https:\/\/yachtsmembership.com\/es\/wp-json\/wp\/v2\/product_tag?post=11918"}],"curies":[{"name":"wp","href":"https:\/\/api.w.org\/{rel}","templated":true}]}}