{"id":12150,"date":"2025-05-13T01:00:14","date_gmt":"2025-05-13T01:00:14","guid":{"rendered":"https:\/\/yachtsmembership.com\/?post_type=product&#038;p=12150"},"modified":"2025-05-19T18:44:18","modified_gmt":"2025-05-19T18:44:18","slug":"palma-is-tailor-made-for-intimate-gatherings-and-smaller-groups","status":"publish","type":"product","link":"https:\/\/yachtsmembership.com\/es\/boats\/palma-is-tailor-made-for-intimate-gatherings-and-smaller-groups\/","title":{"rendered":"Palma est\u00e1 hecha a medida para reuniones \u00edntimas y grupos m\u00e1s peque\u00f1os."},"content":{"rendered":"<p>Disfrute de la espaciosa distribuci\u00f3n, que le permitir\u00e1 disfrutar de una experiencia acogedora y placentera mientras navega por las aguas azules. Disfrute de la combinaci\u00f3n perfecta de comodidad y estilo a bordo del Searay Sundancer de 11,3 metros, donde cada momento se convierte en un recuerdo ba\u00f1ado por el sol.<\/p>","protected":false},"excerpt":{"rendered":"<p>Disfrute de la espaciosa distribuci\u00f3n, que le permitir\u00e1 disfrutar de una experiencia acogedora y placentera mientras navega por las aguas azules. Disfrute de la combinaci\u00f3n perfecta de comodidad y estilo a bordo del Searay Sundancer de 11,3 metros, donde cada momento se convierte en un recuerdo ba\u00f1ado por el sol.<\/p>","protected":false},"featured_media":12151,"comment_status":"open","ping_status":"closed","template":"","meta":[],"product_brand":[],"product_cat":[141],"product_tag":[81],"class_list":{"0":"post-12150","1":"product","2":"type-product","3":"status-publish","4":"has-post-thumbnail","6":"product_cat-montejo-bay","7":"product_tag-discount-uvc-members-20","10":"instock","11":"shipping-taxable","12":"product-type-simple","13":"product-grid-view"},"_links":{"self":[{"href":"https:\/\/yachtsmembership.com\/es\/wp-json\/wp\/v2\/product\/12150","targetHints":{"allow":["GET"]}}],"collection":[{"href":"https:\/\/yachtsmembership.com\/es\/wp-json\/wp\/v2\/product"}],"about":[{"href":"https:\/\/yachtsmembership.com\/es\/wp-json\/wp\/v2\/types\/product"}],"replies":[{"embeddable":true,"href":"https:\/\/yachtsmembership.com\/es\/wp-json\/wp\/v2\/comments?post=12150"}],"wp:featuredmedia":[{"embeddable":true,"href":"https:\/\/yachtsmembership.com\/es\/wp-json\/wp\/v2\/media\/12151"}],"wp:attachment":[{"href":"https:\/\/yachtsmembership.com\/es\/wp-json\/wp\/v2\/media?parent=12150"}],"wp:term":[{"taxonomy":"product_brand","embeddable":true,"href":"https:\/\/yachtsmembership.com\/es\/wp-json\/wp\/v2\/product_brand?post=12150"},{"taxonomy":"product_cat","embeddable":true,"href":"https:\/\/yachtsmembership.com\/es\/wp-json\/wp\/v2\/product_cat?post=12150"},{"taxonomy":"product_tag","embeddable":true,"href":"https:\/\/yachtsmembership.com\/es\/wp-json\/wp\/v2\/product_tag?post=12150"}],"curies":[{"name":"wp","href":"https:\/\/api.w.org\/{rel}","templated":true}]}}