{"id":12638,"date":"2025-05-22T16:37:54","date_gmt":"2025-05-22T16:37:54","guid":{"rendered":"https:\/\/yachtsmembership.com\/?post_type=product&#038;p=12638"},"modified":"2025-06-06T20:11:09","modified_gmt":"2025-06-06T20:11:09","slug":"private-charter-aboard-gulet-kelsea","status":"publish","type":"product","link":"https:\/\/yachtsmembership.com\/es\/boats\/private-charter-aboard-gulet-kelsea\/","title":{"rendered":"Ch\u00e1rter privado a bordo de la goleta KelSea"},"content":{"rendered":"<p>Gulet KelSea is a 15 metre Turkish Gulet, a wooden classic yacht custom built in Bodrum Turkey and is one of the most comfortable vessels out there. Whether you want to explore the hidden bays of the Maltese Islands, swim in crystal clear waters or stay on the gulet all day soaking up the sunshine and drinking cocktails.<\/p>\n<p>Step aboard our custom built Gulet for a truly memorable experience exploring the Maltese coastal waters and the surrounding islands. Gulets provide for a one of a kind experience where one can relax and unwind whilst cruising one of the Mediterranean&#8217;s most idyllic cruising areas.<\/p>\n<p>Take your mind off work and stress, and enjoy the crystal clear waters surrounding the Maltese Islands.<\/p>\n<p>We also offer Evening Charters, custom charters for Special Occasions and Night Harbour Cruises.<\/p>\n<p>All charters can be tailor-made to fit the guests&#8217; wishes.<\/p>\n<p>Si tiene alguna pregunta, podemos responderla a trav\u00e9s de la plataforma de mensajer\u00eda de GetMyBoat antes de pagar. Simplemente haga clic en &quot;Enviar solicitud de reserva&quot; y env\u00edenos una solicitud para recibir una oferta personalizada.<\/p>","protected":false},"excerpt":{"rendered":"<p>Gulet KelSea is a 15 metre Turkish Gulet, a wooden classic yacht custom built in Bodrum Turkey and is one of the most comfortable vessels out there. Whether you want to explore the hidden bays of the Maltese Islands, swim in crystal clear waters or stay on the gulet all day soaking up the sunshine [&hellip;]<\/p>\n","protected":false},"featured_media":12686,"comment_status":"open","ping_status":"closed","template":"","meta":[],"product_brand":[],"product_cat":[225],"product_tag":[],"class_list":{"0":"post-12638","1":"product","2":"type-product","3":"status-publish","4":"has-post-thumbnail","6":"product_cat-malta","9":"instock","10":"shipping-taxable","11":"product-type-simple","12":"product-grid-view"},"_links":{"self":[{"href":"https:\/\/yachtsmembership.com\/es\/wp-json\/wp\/v2\/product\/12638","targetHints":{"allow":["GET"]}}],"collection":[{"href":"https:\/\/yachtsmembership.com\/es\/wp-json\/wp\/v2\/product"}],"about":[{"href":"https:\/\/yachtsmembership.com\/es\/wp-json\/wp\/v2\/types\/product"}],"replies":[{"embeddable":true,"href":"https:\/\/yachtsmembership.com\/es\/wp-json\/wp\/v2\/comments?post=12638"}],"wp:featuredmedia":[{"embeddable":true,"href":"https:\/\/yachtsmembership.com\/es\/wp-json\/wp\/v2\/media\/12686"}],"wp:attachment":[{"href":"https:\/\/yachtsmembership.com\/es\/wp-json\/wp\/v2\/media?parent=12638"}],"wp:term":[{"taxonomy":"product_brand","embeddable":true,"href":"https:\/\/yachtsmembership.com\/es\/wp-json\/wp\/v2\/product_brand?post=12638"},{"taxonomy":"product_cat","embeddable":true,"href":"https:\/\/yachtsmembership.com\/es\/wp-json\/wp\/v2\/product_cat?post=12638"},{"taxonomy":"product_tag","embeddable":true,"href":"https:\/\/yachtsmembership.com\/es\/wp-json\/wp\/v2\/product_tag?post=12638"}],"curies":[{"name":"wp","href":"https:\/\/api.w.org\/{rel}","templated":true}]}}