{"id":12740,"date":"2025-05-22T17:03:02","date_gmt":"2025-05-22T17:03:02","guid":{"rendered":"https:\/\/yachtsmembership.com\/?post_type=product&#038;p=12740"},"modified":"2025-05-22T17:03:02","modified_gmt":"2025-05-22T17:03:02","slug":"cornelia-luxury-yacht-cruiser-premium-blue-lagoon-charters-in-protaras-cyprus","status":"publish","type":"product","link":"https:\/\/yachtsmembership.com\/es\/boats\/cornelia-luxury-yacht-cruiser-premium-blue-lagoon-charters-in-protaras-cyprus\/","title":{"rendered":"Yate de lujo Cornelia: alquiler premium en la Laguna Azul en Protaras, Chipre"},"content":{"rendered":"<p>El yate VOLVO de 2 x 260 HP se puede alquilar desde Protaras para un viaje guiado de tres o seis horas por el transparente mar Mediterr\u00e1neo. Cabo Greco, la ciudad fantasma de Famagusta, a lo largo de la costa de Protaras, son algunas de las impresionantes vistas que el capit\u00e1n le llevar\u00e1. La estaci\u00f3n de la laguna azul le brindar\u00e1 la oportunidad de nadar en las aguas extremadamente limpias de Protaras. \u2022 Hora: 250 euros Qu\u00e9 esperar a bordo: \u00a1Nuestro Cranchi 39 Endurance es un magn\u00edfico barco a motor con un dise\u00f1o que resalta la diversi\u00f3n bajo el sol! Con una eslora de 39 pies (11,9 metros) y una manga de 11,5 pies (3,5 metros), este yate de alquiler en Chipre, Protaras, le brinda la comodidad deseada para que se siente, se relaje y disfrute del viaje mientras nuestro entusiasta patr\u00f3n lo gu\u00eda por algunas de las aguas transparentes m\u00e1s impresionantes que el Mediterr\u00e1neo comparte generosamente con nosotros durante el extraordinario verano en la isla. Especificaci\u00f3n \u2022 Motor: 2 x 260 hp Volvo Penta \u2022 A\u00f1o: 2000 \u2022 Eslora: 12 metros (39 pies) \u2022 Ba\u00f1o: 1 \u2022 Manga: 3,80 metros \u2022 Ducha: 2 \u2022 Tanque de combustible: 800 litros \u2022 Camarote: 2\/4 literas \u2022 Tanque de agua dulce: 300 litros Servicios \u2022 Chalecos salvavidas \u2022 Equipo necesario \u2022 Aire acondicionado \u2022 Cabina central \u2022 Piloto autom\u00e1tico \u2022 Control de climatizaci\u00f3n \u2022 Nevera \u2022 TV \u2022 Generador Si tiene alguna pregunta, podemos responderla a trav\u00e9s de la plataforma de mensajer\u00eda de GetMyBoat antes de pagar. Simplemente haga clic en &quot;Solicitar reserva&quot; y env\u00edenos una consulta para obtener una oferta personalizada.<\/p>","protected":false},"excerpt":{"rendered":"<p>The\u00a0 2 x 260 HP VOLVO yacht can be rented from Protaras for a three or six hours guided trip in the transparent Mediterranean sea.Cape Greco, Ghost city of Famagusta, along the coastline of Protaras, are some of the breath &#8211; taking views which the captain will take you to.\u00a0 The blue lagoon station will [&hellip;]<\/p>\n","protected":false},"featured_media":12761,"comment_status":"open","ping_status":"closed","template":"","meta":[],"product_brand":[],"product_cat":[223,296],"product_tag":[],"class_list":{"0":"post-12740","1":"product","2":"type-product","3":"status-publish","4":"has-post-thumbnail","6":"product_cat-chipre","7":"product_cat-paralimni","10":"instock","11":"shipping-taxable","12":"product-type-simple","13":"product-grid-view"},"_links":{"self":[{"href":"https:\/\/yachtsmembership.com\/es\/wp-json\/wp\/v2\/product\/12740","targetHints":{"allow":["GET"]}}],"collection":[{"href":"https:\/\/yachtsmembership.com\/es\/wp-json\/wp\/v2\/product"}],"about":[{"href":"https:\/\/yachtsmembership.com\/es\/wp-json\/wp\/v2\/types\/product"}],"replies":[{"embeddable":true,"href":"https:\/\/yachtsmembership.com\/es\/wp-json\/wp\/v2\/comments?post=12740"}],"wp:featuredmedia":[{"embeddable":true,"href":"https:\/\/yachtsmembership.com\/es\/wp-json\/wp\/v2\/media\/12761"}],"wp:attachment":[{"href":"https:\/\/yachtsmembership.com\/es\/wp-json\/wp\/v2\/media?parent=12740"}],"wp:term":[{"taxonomy":"product_brand","embeddable":true,"href":"https:\/\/yachtsmembership.com\/es\/wp-json\/wp\/v2\/product_brand?post=12740"},{"taxonomy":"product_cat","embeddable":true,"href":"https:\/\/yachtsmembership.com\/es\/wp-json\/wp\/v2\/product_cat?post=12740"},{"taxonomy":"product_tag","embeddable":true,"href":"https:\/\/yachtsmembership.com\/es\/wp-json\/wp\/v2\/product_tag?post=12740"}],"curies":[{"name":"wp","href":"https:\/\/api.w.org\/{rel}","templated":true}]}}