{"id":12872,"date":"2025-05-22T17:30:06","date_gmt":"2025-05-22T17:30:06","guid":{"rendered":"https:\/\/yachtsmembership.com\/?post_type=product&#038;p=12872"},"modified":"2025-06-04T19:25:27","modified_gmt":"2025-06-04T19:25:27","slug":"deep-blue-is-45-ft-brichwood-motor-yacht-charter-for-24-people-in-larnacacyprus","status":"publish","type":"product","link":"https:\/\/yachtsmembership.com\/es\/boats\/deep-blue-is-45-ft-brichwood-motor-yacht-charter-for-24-people-in-larnacacyprus\/","title":{"rendered":"DEEP BLUE IS Alquiler de yate a motor Brichwood de 45 pies para 24 personas en Larnaca, Chipre"},"content":{"rendered":"<p>Incre\u00edble paseo en barco para 24 personas a bordo de una lancha motora Brichwood de 45 pies, \u00a1lista para reservar desde Larnaca, Chipre! Desde 150 \u20ac por hora y con un alquiler m\u00ednimo recomendado de 3 horas. Descubra la hermosa regi\u00f3n de Larnaca y la ciudad desde el agua. Ya sea para unas vacaciones en familia o con amigos, \u00a1este es el barco perfecto para relajarse y desconectar! Disfrute del sol y la comodidad de este crucero. Prep\u00e1rese para una experiencia \u00fanica, donde usted elige el itinerario o perm\u00edtanos ayudarle a dise\u00f1ar el paseo en barco perfecto. El barco se alquila con capit\u00e1n para su comodidad. Este es el barco perfecto para descubrir la bah\u00eda de Larnaca. Es c\u00f3modo y pr\u00e1ctico para ir a lugares solo accesibles por agua. Su salida ser\u00e1 desde Larnaca Marina y est\u00e1 cerca de muchos lugares de f\u00e1cil acceso para nadar (Finikoudes y playa Mackenzy). Realizamos excursiones de snorkel al famoso naufragio de Zenobia. Tambi\u00e9n ofrecemos todo tipo de deportes acu\u00e1ticos: moto acu\u00e1tica, parasailing, sof\u00e1 loco, reuni\u00f3n de bodas, cruceros de despedida de soltero y soltera, cumplea\u00f1os, aniversario, propuesta, amigos y familiares, alquiler de tiempo precioso<\/p>","protected":false},"excerpt":{"rendered":"<p>Amazing 24 person boat tour aboard a 45&#8242;\u00a0Brichwood power boat ready to book out of Larnaca, Cyprus! Starting at \u20ac150EUR per hour and a preferred minimum rental of 3 hours.\u00a0 Discover the gorgeous region of\u00a0Larnaca and the city by the water. Whether for a family vacation or with friends, this is the perfect boat to [&hellip;]<\/p>\n","protected":false},"featured_media":12899,"comment_status":"open","ping_status":"closed","template":"","meta":[],"product_brand":[],"product_cat":[223,350],"product_tag":[],"class_list":{"0":"post-12872","1":"product","2":"type-product","3":"status-publish","4":"has-post-thumbnail","6":"product_cat-chipre","7":"product_cat-chipre-chipre","10":"instock","11":"shipping-taxable","12":"product-type-simple","13":"product-grid-view"},"_links":{"self":[{"href":"https:\/\/yachtsmembership.com\/es\/wp-json\/wp\/v2\/product\/12872","targetHints":{"allow":["GET"]}}],"collection":[{"href":"https:\/\/yachtsmembership.com\/es\/wp-json\/wp\/v2\/product"}],"about":[{"href":"https:\/\/yachtsmembership.com\/es\/wp-json\/wp\/v2\/types\/product"}],"replies":[{"embeddable":true,"href":"https:\/\/yachtsmembership.com\/es\/wp-json\/wp\/v2\/comments?post=12872"}],"wp:featuredmedia":[{"embeddable":true,"href":"https:\/\/yachtsmembership.com\/es\/wp-json\/wp\/v2\/media\/12899"}],"wp:attachment":[{"href":"https:\/\/yachtsmembership.com\/es\/wp-json\/wp\/v2\/media?parent=12872"}],"wp:term":[{"taxonomy":"product_brand","embeddable":true,"href":"https:\/\/yachtsmembership.com\/es\/wp-json\/wp\/v2\/product_brand?post=12872"},{"taxonomy":"product_cat","embeddable":true,"href":"https:\/\/yachtsmembership.com\/es\/wp-json\/wp\/v2\/product_cat?post=12872"},{"taxonomy":"product_tag","embeddable":true,"href":"https:\/\/yachtsmembership.com\/es\/wp-json\/wp\/v2\/product_tag?post=12872"}],"curies":[{"name":"wp","href":"https:\/\/api.w.org\/{rel}","templated":true}]}}