{"id":12964,"date":"2025-05-22T17:34:30","date_gmt":"2025-05-22T17:34:30","guid":{"rendered":"https:\/\/yachtsmembership.com\/?post_type=product&#038;p=12964"},"modified":"2025-06-04T19:22:42","modified_gmt":"2025-06-04T19:22:42","slug":"j80-sailboat-experience-in-st-raphael-marina-limassol-captain-included","status":"publish","type":"product","link":"https:\/\/yachtsmembership.com\/es\/boats\/j80-sailboat-experience-in-st-raphael-marina-limassol-captain-included\/","title":{"rendered":"Experiencia en velero J80 en St Raphael Marina, Limassol (Capit\u00e1n incluido)"},"content":{"rendered":"<p>SAILING WORLD calific\u00f3 al J\/80 como m\u00e1s f\u00e1cil de manejar, menos intimidante, m\u00e1s seguro y m\u00e1s adecuado para navegar en alta mar que otros barcos deportivos modernos probados. Gracias a su quilla fija de plomo de 1400 lb (relaci\u00f3n de lastre 48%), el J\/80 se siente como un barco grande y requiere una tripulaci\u00f3n menos experimentada. La botavara es alta para mayor seguridad y buena visibilidad. Nadie tiene que trepar por encima de la parte superior de la cabina porque todos se sientan en la ba\u00f1era de 12 pies de largo. Navega en 3 minutos. Quita la cubierta de la botavara e iza la vela mayor, sujeta al m\u00e1stil con correderas. Suelta. Ahora navegas m\u00e1s r\u00e1pido que otros barcos con lona completa. Orientado a la regata, el J80 es el estilo ideal y tiene la mejor atm\u00f3sfera y condiciones para aprender las habilidades de la navegaci\u00f3n, mientras mantienes el inter\u00e9s con su movimiento r\u00e1pido. Tambi\u00e9n es genial para aprender a gobernar y maniobrar. Puedes alquilar un J80 de 2012 amarrado en la Marina de San Rafael, Limassol, Chipre. Cont\u00e1ctanos para consultar la disponibilidad de un patr\u00f3n. Receta para un J80: \u00a1Deber\u00edas tomarte unas vitaminas marinas! Si tienes alguna pregunta, podemos responderte a trav\u00e9s de la plataforma de mensajer\u00eda GetMyBoat antes de que pagues. Simplemente haz clic en &quot;Solicitar reserva&quot; y env\u00edanos una consulta para recibir una oferta personalizada.<\/p>","protected":false},"excerpt":{"rendered":"<p>SAILING WORLD rated J\/80 as easier to handle, less intimidating, safer and better suited for sailing offshore than other modern sport boats tested. Thanks to its 1400lb. Fixed lead keel (48% ballast ratio) J\/80 has big-boat feel and requires less experienced crew. The boom is high for safety and good visibility. No one has to [&hellip;]<\/p>\n","protected":false},"featured_media":12977,"comment_status":"open","ping_status":"closed","template":"","meta":[],"product_brand":[],"product_cat":[223,350],"product_tag":[],"class_list":{"0":"post-12964","1":"product","2":"type-product","3":"status-publish","4":"has-post-thumbnail","6":"product_cat-chipre","7":"product_cat-chipre-chipre","10":"instock","11":"shipping-taxable","12":"product-type-simple","13":"product-grid-view"},"_links":{"self":[{"href":"https:\/\/yachtsmembership.com\/es\/wp-json\/wp\/v2\/product\/12964","targetHints":{"allow":["GET"]}}],"collection":[{"href":"https:\/\/yachtsmembership.com\/es\/wp-json\/wp\/v2\/product"}],"about":[{"href":"https:\/\/yachtsmembership.com\/es\/wp-json\/wp\/v2\/types\/product"}],"replies":[{"embeddable":true,"href":"https:\/\/yachtsmembership.com\/es\/wp-json\/wp\/v2\/comments?post=12964"}],"wp:featuredmedia":[{"embeddable":true,"href":"https:\/\/yachtsmembership.com\/es\/wp-json\/wp\/v2\/media\/12977"}],"wp:attachment":[{"href":"https:\/\/yachtsmembership.com\/es\/wp-json\/wp\/v2\/media?parent=12964"}],"wp:term":[{"taxonomy":"product_brand","embeddable":true,"href":"https:\/\/yachtsmembership.com\/es\/wp-json\/wp\/v2\/product_brand?post=12964"},{"taxonomy":"product_cat","embeddable":true,"href":"https:\/\/yachtsmembership.com\/es\/wp-json\/wp\/v2\/product_cat?post=12964"},{"taxonomy":"product_tag","embeddable":true,"href":"https:\/\/yachtsmembership.com\/es\/wp-json\/wp\/v2\/product_tag?post=12964"}],"curies":[{"name":"wp","href":"https:\/\/api.w.org\/{rel}","templated":true}]}}