{"id":13006,"date":"2025-05-22T17:45:28","date_gmt":"2025-05-22T17:45:28","guid":{"rendered":"https:\/\/yachtsmembership.com\/?post_type=product&#038;p=13006"},"modified":"2025-06-04T19:21:32","modified_gmt":"2025-06-04T19:21:32","slug":"cruising-monohull-trips-in-larnaca-cyprus","status":"publish","type":"product","link":"https:\/\/yachtsmembership.com\/es\/boats\/cruising-monohull-trips-in-larnaca-cyprus\/","title":{"rendered":"Excursiones en monocasco en Larnaca, Chipre"},"content":{"rendered":"<p>Alquile su propio yate privado y patr\u00f3n por un d\u00eda - Navegaci\u00f3n de d\u00eda - Cruceros nocturnos - Ch\u00e1rter de fin de semana - Nataci\u00f3n - Excursiones de pesca Crucero de d\u00eda Rel\u00e1jese y disfrute de un placentero crucero con familiares y amigos a bordo de nuestro yate de vela de 38 pies, Annanee. Tome el sol o rel\u00e1jese bajo la frescura del bimini mientras su patr\u00f3n lo lleva a lo largo de la costa de Larnaca hasta Agia Napa. Parando para un almuerzo ligero y refrescos, puede disfrutar de un acogedor ba\u00f1o en las cristalinas aguas azules de una bah\u00eda aislada. \u00a1Un gran d\u00eda! Crucero nocturno Una velada rom\u00e1ntica para dos o una relajante navegaci\u00f3n nocturna con familiares y amigos Lejos de las multitudes y el bullicio de la ciudad de Larnaca, suba a bordo del S\/Y Annanee y perm\u00edtanos llevarlo a un encantador crucero nocturno. Mientras el sol se pone y las luces de la costa de Larnaca brillan en la distancia, navegue hacia la paz y la tranquilidad mientras disfruta de aperitivos y bebidas. Si desea experimentar la navegaci\u00f3n a vela, su patr\u00f3n estar\u00e1 encantado de ense\u00f1arle las reglas y darle consejos b\u00e1sicos. PRECIOS: Crucero de un d\u00eda: D\u00eda completo (aprox. 6 h): 1 TP4T450.00; Medio d\u00eda (aprox. 4 h): 1 TP4T350.00. El precio incluye almuerzo ligero y refrescos (IVA). Crucero nocturno (2 h): 1 TP4T200.00, incluye aperitivos y refrescos (IVA).<\/p>","protected":false},"excerpt":{"rendered":"<p>Charter your own private yacht and skipper for the day &#8211; Day Sailing &#8211; Evening Cruises &#8211; Weekend Charter &#8211; Swimming &#8211; Fishing trips Day cruise Unwind and enjoy a pleasurable cruise with family and friends onboard our 38ft sailing yacht, Annanee. Soak up the sun or relax under the coolness of the bimini while [&hellip;]<\/p>\n","protected":false},"featured_media":13021,"comment_status":"open","ping_status":"closed","template":"","meta":[],"product_brand":[],"product_cat":[223,350],"product_tag":[],"class_list":{"0":"post-13006","1":"product","2":"type-product","3":"status-publish","4":"has-post-thumbnail","6":"product_cat-chipre","7":"product_cat-chipre-chipre","10":"instock","11":"shipping-taxable","12":"product-type-simple","13":"product-grid-view"},"_links":{"self":[{"href":"https:\/\/yachtsmembership.com\/es\/wp-json\/wp\/v2\/product\/13006","targetHints":{"allow":["GET"]}}],"collection":[{"href":"https:\/\/yachtsmembership.com\/es\/wp-json\/wp\/v2\/product"}],"about":[{"href":"https:\/\/yachtsmembership.com\/es\/wp-json\/wp\/v2\/types\/product"}],"replies":[{"embeddable":true,"href":"https:\/\/yachtsmembership.com\/es\/wp-json\/wp\/v2\/comments?post=13006"}],"wp:featuredmedia":[{"embeddable":true,"href":"https:\/\/yachtsmembership.com\/es\/wp-json\/wp\/v2\/media\/13021"}],"wp:attachment":[{"href":"https:\/\/yachtsmembership.com\/es\/wp-json\/wp\/v2\/media?parent=13006"}],"wp:term":[{"taxonomy":"product_brand","embeddable":true,"href":"https:\/\/yachtsmembership.com\/es\/wp-json\/wp\/v2\/product_brand?post=13006"},{"taxonomy":"product_cat","embeddable":true,"href":"https:\/\/yachtsmembership.com\/es\/wp-json\/wp\/v2\/product_cat?post=13006"},{"taxonomy":"product_tag","embeddable":true,"href":"https:\/\/yachtsmembership.com\/es\/wp-json\/wp\/v2\/product_tag?post=13006"}],"curies":[{"name":"wp","href":"https:\/\/api.w.org\/{rel}","templated":true}]}}