{"id":13027,"date":"2025-05-22T17:48:07","date_gmt":"2025-05-22T17:48:07","guid":{"rendered":"https:\/\/yachtsmembership.com\/?post_type=product&#038;p=13027"},"modified":"2025-06-04T19:21:00","modified_gmt":"2025-06-04T19:21:00","slug":"2020-brychwood-for-zebobia-wreck-diving-trip","status":"publish","type":"product","link":"https:\/\/yachtsmembership.com\/es\/boats\/2020-brychwood-for-zebobia-wreck-diving-trip\/","title":{"rendered":"Viaje de buceo al naufragio de Zebobia de Brychwood 2020"},"content":{"rendered":"<p>\u00bfBuscas una experiencia \u00fanica y original en Larnaka? No busques m\u00e1s: EXPLORER N (Zenobia Divers Vessel) es la soluci\u00f3n. Un barco \u00fanico con un equipo de expertos listos para hacerte vivir la experiencia de tu vida. Con base en el puerto pesquero de Larnaka, EXPLORER N (Zenobia Divers Vessel) ofrece una gama de actividades para todo tipo de aventureros, desde snorkel y buceo hasta puestas de sol y mucho m\u00e1s. Ofrecemos: 1. Snorkel para un pasajero; 2. Bautizos (tu primera experiencia de buceo con equipo de buceo). Todas estas actividades se realizan en el famoso pecio Zenobia; 3. Buceo recreativo (nivel Open Water Diver y superior). Horario: de 8:30 a 10:30; 4. Inmersiones t\u00e9cnicas: de 11:30 a 13:00; 5. Excursiones para apnea; 5. Ch\u00e1rteres privados con nuestro EXPLORER N (cumplea\u00f1os, despedidas de soltero, cualquier evento); 6. Atardeceres: precio especial de 5 euros por persona (se requiere reserva).<\/p>","protected":false},"excerpt":{"rendered":"<p>Looking for a unique, offbeat experience in Larnaka? Look no further than EXPLORER N ( Zenobia Divers Vessel ), a one-of-a-kind vessel with a team of cool experts ready to show you the time of your life. Based in the fishing port of Larnaka, EXPLORER N ( Zenobia Divers Vessel ) offers a range of [&hellip;]<\/p>\n","protected":false},"featured_media":13028,"comment_status":"open","ping_status":"closed","template":"","meta":[],"product_brand":[],"product_cat":[223,350],"product_tag":[],"class_list":{"0":"post-13027","1":"product","2":"type-product","3":"status-publish","4":"has-post-thumbnail","6":"product_cat-chipre","7":"product_cat-chipre-chipre","10":"instock","11":"shipping-taxable","12":"product-type-simple","13":"product-grid-view"},"_links":{"self":[{"href":"https:\/\/yachtsmembership.com\/es\/wp-json\/wp\/v2\/product\/13027","targetHints":{"allow":["GET"]}}],"collection":[{"href":"https:\/\/yachtsmembership.com\/es\/wp-json\/wp\/v2\/product"}],"about":[{"href":"https:\/\/yachtsmembership.com\/es\/wp-json\/wp\/v2\/types\/product"}],"replies":[{"embeddable":true,"href":"https:\/\/yachtsmembership.com\/es\/wp-json\/wp\/v2\/comments?post=13027"}],"wp:featuredmedia":[{"embeddable":true,"href":"https:\/\/yachtsmembership.com\/es\/wp-json\/wp\/v2\/media\/13028"}],"wp:attachment":[{"href":"https:\/\/yachtsmembership.com\/es\/wp-json\/wp\/v2\/media?parent=13027"}],"wp:term":[{"taxonomy":"product_brand","embeddable":true,"href":"https:\/\/yachtsmembership.com\/es\/wp-json\/wp\/v2\/product_brand?post=13027"},{"taxonomy":"product_cat","embeddable":true,"href":"https:\/\/yachtsmembership.com\/es\/wp-json\/wp\/v2\/product_cat?post=13027"},{"taxonomy":"product_tag","embeddable":true,"href":"https:\/\/yachtsmembership.com\/es\/wp-json\/wp\/v2\/product_tag?post=13027"}],"curies":[{"name":"wp","href":"https:\/\/api.w.org\/{rel}","templated":true}]}}