{"id":13184,"date":"2025-05-22T18:35:00","date_gmt":"2025-05-22T18:35:00","guid":{"rendered":"https:\/\/yachtsmembership.com\/?post_type=product&#038;p=13184"},"modified":"2025-06-06T22:35:53","modified_gmt":"2025-06-06T22:35:53","slug":"enjoy-fishing-on-30ft-albacora-boat-in-whangaroa-new-zealand","status":"publish","type":"product","link":"https:\/\/yachtsmembership.com\/es\/boats\/enjoy-fishing-on-30ft-albacora-boat-in-whangaroa-new-zealand\/","title":{"rendered":"Disfrute de la pesca en el barco &quot;Albacora&quot; de 9 metros en Whangaroa, Nueva Zelanda."},"content":{"rendered":"<p>Experimente la emoci\u00f3n de pescar en Whangaroa, Nueva Zelanda, a bordo de la embarcaci\u00f3n &quot;Albacora&quot; Dickey 850 de 9 metros con capacidad para hasta 8 personas. Tarifa desde $1600 NZD por d\u00eda.<\/p>\n<p>Ofrecemos aventuras de pesca deportiva dirigidas a peces de gran tama\u00f1o (marl\u00edn, at\u00fan, anguila) en zonas de pesca de fama mundial en Whangaroa, Northland.<\/p>\n<p>Qu\u00e9 esperar a bordo:<\/p>\n<p>El \u201cAlbacora\u201d de 30 pies es un barco de pesca deportiva \u201cDickey 850\u201d r\u00e1pido y construido especialmente, botado en julio de 2016. Lleva un conjunto completo de ca\u00f1as Kilwell y carretes Penn VSW y puede transportar hasta 8 personas.<\/p>\n<p>Si tiene alguna pregunta, podemos responderla a trav\u00e9s de la plataforma de mensajer\u00eda GetMyBoat antes de pagar. Simplemente haga clic en &quot;Solicitar reserva&quot; y env\u00edenos una consulta para recibir una oferta personalizada.<\/p>","protected":false},"excerpt":{"rendered":"<p>Experience the thrill of fishing in Go fishing in Whangaroa,\u00a0New Zealand aboard 30 feet\u00a0&#8220;Albacora&#8221; Dickey 850 Boat for up to 8 people. Rate as low as $1600\u00a0NZD per day. We offers Sports fishing adventures targeting big game fish (marlin, tuna, broadbill) on world famous fishing grounds at Whangaroa, Northland. What To Expect Onboard: The 30 [&hellip;]<\/p>\n","protected":false},"featured_media":13185,"comment_status":"open","ping_status":"closed","template":"","meta":[],"product_brand":[],"product_cat":[121,360],"product_tag":[],"class_list":{"0":"post-13184","1":"product","2":"type-product","3":"status-publish","4":"has-post-thumbnail","6":"product_cat-new-zealand","7":"product_cat-new-zealand-new-zealand","10":"instock","11":"shipping-taxable","12":"product-type-simple","13":"product-grid-view"},"_links":{"self":[{"href":"https:\/\/yachtsmembership.com\/es\/wp-json\/wp\/v2\/product\/13184","targetHints":{"allow":["GET"]}}],"collection":[{"href":"https:\/\/yachtsmembership.com\/es\/wp-json\/wp\/v2\/product"}],"about":[{"href":"https:\/\/yachtsmembership.com\/es\/wp-json\/wp\/v2\/types\/product"}],"replies":[{"embeddable":true,"href":"https:\/\/yachtsmembership.com\/es\/wp-json\/wp\/v2\/comments?post=13184"}],"wp:featuredmedia":[{"embeddable":true,"href":"https:\/\/yachtsmembership.com\/es\/wp-json\/wp\/v2\/media\/13185"}],"wp:attachment":[{"href":"https:\/\/yachtsmembership.com\/es\/wp-json\/wp\/v2\/media?parent=13184"}],"wp:term":[{"taxonomy":"product_brand","embeddable":true,"href":"https:\/\/yachtsmembership.com\/es\/wp-json\/wp\/v2\/product_brand?post=13184"},{"taxonomy":"product_cat","embeddable":true,"href":"https:\/\/yachtsmembership.com\/es\/wp-json\/wp\/v2\/product_cat?post=13184"},{"taxonomy":"product_tag","embeddable":true,"href":"https:\/\/yachtsmembership.com\/es\/wp-json\/wp\/v2\/product_tag?post=13184"}],"curies":[{"name":"wp","href":"https:\/\/api.w.org\/{rel}","templated":true}]}}