{"id":13647,"date":"2025-05-23T22:17:42","date_gmt":"2025-05-23T22:17:42","guid":{"rendered":"https:\/\/yachtsmembership.com\/?post_type=product&#038;p=13647"},"modified":"2025-06-10T17:04:16","modified_gmt":"2025-06-10T17:04:16","slug":"four-winns-190-horizon-bow-rider-rental-in-stockholm-sweden","status":"publish","type":"product","link":"https:\/\/yachtsmembership.com\/es\/boats\/four-winns-190-horizon-bow-rider-rental-in-stockholm-sweden\/","title":{"rendered":"Alquiler de la Four Winns 190 Horizon bow-rider en Estocolmo, Suecia"},"content":{"rendered":"<p>Very nice day cruiser with good speed resources. With room for 8 people. Sunbed and sunroof Bath ladder, Stereo 6 speakers with aux input Tables can be mounted in the middle of the boat<\/p>\n<p>Sleeping up in the trees? The tent is pitched between three stable trees. You sleep very well there, no bumps, no insects. And waking up in the morning and pulling up the mosquito net is amazing<\/p>\n<p>Complete camping equipment can be rented for an overnight stay: (max. 3 pers.) Tent, sleeping mat, sleeping bag, gas stove and plates and cutlery etc<\/p>\n<p>The Boat is in Dalar\u00f6, 40 min by car from Stockholm C, or 1 h with public transportation<\/p>\n<p>Si tiene alguna pregunta, podemos responderla a trav\u00e9s de la plataforma de mensajer\u00eda de GetMyBoat antes de pagar. Simplemente haga clic en &quot;Enviar solicitud de reserva&quot; y env\u00edenos una solicitud para recibir una oferta personalizada.<\/p>","protected":false},"excerpt":{"rendered":"<p>Very nice day cruiser with good speed resources. With room for 8 people. Sunbed and sunroof Bath ladder, Stereo 6 speakers with aux input Tables can be mounted in the middle of the boat Sleeping up in the trees? The tent is pitched between three stable trees. You sleep very well there, no bumps, no [&hellip;]<\/p>\n","protected":false},"featured_media":13648,"comment_status":"open","ping_status":"closed","template":"","meta":[],"product_brand":[],"product_cat":[208,207],"product_tag":[],"class_list":{"0":"post-13647","1":"product","2":"type-product","3":"status-publish","4":"has-post-thumbnail","6":"product_cat-stockholms-lan","7":"product_cat-suecia","10":"instock","11":"shipping-taxable","12":"product-type-simple","13":"product-grid-view"},"_links":{"self":[{"href":"https:\/\/yachtsmembership.com\/es\/wp-json\/wp\/v2\/product\/13647","targetHints":{"allow":["GET"]}}],"collection":[{"href":"https:\/\/yachtsmembership.com\/es\/wp-json\/wp\/v2\/product"}],"about":[{"href":"https:\/\/yachtsmembership.com\/es\/wp-json\/wp\/v2\/types\/product"}],"replies":[{"embeddable":true,"href":"https:\/\/yachtsmembership.com\/es\/wp-json\/wp\/v2\/comments?post=13647"}],"wp:featuredmedia":[{"embeddable":true,"href":"https:\/\/yachtsmembership.com\/es\/wp-json\/wp\/v2\/media\/13648"}],"wp:attachment":[{"href":"https:\/\/yachtsmembership.com\/es\/wp-json\/wp\/v2\/media?parent=13647"}],"wp:term":[{"taxonomy":"product_brand","embeddable":true,"href":"https:\/\/yachtsmembership.com\/es\/wp-json\/wp\/v2\/product_brand?post=13647"},{"taxonomy":"product_cat","embeddable":true,"href":"https:\/\/yachtsmembership.com\/es\/wp-json\/wp\/v2\/product_cat?post=13647"},{"taxonomy":"product_tag","embeddable":true,"href":"https:\/\/yachtsmembership.com\/es\/wp-json\/wp\/v2\/product_tag?post=13647"}],"curies":[{"name":"wp","href":"https:\/\/api.w.org\/{rel}","templated":true}]}}