{"id":13659,"date":"2025-05-23T22:21:09","date_gmt":"2025-05-23T22:21:09","guid":{"rendered":"https:\/\/yachtsmembership.com\/?post_type=product&#038;p=13659"},"modified":"2025-06-10T17:03:57","modified_gmt":"2025-06-10T17:03:57","slug":"elin-boat-charter-in-marstrand-explore-swedens-bohuslan-archipelago","status":"publish","type":"product","link":"https:\/\/yachtsmembership.com\/es\/boats\/elin-boat-charter-in-marstrand-explore-swedens-bohuslan-archipelago\/","title":{"rendered":"Alquiler de barcos Elin en Marstrand: explore el archipi\u00e9lago de Bohusl\u00e4n en Suecia"},"content":{"rendered":"<p>Alquile un barco pesquero &quot;Elin of Marstrand&quot; para hasta 12 personas. Tarifas desde tan solo 2900 coronas suecas por hora.<\/p>\n<p>Si tiene alguna pregunta, podemos responderle a trav\u00e9s de la plataforma de mensajer\u00eda GetMyBoat antes de pagar. Simplemente haga clic en &quot;Solicitar reserva&quot; y env\u00edenos una consulta para recibir una oferta personalizada.<\/p>","protected":false},"excerpt":{"rendered":"<p>Alquile un barco pesquero &quot;Elin of Marstrand&quot; para hasta 12 personas. Tarifas desde tan solo 2900 coronas suecas por hora. Si tiene alguna pregunta, podemos responderle a trav\u00e9s de la plataforma de mensajer\u00eda GetMyBoat antes de pagar. Simplemente haga clic en &quot;Solicitar reserva&quot; y env\u00edenos una consulta para recibir una oferta personalizada.<\/p>","protected":false},"featured_media":13660,"comment_status":"open","ping_status":"closed","template":"","meta":[],"product_brand":[],"product_cat":[207,367],"product_tag":[],"class_list":{"0":"post-13659","1":"product","2":"type-product","3":"status-publish","4":"has-post-thumbnail","6":"product_cat-suecia","7":"product_cat-suecia-suecia","10":"instock","11":"shipping-taxable","12":"product-type-simple","13":"product-grid-view"},"_links":{"self":[{"href":"https:\/\/yachtsmembership.com\/es\/wp-json\/wp\/v2\/product\/13659","targetHints":{"allow":["GET"]}}],"collection":[{"href":"https:\/\/yachtsmembership.com\/es\/wp-json\/wp\/v2\/product"}],"about":[{"href":"https:\/\/yachtsmembership.com\/es\/wp-json\/wp\/v2\/types\/product"}],"replies":[{"embeddable":true,"href":"https:\/\/yachtsmembership.com\/es\/wp-json\/wp\/v2\/comments?post=13659"}],"wp:featuredmedia":[{"embeddable":true,"href":"https:\/\/yachtsmembership.com\/es\/wp-json\/wp\/v2\/media\/13660"}],"wp:attachment":[{"href":"https:\/\/yachtsmembership.com\/es\/wp-json\/wp\/v2\/media?parent=13659"}],"wp:term":[{"taxonomy":"product_brand","embeddable":true,"href":"https:\/\/yachtsmembership.com\/es\/wp-json\/wp\/v2\/product_brand?post=13659"},{"taxonomy":"product_cat","embeddable":true,"href":"https:\/\/yachtsmembership.com\/es\/wp-json\/wp\/v2\/product_cat?post=13659"},{"taxonomy":"product_tag","embeddable":true,"href":"https:\/\/yachtsmembership.com\/es\/wp-json\/wp\/v2\/product_tag?post=13659"}],"curies":[{"name":"wp","href":"https:\/\/api.w.org\/{rel}","templated":true}]}}