{"id":13683,"date":"2025-05-23T22:34:11","date_gmt":"2025-05-23T22:34:11","guid":{"rendered":"https:\/\/yachtsmembership.com\/?post_type=product&#038;p=13683"},"modified":"2025-06-10T17:03:05","modified_gmt":"2025-06-10T17:03:05","slug":"luxury-sea-dream-yacht-charter-cruising-power-mega-yacht-experience-in-sweden","status":"publish","type":"product","link":"https:\/\/yachtsmembership.com\/es\/boats\/luxury-sea-dream-yacht-charter-cruising-power-mega-yacht-experience-in-sweden\/","title":{"rendered":"Alquiler de yates de lujo Sea Dream: una experiencia de crucero en un mega yate a motor en Suecia"},"content":{"rendered":"<p>We can offer you yacht charter on powerboats and RIB boats on the Swedish west coast and east coast. Our boats are owned and maintained by our company and you are always dealing directly with us. The westcoast \/ Bohusl\u00e4n is easy to navigate with minimal tidewater. Typical summer weather has westerly winds from 10 to 15 knots and the temperature lies between 18 and 25 degrees Celsius (65-80 degrees Fahrenheit). One to two weeks of cruising will bring you enough time to discover the Bohusl\u00e4n archipelago.<\/p>\n<p>Si tiene alguna pregunta, podemos responderla a trav\u00e9s de la plataforma de mensajer\u00eda de GetMyBoat antes de pagar. Simplemente haga clic en &quot;Solicitar reserva&quot; y env\u00edenos una consulta para obtener una oferta personalizada.<\/p>","protected":false},"excerpt":{"rendered":"<p>We can offer you yacht charter on powerboats and RIB boats on the Swedish west coast and east coast. Our boats are owned and maintained by our company and you are always dealing directly with us. The westcoast \/ Bohusl\u00e4n is easy to navigate with minimal tidewater. Typical summer weather has westerly winds from 10 [&hellip;]<\/p>\n","protected":false},"featured_media":13684,"comment_status":"open","ping_status":"closed","template":"","meta":[],"product_brand":[],"product_cat":[207,367],"product_tag":[],"class_list":{"0":"post-13683","1":"product","2":"type-product","3":"status-publish","4":"has-post-thumbnail","6":"product_cat-suecia","7":"product_cat-suecia-suecia","10":"instock","11":"shipping-taxable","12":"product-type-simple","13":"product-grid-view"},"_links":{"self":[{"href":"https:\/\/yachtsmembership.com\/es\/wp-json\/wp\/v2\/product\/13683","targetHints":{"allow":["GET"]}}],"collection":[{"href":"https:\/\/yachtsmembership.com\/es\/wp-json\/wp\/v2\/product"}],"about":[{"href":"https:\/\/yachtsmembership.com\/es\/wp-json\/wp\/v2\/types\/product"}],"replies":[{"embeddable":true,"href":"https:\/\/yachtsmembership.com\/es\/wp-json\/wp\/v2\/comments?post=13683"}],"wp:featuredmedia":[{"embeddable":true,"href":"https:\/\/yachtsmembership.com\/es\/wp-json\/wp\/v2\/media\/13684"}],"wp:attachment":[{"href":"https:\/\/yachtsmembership.com\/es\/wp-json\/wp\/v2\/media?parent=13683"}],"wp:term":[{"taxonomy":"product_brand","embeddable":true,"href":"https:\/\/yachtsmembership.com\/es\/wp-json\/wp\/v2\/product_brand?post=13683"},{"taxonomy":"product_cat","embeddable":true,"href":"https:\/\/yachtsmembership.com\/es\/wp-json\/wp\/v2\/product_cat?post=13683"},{"taxonomy":"product_tag","embeddable":true,"href":"https:\/\/yachtsmembership.com\/es\/wp-json\/wp\/v2\/product_tag?post=13683"}],"curies":[{"name":"wp","href":"https:\/\/api.w.org\/{rel}","templated":true}]}}