{"id":13691,"date":"2025-05-23T22:38:48","date_gmt":"2025-05-23T22:38:48","guid":{"rendered":"https:\/\/yachtsmembership.com\/?post_type=product&#038;p=13691"},"modified":"2025-06-10T17:02:56","modified_gmt":"2025-06-10T17:02:56","slug":"rent-23-motor-yacht-in-vadstena-ostergotland-county","status":"publish","type":"product","link":"https:\/\/yachtsmembership.com\/es\/boats\/rent-23-motor-yacht-in-vadstena-ostergotland-county\/","title":{"rendered":"Alquile un yate a motor de 23 \u2032 en Vadstena, provincia de \u00d6sterg\u00f6tland"},"content":{"rendered":"<p>Enjoy Vadstena, \u00d6sterg\u00f6tland County by boat!<\/p>\n<p>The long-anticipated 7 meter Delphia Nano is a modern tribute to traditional Dutch displacement boats and is perfect for canal trips, 4 full length berths, plenty of storage space, generous space in cockpit.<\/p>\n<p>Features:<\/p>\n<p>A wide array of safety solutions, stylish looks and high quality finish, cockpit design ensures easy opening and closing Optional creature comforts include hot water, shower, Mounts for bikes and fishing rods, full standing height inside &amp; a pivoting centerboard, easily and safely lifted in case Of accidental groundings.<\/p>\n<p>Equipment:<\/p>\n<p>&#8211; Comfort:\u00a0Hot and cold running water, shower and toilet with holding tank, fully-equipped galley with table settings for 4 people Fridge and gas cooker, bedding (duvet sets and sheets available for hire) &amp; heating system. Mains electricity with 220 V electric socket and battery charger.<\/p>\n<p>Si tiene alguna pregunta, podemos responderle a trav\u00e9s de la plataforma de mensajer\u00eda GetMyBoat antes de pagar. Simplemente haga clic en &quot;Solicitar reserva&quot; y env\u00edenos una consulta para recibir una oferta personalizada.<\/p>","protected":false},"excerpt":{"rendered":"<p>Enjoy Vadstena, \u00d6sterg\u00f6tland County by boat! The long-anticipated 7 meter Delphia Nano is a modern tribute to traditional Dutch displacement boats and is perfect for canal trips, 4 full length berths, plenty of storage space, generous space in cockpit. Features: A wide array of safety solutions, stylish looks and high quality finish, cockpit design ensures [&hellip;]<\/p>\n","protected":false},"featured_media":13692,"comment_status":"open","ping_status":"closed","template":"","meta":[],"product_brand":[],"product_cat":[207,367],"product_tag":[],"class_list":{"0":"post-13691","1":"product","2":"type-product","3":"status-publish","4":"has-post-thumbnail","6":"product_cat-suecia","7":"product_cat-suecia-suecia","10":"instock","11":"shipping-taxable","12":"product-type-simple","13":"product-grid-view"},"_links":{"self":[{"href":"https:\/\/yachtsmembership.com\/es\/wp-json\/wp\/v2\/product\/13691","targetHints":{"allow":["GET"]}}],"collection":[{"href":"https:\/\/yachtsmembership.com\/es\/wp-json\/wp\/v2\/product"}],"about":[{"href":"https:\/\/yachtsmembership.com\/es\/wp-json\/wp\/v2\/types\/product"}],"replies":[{"embeddable":true,"href":"https:\/\/yachtsmembership.com\/es\/wp-json\/wp\/v2\/comments?post=13691"}],"wp:featuredmedia":[{"embeddable":true,"href":"https:\/\/yachtsmembership.com\/es\/wp-json\/wp\/v2\/media\/13692"}],"wp:attachment":[{"href":"https:\/\/yachtsmembership.com\/es\/wp-json\/wp\/v2\/media?parent=13691"}],"wp:term":[{"taxonomy":"product_brand","embeddable":true,"href":"https:\/\/yachtsmembership.com\/es\/wp-json\/wp\/v2\/product_brand?post=13691"},{"taxonomy":"product_cat","embeddable":true,"href":"https:\/\/yachtsmembership.com\/es\/wp-json\/wp\/v2\/product_cat?post=13691"},{"taxonomy":"product_tag","embeddable":true,"href":"https:\/\/yachtsmembership.com\/es\/wp-json\/wp\/v2\/product_tag?post=13691"}],"curies":[{"name":"wp","href":"https:\/\/api.w.org\/{rel}","templated":true}]}}