{"id":13701,"date":"2025-05-23T22:42:23","date_gmt":"2025-05-23T22:42:23","guid":{"rendered":"https:\/\/yachtsmembership.com\/?post_type=product&#038;p=13701"},"modified":"2025-06-10T17:02:32","modified_gmt":"2025-06-10T17:02:32","slug":"cruising-monohull-rental-in-goteborg","status":"publish","type":"product","link":"https:\/\/yachtsmembership.com\/es\/boats\/cruising-monohull-rental-in-goteborg\/","title":{"rendered":"Alquiler de monocasco de crucero en Gotemburgo"},"content":{"rendered":"<p>Charter this Cruising Monohull from \u20ac2500 per day in G\u00f6teborg, V\u00e4stra G\u00f6talands l\u00e4n<\/p>\n<p>Si tiene alguna pregunta, podemos responderla a trav\u00e9s de la plataforma de mensajer\u00eda de GetMyBoat antes de pagar. Simplemente haga clic en &quot;Solicitar reserva&quot; y env\u00edenos una consulta para obtener una oferta personalizada.<\/p>","protected":false},"excerpt":{"rendered":"<p>Charter this Cruising Monohull from \u20ac2500 per day in G\u00f6teborg, V\u00e4stra G\u00f6talands l\u00e4n If you have any questions, we can answer those through GetMyBoat\u2019s messaging platform before you pay. Just hit, \u201cRequest to Book\u201d and send us an inquiry for a custom offer.<\/p>","protected":false},"featured_media":13702,"comment_status":"open","ping_status":"closed","template":"","meta":[],"product_brand":[],"product_cat":[207,367],"product_tag":[],"class_list":{"0":"post-13701","1":"product","2":"type-product","3":"status-publish","4":"has-post-thumbnail","6":"product_cat-suecia","7":"product_cat-suecia-suecia","10":"instock","11":"shipping-taxable","12":"product-type-simple","13":"product-grid-view"},"_links":{"self":[{"href":"https:\/\/yachtsmembership.com\/es\/wp-json\/wp\/v2\/product\/13701","targetHints":{"allow":["GET"]}}],"collection":[{"href":"https:\/\/yachtsmembership.com\/es\/wp-json\/wp\/v2\/product"}],"about":[{"href":"https:\/\/yachtsmembership.com\/es\/wp-json\/wp\/v2\/types\/product"}],"replies":[{"embeddable":true,"href":"https:\/\/yachtsmembership.com\/es\/wp-json\/wp\/v2\/comments?post=13701"}],"wp:featuredmedia":[{"embeddable":true,"href":"https:\/\/yachtsmembership.com\/es\/wp-json\/wp\/v2\/media\/13702"}],"wp:attachment":[{"href":"https:\/\/yachtsmembership.com\/es\/wp-json\/wp\/v2\/media?parent=13701"}],"wp:term":[{"taxonomy":"product_brand","embeddable":true,"href":"https:\/\/yachtsmembership.com\/es\/wp-json\/wp\/v2\/product_brand?post=13701"},{"taxonomy":"product_cat","embeddable":true,"href":"https:\/\/yachtsmembership.com\/es\/wp-json\/wp\/v2\/product_cat?post=13701"},{"taxonomy":"product_tag","embeddable":true,"href":"https:\/\/yachtsmembership.com\/es\/wp-json\/wp\/v2\/product_tag?post=13701"}],"curies":[{"name":"wp","href":"https:\/\/api.w.org\/{rel}","templated":true}]}}