{"id":13721,"date":"2025-05-23T22:56:47","date_gmt":"2025-05-23T22:56:47","guid":{"rendered":"https:\/\/yachtsmembership.com\/?post_type=product&#038;p=13721"},"modified":"2025-06-10T16:56:04","modified_gmt":"2025-06-10T16:56:04","slug":"luxury-yacht-bavaria-rental-in-constanta-mangalia-or-eforie","status":"publish","type":"product","link":"https:\/\/yachtsmembership.com\/es\/boats\/luxury-yacht-bavaria-rental-in-constanta-mangalia-or-eforie\/","title":{"rendered":"Alquiler de yates de lujo Bavaria en Constanta, Mangalia o Eforie"},"content":{"rendered":"<p>Bavaria\u00a046 Cruiser\u00a0European Yacht of the Year 2021 ! 4 large rooms, Living and 4 bathrooms.<\/p>\n<p>The newest and largest sailing boat on Romania!!!<\/p>\n<p>Aboard the BAVARIA CRUISER 46 you can just let everything go.<\/p>\n<p>She is designed for this \u2013 the huge bathing platform is ideal for swimming, sunbathing, chilling out or just enjoying doing nothing.<\/p>\n<p>The cockpit area is the centre of life on deck \u2013 here you all get together on the large L\u2010shaped benches.<\/p>\n<p>Si tiene alguna pregunta, podemos responderla a trav\u00e9s de la plataforma de mensajer\u00eda de GetMyBoat antes de pagar. Simplemente haga clic en &quot;Solicitar reserva&quot; y env\u00edenos una consulta para obtener una oferta personalizada.<\/p>","protected":false},"excerpt":{"rendered":"<p>Bavaria\u00a046 Cruiser\u00a0European Yacht of the Year 2021 ! 4 large rooms, Living and 4 bathrooms. The newest and largest sailing boat on Romania!!! Aboard the BAVARIA CRUISER 46 you can just let everything go. She is designed for this \u2013 the huge bathing platform is ideal for swimming, sunbathing, chilling out or just enjoying doing [&hellip;]<\/p>\n","protected":false},"featured_media":13722,"comment_status":"open","ping_status":"closed","template":"","meta":[],"product_brand":[],"product_cat":[314,165],"product_tag":[],"class_list":{"0":"post-13721","1":"product","2":"type-product","3":"status-publish","4":"has-post-thumbnail","6":"product_cat-constanta-county","7":"product_cat-romania","10":"instock","11":"shipping-taxable","12":"product-type-simple","13":"product-grid-view"},"_links":{"self":[{"href":"https:\/\/yachtsmembership.com\/es\/wp-json\/wp\/v2\/product\/13721","targetHints":{"allow":["GET"]}}],"collection":[{"href":"https:\/\/yachtsmembership.com\/es\/wp-json\/wp\/v2\/product"}],"about":[{"href":"https:\/\/yachtsmembership.com\/es\/wp-json\/wp\/v2\/types\/product"}],"replies":[{"embeddable":true,"href":"https:\/\/yachtsmembership.com\/es\/wp-json\/wp\/v2\/comments?post=13721"}],"wp:featuredmedia":[{"embeddable":true,"href":"https:\/\/yachtsmembership.com\/es\/wp-json\/wp\/v2\/media\/13722"}],"wp:attachment":[{"href":"https:\/\/yachtsmembership.com\/es\/wp-json\/wp\/v2\/media?parent=13721"}],"wp:term":[{"taxonomy":"product_brand","embeddable":true,"href":"https:\/\/yachtsmembership.com\/es\/wp-json\/wp\/v2\/product_brand?post=13721"},{"taxonomy":"product_cat","embeddable":true,"href":"https:\/\/yachtsmembership.com\/es\/wp-json\/wp\/v2\/product_cat?post=13721"},{"taxonomy":"product_tag","embeddable":true,"href":"https:\/\/yachtsmembership.com\/es\/wp-json\/wp\/v2\/product_tag?post=13721"}],"curies":[{"name":"wp","href":"https:\/\/api.w.org\/{rel}","templated":true}]}}