{"id":13759,"date":"2025-05-23T23:10:40","date_gmt":"2025-05-23T23:10:40","guid":{"rendered":"https:\/\/yachtsmembership.com\/?post_type=product&#038;p=13759"},"modified":"2025-06-10T16:55:42","modified_gmt":"2025-06-10T16:55:42","slug":"charter-this-cruising-monohull-and-sail-in-limanu-romania","status":"publish","type":"product","link":"https:\/\/yachtsmembership.com\/es\/boats\/charter-this-cruising-monohull-and-sail-in-limanu-romania\/","title":{"rendered":"Alquile este monocasco de crucero y navegue en Limanu, Rumania"},"content":{"rendered":"<p>Enjoy the beautiful pristine waters of\u00a0Limanu, Romania while sailing aboard the 40 feet\u00a0Beneteau Oceanis Cruising Monohull for up to 7 person. Rate as low as\u00a0$380 per day.<\/p>\n<p>Discover the gorgeous region of\u00a0Limanu and the city by the water. Whether for a family vacation or with friends, this is the perfect boat to just kick back and relax! Enjoy the sun and the comfort of this sailing cruise.<\/p>\n<p>Get ready for a once in a lifetime sail where you chose the itinerary or let us help you craft the perfect boat tour. The boat is chartered with a captain for your convenience. This is the perfect boat to discover Limanu, Romania. It is fun and convenient to go to places only accessible by the water. Your departure will be from the nearest Marina and is nearby to many easy to access places.<\/p>\n<p>Si tiene alguna pregunta, podemos responderla a trav\u00e9s de la plataforma de mensajer\u00eda de GetMyBoat antes de pagar. Simplemente haga clic en &quot;Solicitar reserva&quot; y env\u00edenos una consulta para obtener una oferta personalizada.<\/p>","protected":false},"excerpt":{"rendered":"<p>Enjoy the beautiful pristine waters of\u00a0Limanu, Romania while sailing aboard the 40 feet\u00a0Beneteau Oceanis Cruising Monohull for up to 7 person. Rate as low as\u00a0$380 per day. Discover the gorgeous region of\u00a0Limanu and the city by the water. Whether for a family vacation or with friends, this is the perfect boat to just kick back [&hellip;]<\/p>\n","protected":false},"featured_media":13760,"comment_status":"open","ping_status":"closed","template":"","meta":[],"product_brand":[],"product_cat":[314,165],"product_tag":[],"class_list":{"0":"post-13759","1":"product","2":"type-product","3":"status-publish","4":"has-post-thumbnail","6":"product_cat-constanta-county","7":"product_cat-romania","10":"instock","11":"shipping-taxable","12":"product-type-simple","13":"product-grid-view"},"_links":{"self":[{"href":"https:\/\/yachtsmembership.com\/es\/wp-json\/wp\/v2\/product\/13759","targetHints":{"allow":["GET"]}}],"collection":[{"href":"https:\/\/yachtsmembership.com\/es\/wp-json\/wp\/v2\/product"}],"about":[{"href":"https:\/\/yachtsmembership.com\/es\/wp-json\/wp\/v2\/types\/product"}],"replies":[{"embeddable":true,"href":"https:\/\/yachtsmembership.com\/es\/wp-json\/wp\/v2\/comments?post=13759"}],"wp:featuredmedia":[{"embeddable":true,"href":"https:\/\/yachtsmembership.com\/es\/wp-json\/wp\/v2\/media\/13760"}],"wp:attachment":[{"href":"https:\/\/yachtsmembership.com\/es\/wp-json\/wp\/v2\/media?parent=13759"}],"wp:term":[{"taxonomy":"product_brand","embeddable":true,"href":"https:\/\/yachtsmembership.com\/es\/wp-json\/wp\/v2\/product_brand?post=13759"},{"taxonomy":"product_cat","embeddable":true,"href":"https:\/\/yachtsmembership.com\/es\/wp-json\/wp\/v2\/product_cat?post=13759"},{"taxonomy":"product_tag","embeddable":true,"href":"https:\/\/yachtsmembership.com\/es\/wp-json\/wp\/v2\/product_tag?post=13759"}],"curies":[{"name":"wp","href":"https:\/\/api.w.org\/{rel}","templated":true}]}}