{"id":13786,"date":"2025-05-23T23:22:27","date_gmt":"2025-05-23T23:22:27","guid":{"rendered":"https:\/\/yachtsmembership.com\/?post_type=product&#038;p=13786"},"modified":"2025-06-10T16:54:14","modified_gmt":"2025-06-10T16:54:14","slug":"experience-romania-sailing-on-ann-4-time-regatta-champion-boat","status":"publish","type":"product","link":"https:\/\/yachtsmembership.com\/es\/boats\/experience-romania-sailing-on-ann-4-time-regatta-champion-boat\/","title":{"rendered":"Experimente Ruman\u00eda navegando en \u201cAnn\u201d, un barco cuatro veces campe\u00f3n de regatas."},"content":{"rendered":"<p>Book the Best Racer Sailing Boat for 16 people in Romania is ready to rent! Rates as low as\u00a0\u20ac399 per day!<\/p>\n<p>The 4 times winning of Regatta, racer sailing boat &#8220;Ann&#8221;, already a legend! Welcome aboard for a great experience!<\/p>\n<p>Si tiene alguna pregunta, podemos responderla a trav\u00e9s de la plataforma de mensajer\u00eda de GetMyBoat antes de pagar. Simplemente haga clic en &quot;Solicitar reserva&quot; y env\u00edenos una consulta para obtener una oferta personalizada.<\/p>","protected":false},"excerpt":{"rendered":"<p>Book the Best Racer Sailing Boat for 16 people in Romania is ready to rent! Rates as low as\u00a0\u20ac399 per day! The 4 times winning of Regatta, racer sailing boat &#8220;Ann&#8221;, already a legend! Welcome aboard for a great experience! If you have any questions, we can answer those through GetMyBoat\u2019s messaging platform before you [&hellip;]<\/p>\n","protected":false},"featured_media":13787,"comment_status":"open","ping_status":"closed","template":"","meta":[],"product_brand":[],"product_cat":[314,165],"product_tag":[],"class_list":{"0":"post-13786","1":"product","2":"type-product","3":"status-publish","4":"has-post-thumbnail","6":"product_cat-constanta-county","7":"product_cat-romania","10":"instock","11":"shipping-taxable","12":"product-type-simple","13":"product-grid-view"},"_links":{"self":[{"href":"https:\/\/yachtsmembership.com\/es\/wp-json\/wp\/v2\/product\/13786","targetHints":{"allow":["GET"]}}],"collection":[{"href":"https:\/\/yachtsmembership.com\/es\/wp-json\/wp\/v2\/product"}],"about":[{"href":"https:\/\/yachtsmembership.com\/es\/wp-json\/wp\/v2\/types\/product"}],"replies":[{"embeddable":true,"href":"https:\/\/yachtsmembership.com\/es\/wp-json\/wp\/v2\/comments?post=13786"}],"wp:featuredmedia":[{"embeddable":true,"href":"https:\/\/yachtsmembership.com\/es\/wp-json\/wp\/v2\/media\/13787"}],"wp:attachment":[{"href":"https:\/\/yachtsmembership.com\/es\/wp-json\/wp\/v2\/media?parent=13786"}],"wp:term":[{"taxonomy":"product_brand","embeddable":true,"href":"https:\/\/yachtsmembership.com\/es\/wp-json\/wp\/v2\/product_brand?post=13786"},{"taxonomy":"product_cat","embeddable":true,"href":"https:\/\/yachtsmembership.com\/es\/wp-json\/wp\/v2\/product_cat?post=13786"},{"taxonomy":"product_tag","embeddable":true,"href":"https:\/\/yachtsmembership.com\/es\/wp-json\/wp\/v2\/product_tag?post=13786"}],"curies":[{"name":"wp","href":"https:\/\/api.w.org\/{rel}","templated":true}]}}