{"id":13797,"date":"2025-05-23T23:25:03","date_gmt":"2025-05-23T23:25:03","guid":{"rendered":"https:\/\/yachtsmembership.com\/?post_type=product&#038;p=13797"},"modified":"2025-06-10T16:53:57","modified_gmt":"2025-06-10T16:53:57","slug":"charter-ondine-cruising-monohull-in-constanta-romania","status":"publish","type":"product","link":"https:\/\/yachtsmembership.com\/es\/boats\/charter-ondine-cruising-monohull-in-constanta-romania\/","title":{"rendered":"Alquiler de monocasco de crucero Ondine en Constan\u021ba, Rumania"},"content":{"rendered":"<p>Enjoy in Constan\u021ba, Romania by boat!<\/p>\n<p>Charter an\u00a0&#8220;Ondine&#8221;\u00a0Cruising Monohull for up to 8 people. Rates as low as 180\u20ac\u00a0 for 3 hours.<\/p>\n<p>Learn basics of sailing boat and aboard not just as a passenger. You&#8217;ll even have the opportunity to participate in maneuvering the vessel.<\/p>\n<p>\u2022 You can lie in the sun on the deck of the yacht, and if you overheat &#8230;<\/p>\n<p>\u2022 Take a refreshing bath in general, and if you can not swim have life jackets that we provide you.<\/p>\n<p>\u2022 Celebrate a special event or your birthday or a friend or a romantic dinner with your beloved sea.<\/p>\n<p>\u2022 See dolphins in the Black Sea dolphins often come to surface during the trip.<\/p>\n<p>\u2022 Admire the coast and the port city of Constanta from a different perspective.<\/p>\n<p>&nbsp;<\/p>\n<p>Si tiene alguna pregunta, podemos responderla a trav\u00e9s de la plataforma de mensajer\u00eda de GetMyBoat antes de pagar. Simplemente haga clic en &quot;Solicitar reserva&quot; y env\u00edenos una consulta para obtener una oferta personalizada.<\/p>","protected":false},"excerpt":{"rendered":"<p>Enjoy in Constan\u021ba, Romania by boat! Charter an\u00a0&#8220;Ondine&#8221;\u00a0Cruising Monohull for up to 8 people. Rates as low as 180\u20ac\u00a0 for 3 hours. Learn basics of sailing boat and aboard not just as a passenger. You&#8217;ll even have the opportunity to participate in maneuvering the vessel. \u2022 You can lie in the sun on the deck [&hellip;]<\/p>\n","protected":false},"featured_media":13798,"comment_status":"open","ping_status":"closed","template":"","meta":[],"product_brand":[],"product_cat":[314,165],"product_tag":[],"class_list":{"0":"post-13797","1":"product","2":"type-product","3":"status-publish","4":"has-post-thumbnail","6":"product_cat-constanta-county","7":"product_cat-romania","10":"instock","11":"shipping-taxable","12":"product-type-simple","13":"product-grid-view"},"_links":{"self":[{"href":"https:\/\/yachtsmembership.com\/es\/wp-json\/wp\/v2\/product\/13797","targetHints":{"allow":["GET"]}}],"collection":[{"href":"https:\/\/yachtsmembership.com\/es\/wp-json\/wp\/v2\/product"}],"about":[{"href":"https:\/\/yachtsmembership.com\/es\/wp-json\/wp\/v2\/types\/product"}],"replies":[{"embeddable":true,"href":"https:\/\/yachtsmembership.com\/es\/wp-json\/wp\/v2\/comments?post=13797"}],"wp:featuredmedia":[{"embeddable":true,"href":"https:\/\/yachtsmembership.com\/es\/wp-json\/wp\/v2\/media\/13798"}],"wp:attachment":[{"href":"https:\/\/yachtsmembership.com\/es\/wp-json\/wp\/v2\/media?parent=13797"}],"wp:term":[{"taxonomy":"product_brand","embeddable":true,"href":"https:\/\/yachtsmembership.com\/es\/wp-json\/wp\/v2\/product_brand?post=13797"},{"taxonomy":"product_cat","embeddable":true,"href":"https:\/\/yachtsmembership.com\/es\/wp-json\/wp\/v2\/product_cat?post=13797"},{"taxonomy":"product_tag","embeddable":true,"href":"https:\/\/yachtsmembership.com\/es\/wp-json\/wp\/v2\/product_tag?post=13797"}],"curies":[{"name":"wp","href":"https:\/\/api.w.org\/{rel}","templated":true}]}}