{"id":13911,"date":"2025-05-26T17:03:06","date_gmt":"2025-05-26T17:03:06","guid":{"rendered":"https:\/\/yachtsmembership.com\/?post_type=product&#038;p=13911"},"modified":"2025-06-06T19:48:31","modified_gmt":"2025-06-06T19:48:31","slug":"perfect-course-for-your-team-building-no-license-required","status":"publish","type":"product","link":"https:\/\/yachtsmembership.com\/es\/boats\/perfect-course-for-your-team-building-no-license-required\/","title":{"rendered":"\u00a1El curso perfecto para tu formaci\u00f3n de equipos! No requiere licencia."},"content":{"rendered":"<p>**Formaci\u00f3n de equipos mediante entrenamiento en yate** *Debido a cuestiones administrativas y de capacidad, le rogamos que nos contacte con varios d\u00edas de antelaci\u00f3n para realizar sus reservas. La comunicaci\u00f3n y el rendimiento eficaces del equipo son recursos cruciales para cualquier organizaci\u00f3n. El entrenamiento en yate, donde los equipos navegan en condiciones potencialmente desafiantes para llegar a su destino, es un objetivo de gran impacto. Este tipo de entrenamiento grupal, destinado a maximizar el rendimiento organizacional, est\u00e1 ganando mucha atenci\u00f3n incluso en Silicon Valley, EE. UU. Caracter\u00edsticas del curso: \u2013 Los equipos alternar\u00e1n entre los roles de l\u00edder (patr\u00f3n) y seguidores (tripulaci\u00f3n). Esta rotaci\u00f3n de roles permite a los miembros observar facetas inesperadas de las personalidades de sus compa\u00f1eros, fomentando el reconocimiento mutuo de las nuevas caracter\u00edsticas de cada miembro y contribuyendo a una mejor din\u00e1mica de equipo. \u2013 Los participantes compartir\u00e1n experiencias emocionantes a bordo del yate. Este entrenamiento enfatiza el potencial \u00fanico del mar y la navegaci\u00f3n, ofreciendo una experiencia distintiva en comparaci\u00f3n con otros deportes o disciplinas. \u2013 La metodolog\u00eda de entrenamiento sigue el sistema de educaci\u00f3n n\u00e1utica de la ASA (American Sailing Association), reconocido mundialmente, que cuenta con m\u00e1s de 830.000 miembros con licencia en todo el mundo. El curso dura un d\u00eda, pero puede ajustarse a su horario. Tambi\u00e9n puede dividirse en dos d\u00edas, con sesiones de ma\u00f1ana y tarde en d\u00edas separados. Completar el curso de dos d\u00edas otorga la certificaci\u00f3n ASA. Programa est\u00e1ndar (curso de 1 d\u00eda): &gt; 10:00 a. m.: Reuni\u00f3n en la ubicaci\u00f3n designada - 1 minuto de autopresentaci\u00f3n - Explicaci\u00f3n de la capacitaci\u00f3n, instrucciones de seguridad y preguntas y respuestas - Demostraci\u00f3n y explicaci\u00f3n del equipo de seguridad - Descripci\u00f3n general de cinco modales clave en yates - Descanso en tierra &gt; 11:00 a. m.: Traslado al yate - Prueba de trabajo con cuerdas en el yate - Prueba sobre los nombres de las partes del yate - Divisi\u00f3n de roles para el patr\u00f3n y la tripulaci\u00f3n durante la salida - Elementos y procedimientos de preparaci\u00f3n para la salida - Ejercicio de m\u00e9todo de atraque utilizando el motor (te\u00f3rico) &gt; 12:00 p. m.: Almuerzo en el mar o en tierra, seg\u00fan el clima &gt; 1:00 p. m.: Zarpar - Ejercicios pr\u00e1cticos de atraque en el mar y preguntas y respuestas - Salida del puerto deportivo - Experiencia de navegaci\u00f3n en equipo - Pr\u00e1ctica de viraje de la tripulaci\u00f3n - Pr\u00e1ctica de gobierno del patr\u00f3n - Descanso en el mar - Rotaci\u00f3n de roles entre el patr\u00f3n y la tripulaci\u00f3n - Ejercicios pr\u00e1cticos para llegar al destino - Pr\u00e1ctica del patr\u00f3n para atracar al regreso - Limpieza del barco &gt; 4:00 p. m.: Despedida<\/p>","protected":false},"excerpt":{"rendered":"<p>**Team Building through Yacht Training** *Due to capacity and administrative considerations, we kindly request that you contact us regarding reservations with several days&#8217; notice.\u00a0 Effective team communication and performance are considered crucial resources for any organization. Yacht-based training, where teams navigate a yacht through potentially challenging conditions to reach a destination, serves as an impactful [&hellip;]<\/p>\n","protected":false},"featured_media":13912,"comment_status":"open","ping_status":"closed","template":"","meta":[],"product_brand":[],"product_cat":[105],"product_tag":[],"class_list":{"0":"post-13911","1":"product","2":"type-product","3":"status-publish","4":"has-post-thumbnail","6":"product_cat-japon","9":"instock","10":"shipping-taxable","11":"product-type-simple","12":"product-grid-view"},"_links":{"self":[{"href":"https:\/\/yachtsmembership.com\/es\/wp-json\/wp\/v2\/product\/13911","targetHints":{"allow":["GET"]}}],"collection":[{"href":"https:\/\/yachtsmembership.com\/es\/wp-json\/wp\/v2\/product"}],"about":[{"href":"https:\/\/yachtsmembership.com\/es\/wp-json\/wp\/v2\/types\/product"}],"replies":[{"embeddable":true,"href":"https:\/\/yachtsmembership.com\/es\/wp-json\/wp\/v2\/comments?post=13911"}],"wp:featuredmedia":[{"embeddable":true,"href":"https:\/\/yachtsmembership.com\/es\/wp-json\/wp\/v2\/media\/13912"}],"wp:attachment":[{"href":"https:\/\/yachtsmembership.com\/es\/wp-json\/wp\/v2\/media?parent=13911"}],"wp:term":[{"taxonomy":"product_brand","embeddable":true,"href":"https:\/\/yachtsmembership.com\/es\/wp-json\/wp\/v2\/product_brand?post=13911"},{"taxonomy":"product_cat","embeddable":true,"href":"https:\/\/yachtsmembership.com\/es\/wp-json\/wp\/v2\/product_cat?post=13911"},{"taxonomy":"product_tag","embeddable":true,"href":"https:\/\/yachtsmembership.com\/es\/wp-json\/wp\/v2\/product_tag?post=13911"}],"curies":[{"name":"wp","href":"https:\/\/api.w.org\/{rel}","templated":true}]}}