{"id":13937,"date":"2025-05-26T17:23:16","date_gmt":"2025-05-26T17:23:16","guid":{"rendered":"https:\/\/yachtsmembership.com\/?post_type=product&#038;p=13937"},"modified":"2025-06-06T20:23:47","modified_gmt":"2025-06-06T20:23:47","slug":"luxury-princess-v40-motor-yacht-charter-in-beaulieu-sur-mer-french-riviera","status":"publish","type":"product","link":"https:\/\/yachtsmembership.com\/es\/boats\/luxury-princess-v40-motor-yacht-charter-in-beaulieu-sur-mer-french-riviera\/","title":{"rendered":"Alquiler de yate a motor de lujo Princess V40 en Beaulieu-sur-Mer, Riviera Francesa"},"content":{"rendered":"<p>\u00a1Disfruta de las aguas de la Riviera Francesa en barco! Alquila el yate a motor Princess V40 de 40 pies para hasta 7 personas + capit\u00e1n. Barco completamente renovado en 2022. Tarifas: \u2022 1200 \u20ac por d\u00eda + combustible + capit\u00e1n (250 \u20ac\/d\u00eda). Qu\u00e9 esperar a bordo: El yate Princess V40 es ideal para familias y amigos que desean escaparse un d\u00eda o m\u00e1s a las aguas azules del Mediterr\u00e1neo. El Princess V40 est\u00e1 impecablemente mantenido y equipado. Nuestro experimentado patr\u00f3n le dar\u00e1 la bienvenida y le brindar\u00e1 un excelente servicio durante todo el d\u00eda. Dispone de amplios sol\u00e1riums tanto en proa como en popa, una zona de estar interior y dos camarotes de exquisito dise\u00f1o. Tambi\u00e9n est\u00e1 equipado con dos neveras (interiores\/exteriores) y dos duchas. Un d\u00eda a bordo ser\u00e1 sin duda el momento culminante de su viaje a la Riviera Francesa. El coste del combustible se acordar\u00e1 antes de su viaje y depender\u00e1 del itinerario. La tarifa del capit\u00e1n es de 250 \u20ac\/d\u00eda e incluye m\u00e1scaras, tuba, palmeras y una tabla de paddle surf. Si tiene alguna pregunta, podemos responderla a trav\u00e9s de la plataforma de mensajer\u00eda de GetMyBoat antes de pagar. Simplemente haga clic en &quot;Solicitar reserva&quot; y env\u00edenos una consulta para obtener una oferta personalizada.<\/p>","protected":false},"excerpt":{"rendered":"<p>Enjoy the water of french Riviera by boat! Charter the 40 feet Princess V40 Motor Yacht for up to 7 people + capitan., boat compleatly renovated 2022 Rates:\u00a0 \u2022 \u20ac1200 day+cost of fuel +capitan (250\u20ac\/day) What To Expect Onboard: The Princess V40 yacht is ideal for families and friends who want to escape for a [&hellip;]<\/p>\n","protected":false},"featured_media":13938,"comment_status":"open","ping_status":"closed","template":"","meta":[],"product_brand":[],"product_cat":[256,359],"product_tag":[],"class_list":{"0":"post-13937","1":"product","2":"type-product","3":"status-publish","4":"has-post-thumbnail","6":"product_cat-monaco","7":"product_cat-monaco-monaco","10":"instock","11":"shipping-taxable","12":"product-type-simple","13":"product-grid-view"},"_links":{"self":[{"href":"https:\/\/yachtsmembership.com\/es\/wp-json\/wp\/v2\/product\/13937","targetHints":{"allow":["GET"]}}],"collection":[{"href":"https:\/\/yachtsmembership.com\/es\/wp-json\/wp\/v2\/product"}],"about":[{"href":"https:\/\/yachtsmembership.com\/es\/wp-json\/wp\/v2\/types\/product"}],"replies":[{"embeddable":true,"href":"https:\/\/yachtsmembership.com\/es\/wp-json\/wp\/v2\/comments?post=13937"}],"wp:featuredmedia":[{"embeddable":true,"href":"https:\/\/yachtsmembership.com\/es\/wp-json\/wp\/v2\/media\/13938"}],"wp:attachment":[{"href":"https:\/\/yachtsmembership.com\/es\/wp-json\/wp\/v2\/media?parent=13937"}],"wp:term":[{"taxonomy":"product_brand","embeddable":true,"href":"https:\/\/yachtsmembership.com\/es\/wp-json\/wp\/v2\/product_brand?post=13937"},{"taxonomy":"product_cat","embeddable":true,"href":"https:\/\/yachtsmembership.com\/es\/wp-json\/wp\/v2\/product_cat?post=13937"},{"taxonomy":"product_tag","embeddable":true,"href":"https:\/\/yachtsmembership.com\/es\/wp-json\/wp\/v2\/product_tag?post=13937"}],"curies":[{"name":"wp","href":"https:\/\/api.w.org\/{rel}","templated":true}]}}