{"id":13956,"date":"2025-05-26T17:27:33","date_gmt":"2025-05-26T17:27:33","guid":{"rendered":"https:\/\/yachtsmembership.com\/?post_type=product&#038;p=13956"},"modified":"2025-06-06T20:23:02","modified_gmt":"2025-06-06T20:23:02","slug":"sea-ray-spx-sport-2023-monaco","status":"publish","type":"product","link":"https:\/\/yachtsmembership.com\/es\/boats\/sea-ray-spx-sport-2023-monaco\/","title":{"rendered":"Sea Ray SPX Sport 2023 M\u00f3naco"},"content":{"rendered":"<p>Experimenta la excelencia n\u00e1utica con nuestra Sea Ray SPX Sport 2023 en M\u00f3naco. Ya sea que navegues con amigos o disfrutes de aventuras en solitario, esta vers\u00e1til embarcaci\u00f3n ofrece comodidad y rendimiento inigualables sobre las olas. Con la Sea Ray, podr\u00e1s descubrir el placer de navegar con estilo, para hasta 7 personas. Tarifa desde tan solo 90 \u20ac por hora. \u00a11 HORA DE ALQUILER GRATUITA! Despega y descubre la Costa Azul a bordo de una nueva Sea Ray 2023 Sport, \u00a1tan eficiente como c\u00f3moda y segura! Con una torre de wakeboard, la Sea Ray y todo su equipamiento te permiten practicar todos los deportes acu\u00e1ticos que te encantan. La embarcaci\u00f3n est\u00e1 disponible durante todo el d\u00eda, por la ma\u00f1ana, por la tarde y para un aperitivo por la noche. A bordo encontrar\u00e1s una nevera con hielo, ducha, GPS y un potente sistema de audio Bluetooth. * Equipos opcionales disponibles: boya remolcada, remos, tabla de wakeboard y otros accesorios. \u00a1Ven a descubrir los lugares m\u00e1s hermosos de la Riviera Francesa! \u00a1Tu capit\u00e1n te llevar\u00e1 a bah\u00edas paradis\u00edacas de aguas turquesas para un ba\u00f1o inolvidable! Posibilidad de acordar una tarifa con descuento para los siguientes 3 paquetes: paquete tur\u00edstico, bebida al atardecer y sesi\u00f3n privada de wakeboard. * Recorrido por la Costa, Bah\u00edas e Islas de la Riviera Francesa: Nuestros gu\u00edas expertos llevar\u00e1n a los clientes en un pintoresco paseo en barco por la costa de la Riviera Francesa, incluyendo paradas en pintorescas bah\u00edas e islas. Ofreceremos informaci\u00f3n y comentarios sobre la historia y la geograf\u00eda de la regi\u00f3n, as\u00ed como recomendaciones de actividades y restaurantes. * Bebida al Atardecer: Disfruta de una rom\u00e1ntica bebida al atardecer en nuestro barco, con una hermosa vista de la costa de la Riviera Francesa. Ofreceremos una selecci\u00f3n de vinos y otras bebidas, adem\u00e1s de refrigerios ligeros. * Sesi\u00f3n Privada de Wakeboard Deportivo: Experimenta la emoci\u00f3n del wakeboard en un entorno privado, con la instrucci\u00f3n y el equipo proporcionados por nuestros gu\u00edas expertos. Adaptaremos la sesi\u00f3n al nivel y las preferencias del cliente. \u00a1No dudes en contactarme para m\u00e1s informaci\u00f3n y para organizar mejor tus vacaciones en la costa! Posibilidad de almorzar en excelentes restaurantes a lo largo de la costa. El capit\u00e1n le preparar\u00e1 la mesa y el conserje le recoger\u00e1 en el barco de cortes\u00eda. Luego le acompa\u00f1ar\u00e1 de vuelta a bordo. * El lavado completo del barco est\u00e1 incluido en la tarifa del ch\u00e1rter.<\/p>","protected":false},"excerpt":{"rendered":"<p>Experience the pinnacle of boating excellence with our Sea Ray SPX Sport 2023 in Monaco! Whether you&#8217;re cruising with friends or enjoying solo adventures, this versatile watercraft offers unmatched comfort and performance on the waves. With the Sea Ray you can discover the joy of boating in style, for up to 7 person. Rate as [&hellip;]<\/p>\n","protected":false},"featured_media":13957,"comment_status":"open","ping_status":"closed","template":"","meta":[],"product_brand":[],"product_cat":[256,359],"product_tag":[],"class_list":{"0":"post-13956","1":"product","2":"type-product","3":"status-publish","4":"has-post-thumbnail","6":"product_cat-monaco","7":"product_cat-monaco-monaco","10":"instock","11":"shipping-taxable","12":"product-type-simple","13":"product-grid-view"},"_links":{"self":[{"href":"https:\/\/yachtsmembership.com\/es\/wp-json\/wp\/v2\/product\/13956","targetHints":{"allow":["GET"]}}],"collection":[{"href":"https:\/\/yachtsmembership.com\/es\/wp-json\/wp\/v2\/product"}],"about":[{"href":"https:\/\/yachtsmembership.com\/es\/wp-json\/wp\/v2\/types\/product"}],"replies":[{"embeddable":true,"href":"https:\/\/yachtsmembership.com\/es\/wp-json\/wp\/v2\/comments?post=13956"}],"wp:featuredmedia":[{"embeddable":true,"href":"https:\/\/yachtsmembership.com\/es\/wp-json\/wp\/v2\/media\/13957"}],"wp:attachment":[{"href":"https:\/\/yachtsmembership.com\/es\/wp-json\/wp\/v2\/media?parent=13956"}],"wp:term":[{"taxonomy":"product_brand","embeddable":true,"href":"https:\/\/yachtsmembership.com\/es\/wp-json\/wp\/v2\/product_brand?post=13956"},{"taxonomy":"product_cat","embeddable":true,"href":"https:\/\/yachtsmembership.com\/es\/wp-json\/wp\/v2\/product_cat?post=13956"},{"taxonomy":"product_tag","embeddable":true,"href":"https:\/\/yachtsmembership.com\/es\/wp-json\/wp\/v2\/product_tag?post=13956"}],"curies":[{"name":"wp","href":"https:\/\/api.w.org\/{rel}","templated":true}]}}