{"id":13973,"date":"2025-05-26T17:47:00","date_gmt":"2025-05-26T17:47:00","guid":{"rendered":"https:\/\/yachtsmembership.com\/?post_type=product&#038;p=13973"},"modified":"2025-05-26T17:47:00","modified_gmt":"2025-05-26T17:47:00","slug":"xena-630-motor-yacht-monaco","status":"publish","type":"product","link":"https:\/\/yachtsmembership.com\/es\/boats\/xena-630-motor-yacht-monaco\/","title":{"rendered":"Yate a motor XENA 630 M\u00f3naco"},"content":{"rendered":"<p>SOBRE EL VIAJE Experimente una aventura de navegaci\u00f3n de lujo a bordo del XENA 630, donde podr\u00e1 disfrutar de un viaje especial a su medida. Ya sea que elija navegar por unas horas, un d\u00eda completo, un fin de semana o m\u00e1s tiempo, este viaje le ofrece una oportunidad \u00fanica para explorar hermosos destinos con comodidad y estilo, lo que lo hace perfecto para salidas familiares o reuniones con amigos. SOBRE EL BARCO El XENA 630 es un yate de lujo de alta gama, con tripulaci\u00f3n profesional de capit\u00e1n y azafata para garantizar una experiencia perfecta y placentera. Dise\u00f1ado para brindar elegancia y comodidad, este yate est\u00e1 totalmente equipado para brindar una aventura de navegaci\u00f3n inolvidable en el agua. \u00a1Disfrute de su viaje con su familia o amigos en M\u00f3naco! Alquile el yate XENA para hasta 12 personas. Puede traer toda su comida y bebida, tenemos una azafata que lo apoyar\u00e1 con el servicio. Le espera un viaje donde podr\u00e1 sentir la comodidad de su hogar. Especificaciones t\u00e9cnicas: LOA: 19.02 metros Longitud del cuerpo: 16.8 metros Manga: 5.15 metros Corte de agua: 1.5 metros Peso: 23800 kg (vac\u00edo) Capacidad de combustible: 2700 litros Capacidad de agua: 800 litros Alojamiento: 6 + 2 personas en 4 camarotes N\u00famero m\u00e1ximo de personas: 12 QU\u00c9 EST\u00c1 INCLUIDO El yate est\u00e1 tripulado por un capit\u00e1n y una azafata profesionales que se encargar\u00e1n de la navegaci\u00f3n y el servicio durante todo su viaje. Se proporcionan todas las comodidades esenciales para un viaje c\u00f3modo y lujoso. QU\u00c9 NO EST\u00c1 INCLUIDO Las propinas no est\u00e1n incluidas, pero siempre son apreciadas. OTRAS COSAS QUE DEBE SABER Este yate es adecuado para grupos familiares y de amigos que buscan descubrir los lugares m\u00e1s hermosos por mar en una embarcaci\u00f3n de alta gama. La experiencia se puede personalizar por duraci\u00f3n, lo que permite una planificaci\u00f3n flexible seg\u00fan sus preferencias.<\/p>","protected":false},"excerpt":{"rendered":"<p>ABOUT THE TRIP Experience a luxury sailing adventure aboard the XENA 630, where you can enjoy a special voyage tailored to your desires. Whether you choose to sail for a few hours, a full day, a weekend, or longer, this trip offers a unique opportunity to explore beautiful destinations in comfort and style, making it [&hellip;]<\/p>\n","protected":false},"featured_media":13974,"comment_status":"open","ping_status":"closed","template":"","meta":[],"product_brand":[],"product_cat":[320,256],"product_tag":[],"class_list":{"0":"post-13973","1":"product","2":"type-product","3":"status-publish","4":"has-post-thumbnail","6":"product_cat-la-condamine","7":"product_cat-monaco","10":"instock","11":"shipping-taxable","12":"product-type-simple","13":"product-grid-view"},"_links":{"self":[{"href":"https:\/\/yachtsmembership.com\/es\/wp-json\/wp\/v2\/product\/13973","targetHints":{"allow":["GET"]}}],"collection":[{"href":"https:\/\/yachtsmembership.com\/es\/wp-json\/wp\/v2\/product"}],"about":[{"href":"https:\/\/yachtsmembership.com\/es\/wp-json\/wp\/v2\/types\/product"}],"replies":[{"embeddable":true,"href":"https:\/\/yachtsmembership.com\/es\/wp-json\/wp\/v2\/comments?post=13973"}],"wp:featuredmedia":[{"embeddable":true,"href":"https:\/\/yachtsmembership.com\/es\/wp-json\/wp\/v2\/media\/13974"}],"wp:attachment":[{"href":"https:\/\/yachtsmembership.com\/es\/wp-json\/wp\/v2\/media?parent=13973"}],"wp:term":[{"taxonomy":"product_brand","embeddable":true,"href":"https:\/\/yachtsmembership.com\/es\/wp-json\/wp\/v2\/product_brand?post=13973"},{"taxonomy":"product_cat","embeddable":true,"href":"https:\/\/yachtsmembership.com\/es\/wp-json\/wp\/v2\/product_cat?post=13973"},{"taxonomy":"product_tag","embeddable":true,"href":"https:\/\/yachtsmembership.com\/es\/wp-json\/wp\/v2\/product_tag?post=13973"}],"curies":[{"name":"wp","href":"https:\/\/api.w.org\/{rel}","templated":true}]}}