{"id":13992,"date":"2025-05-26T17:53:59","date_gmt":"2025-05-26T17:53:59","guid":{"rendered":"https:\/\/yachtsmembership.com\/?post_type=product&#038;p=13992"},"modified":"2025-05-26T17:53:59","modified_gmt":"2025-05-26T17:53:59","slug":"jeanneau-37-nc-motor-yacht-rental-in-cote-dazur-france","status":"publish","type":"product","link":"https:\/\/yachtsmembership.com\/es\/boats\/jeanneau-37-nc-motor-yacht-rental-in-cote-dazur-france\/","title":{"rendered":"Alquiler de yate a motor Jeanneau 37 NC en la Costa Azul, Francia"},"content":{"rendered":"<p>Experimente la elegancia del yate a motor Jeanneau 37 NC en la Costa Azul: perfecto para hasta 9 invitados, este elegante yate ofrece una forma lujosa de explorar la impresionante Riviera francesa. **Todos nuestros barcos en la Costa Azul pueden embarcar en todos estos destinos: Costa Azul - Cannes, Antibes, Niza, M\u00f3naco y Saint Tropez, dependiendo del destino se aplicar\u00e1 una tarifa de recogida \/ devoluci\u00f3n desde el puerto deportivo de atraque a uno diferente.** Qu\u00e9 esperar a bordo: Un maravilloso compromiso entre comodidad y rendimiento, el NC 37 se adapta a sus necesidades: salidas expr\u00e9s o cruceros de larga distancia, sol abrasador o cruceros nocturnos, navegaci\u00f3n en familia o con amigos ... Especificaci\u00f3n: \u2022 Constructor: Jeanneau \u2022 Construido: 2021 \u2022 Eslora: 12,00 m \u2022 Manga: 3,59 m \u2022 Puerto base: Port Gallice - Juan les Pins \u2022 Velocidad de crucero: 25 nudos \u2022 Consumo: 80 L \/ Hora \u2022 Camarote: 2 (1 doble + 1 twin) \u2022 Invitados de crucero: 9 \u2022 Tripulaci\u00f3n: 1 *Duraci\u00f3n est\u00e1ndar de un d\u00eda de ch\u00e1rter: 9 horas Paquete de bienvenida VIP \u2022 Champ\u00e1n \u2022 Refrescos \u2022 Snacks \u2022 Protector solar \u2022 Toallas INCLUIDO: \u2022 Seguro total \u2022 Equipo est\u00e1ndar \u2022 Limpieza final \u2022 Patr\u00f3n NO INCLUIDO: \u2022 APA \u2022 Consumo de combustible \u2022 Gastos de recogida\/entrega<\/p>","protected":false},"excerpt":{"rendered":"<p>Experience the elegance of the Jeanneau 37 NC Motor Yacht in Cote d&#8217;Azur: Perfect for up to 9 guests, this stylish yacht offers a luxurious way to explore the stunning French Riviera! **All our boats in Cote d&#8217;Azur are able to boarding in all these destinations: Cote d&#8217;Azur &#8211; Cannes, Antibes, Nice, M\u00f4naco &amp; Saint [&hellip;]<\/p>\n","protected":false},"featured_media":13993,"comment_status":"open","ping_status":"closed","template":"","meta":[],"product_brand":[],"product_cat":[320,256],"product_tag":[],"class_list":{"0":"post-13992","1":"product","2":"type-product","3":"status-publish","4":"has-post-thumbnail","6":"product_cat-la-condamine","7":"product_cat-monaco","10":"instock","11":"shipping-taxable","12":"product-type-simple","13":"product-grid-view"},"_links":{"self":[{"href":"https:\/\/yachtsmembership.com\/es\/wp-json\/wp\/v2\/product\/13992","targetHints":{"allow":["GET"]}}],"collection":[{"href":"https:\/\/yachtsmembership.com\/es\/wp-json\/wp\/v2\/product"}],"about":[{"href":"https:\/\/yachtsmembership.com\/es\/wp-json\/wp\/v2\/types\/product"}],"replies":[{"embeddable":true,"href":"https:\/\/yachtsmembership.com\/es\/wp-json\/wp\/v2\/comments?post=13992"}],"wp:featuredmedia":[{"embeddable":true,"href":"https:\/\/yachtsmembership.com\/es\/wp-json\/wp\/v2\/media\/13993"}],"wp:attachment":[{"href":"https:\/\/yachtsmembership.com\/es\/wp-json\/wp\/v2\/media?parent=13992"}],"wp:term":[{"taxonomy":"product_brand","embeddable":true,"href":"https:\/\/yachtsmembership.com\/es\/wp-json\/wp\/v2\/product_brand?post=13992"},{"taxonomy":"product_cat","embeddable":true,"href":"https:\/\/yachtsmembership.com\/es\/wp-json\/wp\/v2\/product_cat?post=13992"},{"taxonomy":"product_tag","embeddable":true,"href":"https:\/\/yachtsmembership.com\/es\/wp-json\/wp\/v2\/product_tag?post=13992"}],"curies":[{"name":"wp","href":"https:\/\/api.w.org\/{rel}","templated":true}]}}