{"id":14002,"date":"2025-05-26T17:57:34","date_gmt":"2025-05-26T17:57:34","guid":{"rendered":"https:\/\/yachtsmembership.com\/?post_type=product&#038;p=14002"},"modified":"2025-05-26T17:57:34","modified_gmt":"2025-05-26T17:57:34","slug":"beneteau-gran-turismo-38-grey-motor-yacht-rental-in-cote-dazur-france","status":"publish","type":"product","link":"https:\/\/yachtsmembership.com\/es\/boats\/beneteau-gran-turismo-38-grey-motor-yacht-rental-in-cote-dazur-france\/","title":{"rendered":"Alquiler de yate a motor Beneteau Gran Turismo 38 Grey en la Costa Azul, Francia"},"content":{"rendered":"<p>Descubra lujo y comodidad inigualables en el yate a motor Beneteau Gran Turismo 38 en la Costa Azul. Este impresionante yate est\u00e1 dise\u00f1ado para brindar una experiencia de navegaci\u00f3n superior en las cristalinas aguas del Mediterr\u00e1neo. Tarifas: \u2022 4 horas: $1752 \u2022 9 horas: $2295 *Todos nuestros barcos en la Costa Azul pueden embarcar en todos estos destinos: Costa Azul \u2013 Cannes, Antibes, Niza, M\u00f3naco y Saint Tropez. Dependiendo del destino, se aplicar\u00e1 una tarifa de recogida\/entrega desde el puerto deportivo a otro.** Qu\u00e9 esperar a bordo: Con un c\u00f3modo espacio interior con ba\u00f1o, podr\u00e1 elegir entre tomar el sol o relajarse a la sombra despu\u00e9s de un ba\u00f1o. \u00a1El Gran Turismo 38 es el barco perfecto para un d\u00eda! Especificaci\u00f3n: \u2022 Constructor: Beneteau \u2022 Marca: GRAN TURISMO 38 \u2022 Construcci\u00f3n: 2003 reacondicionado en 2021 \u2022 Eslora: 12,50 m \u2022 Manga: 3,71 m \u2022 Puerto base: Port Gallice \u2013 Juan les Pins \u2022 Velocidad de crucero: 25 nudos \u2022 Consumo: 80 L \/ Hora \u2022 Camarotes: 2 dobles \u2022 Pasajeros: 9 \u2022 Tripulaci\u00f3n: 1 *Duraci\u00f3n est\u00e1ndar de un d\u00eda de charter: 9 horas Paquete de bienvenida VIP \u2022 Champ\u00e1n \u2022 Refrescos \u2022 Aperitivos \u2022 Protector solar \u2022 Toallas INCLUIDO: \u2022 Seguro a todo riesgo \u2022 Equipo est\u00e1ndar \u2022 Limpieza final \u2022 Patr\u00f3n NO INCLUIDO: \u2022 APA \u2022 Consumo de combustible \u2022 Gastos de recogida\/entrega<\/p>","protected":false},"excerpt":{"rendered":"<p>Discover unmatched luxury and comfort on the Gran Turismo 38 Beneteau Motor Yacht in Cote d&#8217;Azur. This stunning yacht is designed to provide a superior yachting experience on the Mediterranean clear waters! Rates: \u2022 4 hours: $1752 \u2022 9 hours: $2295 *All our boats in Cote d&#8217;Azur are able to boarding in all these destinations: [&hellip;]<\/p>\n","protected":false},"featured_media":14003,"comment_status":"open","ping_status":"closed","template":"","meta":[],"product_brand":[],"product_cat":[320,256],"product_tag":[],"class_list":{"0":"post-14002","1":"product","2":"type-product","3":"status-publish","4":"has-post-thumbnail","6":"product_cat-la-condamine","7":"product_cat-monaco","10":"instock","11":"shipping-taxable","12":"product-type-simple","13":"product-grid-view"},"_links":{"self":[{"href":"https:\/\/yachtsmembership.com\/es\/wp-json\/wp\/v2\/product\/14002","targetHints":{"allow":["GET"]}}],"collection":[{"href":"https:\/\/yachtsmembership.com\/es\/wp-json\/wp\/v2\/product"}],"about":[{"href":"https:\/\/yachtsmembership.com\/es\/wp-json\/wp\/v2\/types\/product"}],"replies":[{"embeddable":true,"href":"https:\/\/yachtsmembership.com\/es\/wp-json\/wp\/v2\/comments?post=14002"}],"wp:featuredmedia":[{"embeddable":true,"href":"https:\/\/yachtsmembership.com\/es\/wp-json\/wp\/v2\/media\/14003"}],"wp:attachment":[{"href":"https:\/\/yachtsmembership.com\/es\/wp-json\/wp\/v2\/media?parent=14002"}],"wp:term":[{"taxonomy":"product_brand","embeddable":true,"href":"https:\/\/yachtsmembership.com\/es\/wp-json\/wp\/v2\/product_brand?post=14002"},{"taxonomy":"product_cat","embeddable":true,"href":"https:\/\/yachtsmembership.com\/es\/wp-json\/wp\/v2\/product_cat?post=14002"},{"taxonomy":"product_tag","embeddable":true,"href":"https:\/\/yachtsmembership.com\/es\/wp-json\/wp\/v2\/product_tag?post=14002"}],"curies":[{"name":"wp","href":"https:\/\/api.w.org\/{rel}","templated":true}]}}