{"id":14022,"date":"2025-05-26T18:12:46","date_gmt":"2025-05-26T18:12:46","guid":{"rendered":"https:\/\/yachtsmembership.com\/?post_type=product&#038;p=14022"},"modified":"2025-05-26T18:12:46","modified_gmt":"2025-05-26T18:12:46","slug":"m-y-jojo-cantieri-navali-rossato-luxury-yacht-charter-in-monaco","status":"publish","type":"product","link":"https:\/\/yachtsmembership.com\/es\/boats\/m-y-jojo-cantieri-navali-rossato-luxury-yacht-charter-in-monaco\/","title":{"rendered":"M\/Y JoJo Cantieri Navali Rossato Alquiler de yates de lujo en M\u00f3naco"},"content":{"rendered":"<p>El M\/Y JoJo es un yate a motor cl\u00e1sico de 40 m (132 pies) basado en el renombrado dise\u00f1o Feadship, con una amplia cubierta, un interior moderno y acogedor, y un casco blanco inmaculado. Construido por el prestigioso astillero ROSSATO en Italia, el JoJo puede alojar hasta diez hu\u00e9spedes en cinco camarotes, ofreciendo un alojamiento lujoso y relajado. Nueve tripulantes internacionales brindan un servicio ejemplar. Todos est\u00e1n bien capacitados con los m\u00e1s altos est\u00e1ndares de seguridad y le dan la bienvenida a bordo para garantizar momentos inolvidables durante sus vacaciones. El M\/Y JoJo es un yate de desplazamiento completo con una estabilidad excepcional gracias a su calado y al equipo estabilizador instalado. Con un alcance de hasta 3000 millas n\u00e1uticas (mn), su navegaci\u00f3n es extremadamente suave y silenciosa, y cuenta con una trayectoria comprobada como un crucero mundial totalmente equipado y de eficacia probada. Dise\u00f1o interior: El interior del M\/Y JoJo es de artesan\u00eda italiana cl\u00e1sica, pero tambi\u00e9n presenta un dise\u00f1o moderno gracias a su reciente remodelaci\u00f3n en 2022. El dise\u00f1o cl\u00e1sico del yate se caracteriza por un interior espacioso, amplios pasillos, espaciosas salas de estar y lujosos camarotes. El barco cuenta con 5 camarotes de lujo con capacidad para un total de 10 hu\u00e9spedes. La oficina se puede convertir en un camarote con cama queen-size. Al igual que el resto del barco, son espaciosos. Los estabilizadores permiten a nuestros hu\u00e9spedes olvidarse del mar y simplemente disfrutar de la comodidad de una villa. El dise\u00f1o de construcci\u00f3n y la distribuci\u00f3n del M\/Y JoJo hacen de este yate la opci\u00f3n ideal para eventos, celebraciones y grandes recepciones. Cubierta principal: Toda la cubierta est\u00e1 dedicada a la suite principal. La cubierta principal a popa del yate cuenta con una zona de relax privada, un lugar perfecto para disfrutar del desayuno frente a la suite principal o de una copa de champ\u00e1n antes de la cena. Tambi\u00e9n puede utilizarse como gimnasio al aire libre. Puede ejercitarse o mimarse con un masaje mientras disfruta de la vista al mar. La cubierta principal se extiende sobre la mitad del segundo puente. Cubierta Sky: Un espacio c\u00f3modo para relajarse y un espacio abierto para reunirse y disfrutar de hermosas puestas de sol. Con una zona de descanso, tumbonas y dos mesas semicirculares, la cubierta Sky es ideal para desayunar, comer o cenar. Observe c\u00f3mo nuestro chef prepara especialidades reci\u00e9n asadas en una zona de barbacoa al aire libre. Los paneles transl\u00facidos protegen la cubierta Sky de las corrientes de aire, y el enorme sal\u00f3n de popa ofrece vistas panor\u00e1micas de la popa. Especificaciones: \u2022 Eslora: 40 m\/132 pies \u2022 A\u00f1o de construcci\u00f3n: 1996 \u2022 A\u00f1o de reacondicionamiento: 2022 \u2022 Constructor: Cantieri Navali Rossato \u2022 Camarotes: 6 \u2022 Tripulaci\u00f3n: 8 \u2022 N\u00famero de invitados a bordo: \u2022 Crucero: 36 \u2022 Capacidad para dormir: 12 \u2022 Eventos: 80 \u2022 Velocidad m\u00e1xima: 12 nudos \u2022 Velocidad de crucero: 10 nudos \u2022 Consumo de combustible: 225 L\/h<\/p>","protected":false},"excerpt":{"rendered":"<p>M\/Y JoJo is a 132 ft (40m) classical motor yacht based on the renowned Feadship design, featuring spacious sun deck arrangements, modern yet homey interior, and an immaculate white hull. Built by the renowed ROSSATO Shipyard in Italy, JoJo can accommodate up to ten guests in five cabins, offering luxurious as well as relaxed living. [&hellip;]<\/p>\n","protected":false},"featured_media":14024,"comment_status":"open","ping_status":"closed","template":"","meta":[],"product_brand":[],"product_cat":[320,256],"product_tag":[],"class_list":{"0":"post-14022","1":"product","2":"type-product","3":"status-publish","4":"has-post-thumbnail","6":"product_cat-la-condamine","7":"product_cat-monaco","10":"instock","11":"shipping-taxable","12":"product-type-simple","13":"product-grid-view"},"_links":{"self":[{"href":"https:\/\/yachtsmembership.com\/es\/wp-json\/wp\/v2\/product\/14022","targetHints":{"allow":["GET"]}}],"collection":[{"href":"https:\/\/yachtsmembership.com\/es\/wp-json\/wp\/v2\/product"}],"about":[{"href":"https:\/\/yachtsmembership.com\/es\/wp-json\/wp\/v2\/types\/product"}],"replies":[{"embeddable":true,"href":"https:\/\/yachtsmembership.com\/es\/wp-json\/wp\/v2\/comments?post=14022"}],"wp:featuredmedia":[{"embeddable":true,"href":"https:\/\/yachtsmembership.com\/es\/wp-json\/wp\/v2\/media\/14024"}],"wp:attachment":[{"href":"https:\/\/yachtsmembership.com\/es\/wp-json\/wp\/v2\/media?parent=14022"}],"wp:term":[{"taxonomy":"product_brand","embeddable":true,"href":"https:\/\/yachtsmembership.com\/es\/wp-json\/wp\/v2\/product_brand?post=14022"},{"taxonomy":"product_cat","embeddable":true,"href":"https:\/\/yachtsmembership.com\/es\/wp-json\/wp\/v2\/product_cat?post=14022"},{"taxonomy":"product_tag","embeddable":true,"href":"https:\/\/yachtsmembership.com\/es\/wp-json\/wp\/v2\/product_tag?post=14022"}],"curies":[{"name":"wp","href":"https:\/\/api.w.org\/{rel}","templated":true}]}}