{"id":14023,"date":"2025-05-26T18:25:44","date_gmt":"2025-05-26T18:25:44","guid":{"rendered":"https:\/\/yachtsmembership.com\/?post_type=product&#038;p=14023"},"modified":"2025-06-06T23:01:00","modified_gmt":"2025-06-06T23:01:00","slug":"kristiansand-norway-cruises-explore-scenic-fjords-on-an-82-traditional-schooner","status":"publish","type":"product","link":"https:\/\/yachtsmembership.com\/es\/boats\/kristiansand-norway-cruises-explore-scenic-fjords-on-an-82-traditional-schooner\/","title":{"rendered":"Cruceros por Kristiansand, Noruega: Explore los pintorescos fiordos en una goleta tradicional de 82 pies"},"content":{"rendered":"<p>Enjoy a fun-filled day sailing around the archepelago fjords with your friend! Book the\u00a082&#8242; Schooner for up to 100 person. Rate starts at\u00a07,500 NOK per hour (minimum of 2 hours).<\/p>\n<p>Qu\u00e9 puedes esperar:<\/p>\n<p>Our flagship is a real schooner that is 82 feet long. Onboard this ship you can bring up to 100 guests, and we can arrange almost anything for you. Anniversaries, summer parties for your company, weddings, confirmation, theme parties, school camps &#8211; even Christmas dinners has been arranged with great success.<\/p>\n<p>The boat has its own liquor license for serving of alcohol, and food on board you&#8217;ll find in our rich menu. We can also provide you with live music and other entertainment.<\/p>\n<p>Imagine a summer with sun and fresh shrimp on deck. Should the weather change, we have good capacity below deck or under large sail cloths that covering the whole ship.<\/p>\n<p>Si tiene alguna pregunta, podemos responderla a trav\u00e9s de la plataforma de mensajer\u00eda de GetMyBoat antes de pagar. Simplemente haga clic en &quot;Solicitar reserva&quot; y env\u00edenos una consulta para obtener una oferta personalizada.<\/p>","protected":false},"excerpt":{"rendered":"<p>Enjoy a fun-filled day sailing around the archepelago fjords with your friend! Book the\u00a082&#8242; Schooner for up to 100 person. Rate starts at\u00a07,500 NOK per hour (minimum of 2 hours). What You Can Expect: Our flagship is a real schooner that is 82 feet long. Onboard this ship you can bring up to 100 guests, [&hellip;]<\/p>\n","protected":false},"featured_media":14090,"comment_status":"open","ping_status":"closed","template":"","meta":[],"product_brand":[],"product_cat":[215,361],"product_tag":[],"class_list":{"0":"post-14023","1":"product","2":"type-product","3":"status-publish","4":"has-post-thumbnail","6":"product_cat-noruega","7":"product_cat-noruega-noruega","10":"instock","11":"shipping-taxable","12":"product-type-simple","13":"product-grid-view"},"_links":{"self":[{"href":"https:\/\/yachtsmembership.com\/es\/wp-json\/wp\/v2\/product\/14023","targetHints":{"allow":["GET"]}}],"collection":[{"href":"https:\/\/yachtsmembership.com\/es\/wp-json\/wp\/v2\/product"}],"about":[{"href":"https:\/\/yachtsmembership.com\/es\/wp-json\/wp\/v2\/types\/product"}],"replies":[{"embeddable":true,"href":"https:\/\/yachtsmembership.com\/es\/wp-json\/wp\/v2\/comments?post=14023"}],"wp:featuredmedia":[{"embeddable":true,"href":"https:\/\/yachtsmembership.com\/es\/wp-json\/wp\/v2\/media\/14090"}],"wp:attachment":[{"href":"https:\/\/yachtsmembership.com\/es\/wp-json\/wp\/v2\/media?parent=14023"}],"wp:term":[{"taxonomy":"product_brand","embeddable":true,"href":"https:\/\/yachtsmembership.com\/es\/wp-json\/wp\/v2\/product_brand?post=14023"},{"taxonomy":"product_cat","embeddable":true,"href":"https:\/\/yachtsmembership.com\/es\/wp-json\/wp\/v2\/product_cat?post=14023"},{"taxonomy":"product_tag","embeddable":true,"href":"https:\/\/yachtsmembership.com\/es\/wp-json\/wp\/v2\/product_tag?post=14023"}],"curies":[{"name":"wp","href":"https:\/\/api.w.org\/{rel}","templated":true}]}}