{"id":14061,"date":"2025-05-26T18:22:58","date_gmt":"2025-05-26T18:22:58","guid":{"rendered":"https:\/\/yachtsmembership.com\/?post_type=product&#038;p=14061"},"modified":"2025-05-26T18:22:58","modified_gmt":"2025-05-26T18:22:58","slug":"prestige-680-romy-one-power-mega-yacht-rental-in-cote-dazur-france","status":"publish","type":"product","link":"https:\/\/yachtsmembership.com\/es\/boats\/prestige-680-romy-one-power-mega-yacht-rental-in-cote-dazur-france\/","title":{"rendered":"Alquiler de megayate Prestige 680 Romy One Power en la Costa Azul, Francia"},"content":{"rendered":"<p>Alquile el Prestige 680 Power Mega Yacht en la Riviera Francesa: \u00a1una embarcaci\u00f3n exquisita donde el dise\u00f1o elegante se fusiona a la perfecci\u00f3n con una aventura de crucero inolvidable! **Todos nuestros barcos en la Costa Azul pueden embarcar en todos estos destinos: Costa Azul - Cannes, Antibes, Niza, M\u00f3naco y Saint Tropez, dependiendo del destino se aplicar\u00e1 una tarifa de recogida \/ entrega desde el puerto deportivo de atraque a uno diferente.** Qu\u00e9 esperar a bordo: Con su techo corredizo de apertura el\u00e9ctrica y su enorme flybridge deportivo, el Prestige 680 Mal\u00e9 IV Power Mega Yacht muestra un estilo moderno y din\u00e1mico. El parabrisas de popa y el arco perfilado crean un dise\u00f1o verdaderamente elegante y deportivo, abierto al mar con total comodidad y privacidad. El motor IPS 1200 para una f\u00e1cil maniobrabilidad har\u00e1 que sus cruceros por el mar Mediterr\u00e1neo sean inolvidables. Este yate viene con cuatro camarotes que han sido cuidadosamente amueblados por el dise\u00f1ador de interiores Nikolas Gassmann. En combinaci\u00f3n con la impresionante decoraci\u00f3n del reconocido artista y fot\u00f3grafo Axel Crieger, cada habitaci\u00f3n crea una experiencia \u00fanica para nuestros hu\u00e9spedes y los transporta a nuevos mundos. Este megayate a motor cuenta con dos lujosos camarotes, cada uno con ba\u00f1o propio. Adem\u00e1s, cuenta con dos camarotes dobles con camas individuales que se convierten f\u00e1cilmente en camas dobles. El camarote principal cuenta con una claraboya superior con escotilla abatible y persiana el\u00e9ctrica que iluminar\u00e1 cada ma\u00f1ana. Adem\u00e1s de una lancha auxiliar Agilis Jet de alta calidad, el yate est\u00e1 equipado con juguetes acu\u00e1ticos de primera calidad, siempre disponibles para un emocionante ba\u00f1o. Especificaci\u00f3n: \u2022 Modelo: Prestige 680 \u2022 A\u00f1o: 2019 \u2022 Eslora: 21,45 m \u2022 Manga: 5,30 m \u2022 Calado: 1,58 m \u2022 Motor: Volvo 2 x IPS 1200 D13 \u2013 900 HP \u2022 Consumo de combustible: 220 l\/h \u2022 Velocidad de crucero: 20 nudos \u2022 Velocidad m\u00e1xima: 27 nudos \u2022 Capacidad de invitados: 14 de crucero \/ 8 de noche \u2022 Camarotes: 4 \u2022 Ba\u00f1os: 3 \u2022 Tripulaci\u00f3n profesional: 2 \u2022 Con base en Port Vauban Antibes \u2022 Duraci\u00f3n est\u00e1ndar de un d\u00eda de charter: 8 horas \u2022 Estabilizador: Reduce el mareo JUGUETES Y TENDER: \u2022 Agilis Jet Tender \u2022 1 iAQUA Waterjet \u2022 1 JOBE Donut Funtube \u2022 2 Paddle Boards \u2022 2 E-Scooter \u2022 1 JOBE Waterski \u2022 Equipo de snorkel Servicios incluidos: \u2022 REFRESCOS, VINO EST\u00c1NDAR, CERVEZA, BEBIDAS CALIENTES BEBIDAS \u2022 ACCESO A AMAZON PRIME Y NETFLIX \u2022 JUGUETES Y DISPOSITIVOS ACU\u00c1TICOS \u2022 SERVICIO PROFESIONAL Adicionales a petici\u00f3n: \u2022 CHEF PRIVADO \u2022 GESTI\u00d3N DE EVENTOS \u2022 CATERING INCLUIDO: \u2022 1 Capit\u00e1n y 1 Cocinera azafata \u2022 Seguro total \u2022 Limpieza final \u2022 Bebidas (Agua y refrescos, Cerveza) \u2022 Aperitivos NO INCLUIDOS: \u2022 Consumo de combustible \u2022 Lugar de amarre \u2022 IVA local, APA** ** APA (Asignaci\u00f3n de aprovisionamiento avanzado) debe pagarse por adelantado. Ch\u00e1rter de fin de semana: Vie - Dom Ch\u00e1rter de 7 d\u00edas: Lun - Dom Si tiene alguna pregunta, podemos responderla a trav\u00e9s de la plataforma de mensajer\u00eda de GetMyBoat antes de pagar. Simplemente haga clic en &quot;Solicitar reserva&quot; y env\u00edenos una consulta para una oferta personalizada.<\/p>","protected":false},"excerpt":{"rendered":"<p>Charter the Prestige 680 Power Mega Yacht in the French Riviera\u2014an exquisite vessel where sleek design seamlessly merges with an unforgettable cruising adventure! **All our boats in Cote d&#8217;Azur are able to boarding in all these destinations: Cote d&#8217;Azur &#8211; Cannes, Antibes, Nice, M\u00f4naco &amp; Saint Tropez, depending on the destination will be applied a [&hellip;]<\/p>\n","protected":false},"featured_media":14063,"comment_status":"open","ping_status":"closed","template":"","meta":[],"product_brand":[],"product_cat":[320,256],"product_tag":[],"class_list":{"0":"post-14061","1":"product","2":"type-product","3":"status-publish","4":"has-post-thumbnail","6":"product_cat-la-condamine","7":"product_cat-monaco","10":"instock","11":"shipping-taxable","12":"product-type-simple","13":"product-grid-view"},"_links":{"self":[{"href":"https:\/\/yachtsmembership.com\/es\/wp-json\/wp\/v2\/product\/14061","targetHints":{"allow":["GET"]}}],"collection":[{"href":"https:\/\/yachtsmembership.com\/es\/wp-json\/wp\/v2\/product"}],"about":[{"href":"https:\/\/yachtsmembership.com\/es\/wp-json\/wp\/v2\/types\/product"}],"replies":[{"embeddable":true,"href":"https:\/\/yachtsmembership.com\/es\/wp-json\/wp\/v2\/comments?post=14061"}],"wp:featuredmedia":[{"embeddable":true,"href":"https:\/\/yachtsmembership.com\/es\/wp-json\/wp\/v2\/media\/14063"}],"wp:attachment":[{"href":"https:\/\/yachtsmembership.com\/es\/wp-json\/wp\/v2\/media?parent=14061"}],"wp:term":[{"taxonomy":"product_brand","embeddable":true,"href":"https:\/\/yachtsmembership.com\/es\/wp-json\/wp\/v2\/product_brand?post=14061"},{"taxonomy":"product_cat","embeddable":true,"href":"https:\/\/yachtsmembership.com\/es\/wp-json\/wp\/v2\/product_cat?post=14061"},{"taxonomy":"product_tag","embeddable":true,"href":"https:\/\/yachtsmembership.com\/es\/wp-json\/wp\/v2\/product_tag?post=14061"}],"curies":[{"name":"wp","href":"https:\/\/api.w.org\/{rel}","templated":true}]}}