{"id":14104,"date":"2025-05-26T18:31:57","date_gmt":"2025-05-26T18:31:57","guid":{"rendered":"https:\/\/yachtsmembership.com\/?post_type=product&#038;p=14104"},"modified":"2025-06-06T22:59:14","modified_gmt":"2025-06-06T22:59:14","slug":"sailboat-oyster-55-for-6-people-in-the-norwegian-fjords","status":"publish","type":"product","link":"https:\/\/yachtsmembership.com\/es\/boats\/sailboat-oyster-55-for-6-people-in-the-norwegian-fjords\/","title":{"rendered":"Velero Oyster 55 para 6 personas en los fiordos noruegos"},"content":{"rendered":"<p>Velvet Lady is a safe and comfortable Oyster 55 operated as a skipper charter boat by Lin and Richard.\u00a0 This summer we are operating a full program in Norway including this group booking special.\u00a0This is a skippered charter boat with 2 crew and up to 6 guests.<\/p>\n<p>This one-off special 10 nights for \u00a36500 is for a group booking of up to 6 people\u00a0 for the dates 3rd to 13th August.<\/p>\n<p>Starting in Floro and ending in Bergen we will cruise down the Norwegian coastline.<\/p>\n<p>This is a family-friendly trip with the minimum age as 12.<\/p>\n<p>Si tiene alguna pregunta, podemos responderla a trav\u00e9s de la plataforma de mensajer\u00eda de GetMyBoat antes de pagar. Simplemente haga clic en &quot;Solicitar reserva&quot; y env\u00edenos una consulta para obtener una oferta personalizada.<\/p>","protected":false},"excerpt":{"rendered":"<p>Velvet Lady is a safe and comfortable Oyster 55 operated as a skipper charter boat by Lin and Richard.\u00a0 This summer we are operating a full program in Norway including this group booking special.\u00a0This is a skippered charter boat with 2 crew and up to 6 guests. This one-off special 10 nights for \u00a36500 is [&hellip;]<\/p>\n","protected":false},"featured_media":14105,"comment_status":"open","ping_status":"closed","template":"","meta":[],"product_brand":[],"product_cat":[215,361],"product_tag":[],"class_list":{"0":"post-14104","1":"product","2":"type-product","3":"status-publish","4":"has-post-thumbnail","6":"product_cat-noruega","7":"product_cat-noruega-noruega","10":"instock","11":"shipping-taxable","12":"product-type-simple","13":"product-grid-view"},"_links":{"self":[{"href":"https:\/\/yachtsmembership.com\/es\/wp-json\/wp\/v2\/product\/14104","targetHints":{"allow":["GET"]}}],"collection":[{"href":"https:\/\/yachtsmembership.com\/es\/wp-json\/wp\/v2\/product"}],"about":[{"href":"https:\/\/yachtsmembership.com\/es\/wp-json\/wp\/v2\/types\/product"}],"replies":[{"embeddable":true,"href":"https:\/\/yachtsmembership.com\/es\/wp-json\/wp\/v2\/comments?post=14104"}],"wp:featuredmedia":[{"embeddable":true,"href":"https:\/\/yachtsmembership.com\/es\/wp-json\/wp\/v2\/media\/14105"}],"wp:attachment":[{"href":"https:\/\/yachtsmembership.com\/es\/wp-json\/wp\/v2\/media?parent=14104"}],"wp:term":[{"taxonomy":"product_brand","embeddable":true,"href":"https:\/\/yachtsmembership.com\/es\/wp-json\/wp\/v2\/product_brand?post=14104"},{"taxonomy":"product_cat","embeddable":true,"href":"https:\/\/yachtsmembership.com\/es\/wp-json\/wp\/v2\/product_cat?post=14104"},{"taxonomy":"product_tag","embeddable":true,"href":"https:\/\/yachtsmembership.com\/es\/wp-json\/wp\/v2\/product_tag?post=14104"}],"curies":[{"name":"wp","href":"https:\/\/api.w.org\/{rel}","templated":true}]}}