{"id":14191,"date":"2025-05-26T18:57:43","date_gmt":"2025-05-26T18:57:43","guid":{"rendered":"https:\/\/yachtsmembership.com\/?post_type=product&#038;p=14191"},"modified":"2025-06-06T22:56:39","modified_gmt":"2025-06-06T22:56:39","slug":"bergen-boat-rental-yacht-charters-explore-norways-stunning-fjords","status":"publish","type":"product","link":"https:\/\/yachtsmembership.com\/es\/boats\/bergen-boat-rental-yacht-charters-explore-norways-stunning-fjords\/","title":{"rendered":"Alquiler de barcos y yates en Bergen: explora los impresionantes fiordos de Noruega"},"content":{"rendered":"<p>Cruise around the Fjords north of Bergen, Norway\u00a0by boat!\u00a0Charter a motor yacht for up to 12 people. Rates as low as \u20ac960 EUR per day.<\/p>\n<p>Sightseeing Trip:<\/p>\n<p>Would you like to participate and experience the breathtaking scenery? Then you are welcome aboard. We spend about 5 hours until we are back to center.<\/p>\n<p>Si tiene alguna pregunta, podemos responderla a trav\u00e9s de la plataforma de mensajer\u00eda de GetMyBoat antes de pagar. Simplemente haga clic en &quot;Solicitar reserva&quot; y env\u00edenos una consulta para obtener una oferta personalizada.<\/p>","protected":false},"excerpt":{"rendered":"<p>Cruise around the Fjords north of Bergen, Norway\u00a0by boat!\u00a0Charter a motor yacht for up to 12 people. Rates as low as \u20ac960 EUR per day. Sightseeing Trip: Would you like to participate and experience the breathtaking scenery? Then you are welcome aboard. We spend about 5 hours until we are back to center. If you [&hellip;]<\/p>\n","protected":false},"featured_media":14192,"comment_status":"open","ping_status":"closed","template":"","meta":[],"product_brand":[],"product_cat":[215,361],"product_tag":[],"class_list":{"0":"post-14191","1":"product","2":"type-product","3":"status-publish","4":"has-post-thumbnail","6":"product_cat-noruega","7":"product_cat-noruega-noruega","10":"instock","11":"shipping-taxable","12":"product-type-simple","13":"product-grid-view"},"_links":{"self":[{"href":"https:\/\/yachtsmembership.com\/es\/wp-json\/wp\/v2\/product\/14191","targetHints":{"allow":["GET"]}}],"collection":[{"href":"https:\/\/yachtsmembership.com\/es\/wp-json\/wp\/v2\/product"}],"about":[{"href":"https:\/\/yachtsmembership.com\/es\/wp-json\/wp\/v2\/types\/product"}],"replies":[{"embeddable":true,"href":"https:\/\/yachtsmembership.com\/es\/wp-json\/wp\/v2\/comments?post=14191"}],"wp:featuredmedia":[{"embeddable":true,"href":"https:\/\/yachtsmembership.com\/es\/wp-json\/wp\/v2\/media\/14192"}],"wp:attachment":[{"href":"https:\/\/yachtsmembership.com\/es\/wp-json\/wp\/v2\/media?parent=14191"}],"wp:term":[{"taxonomy":"product_brand","embeddable":true,"href":"https:\/\/yachtsmembership.com\/es\/wp-json\/wp\/v2\/product_brand?post=14191"},{"taxonomy":"product_cat","embeddable":true,"href":"https:\/\/yachtsmembership.com\/es\/wp-json\/wp\/v2\/product_cat?post=14191"},{"taxonomy":"product_tag","embeddable":true,"href":"https:\/\/yachtsmembership.com\/es\/wp-json\/wp\/v2\/product_tag?post=14191"}],"curies":[{"name":"wp","href":"https:\/\/api.w.org\/{rel}","templated":true}]}}