{"id":14193,"date":"2025-05-26T19:14:52","date_gmt":"2025-05-26T19:14:52","guid":{"rendered":"https:\/\/yachtsmembership.com\/?post_type=product&#038;p=14193"},"modified":"2025-05-29T19:11:33","modified_gmt":"2025-05-29T19:11:33","slug":"lavignia-luxury-motor-yacht-premium-yacht-rental-in-hurghada-for-red-sea-adventures","status":"publish","type":"product","link":"https:\/\/yachtsmembership.com\/es\/boats\/lavignia-luxury-motor-yacht-premium-yacht-rental-in-hurghada-for-red-sea-adventures\/","title":{"rendered":"Yate a motor de lujo Lavignia: alquiler de yate premium en Hurghada para disfrutar de aventuras en el Mar Rojo"},"content":{"rendered":"<p>Want to escape the city and see the beautiful Hurghada islands and their stunning coral reefs? Looking to do something adventurous? Well, you\u2019ve come to the right place.<\/p>\n<p>Lavignia yacht is the perfect choice to explore the most amazing spots and our hidden gems . What are you waiting for??<\/p>\n<p>&nbsp;<\/p>\n<p>Lavignia offers a unique &amp; luxurious variety of premier water-related activities like:<\/p>\n<p>\u25cf Island hopping<\/p>\n<p>\u25cf Snorkeling<\/p>\n<p>\u25cf Diving<\/p>\n<p>\u25cf Professional fishing<\/p>\n<p>\u25cf Fine dining<\/p>\n<p>\u25cf Private parties<\/p>\n<p>\u25cf Swimming with dolphins<\/p>\n<p>\u25cf water sport<\/p>\n<p>&nbsp;<\/p>\n<p>The adventure of a lifetime awaits you onboard!<\/p>\n<p>Si tiene alguna pregunta, podemos responderla a trav\u00e9s de la plataforma de mensajer\u00eda de GetMyBoat antes de pagar. Simplemente haga clic en &quot;Enviar solicitud de reserva&quot; y env\u00edenos una solicitud para recibir una oferta personalizada.<\/p>","protected":false},"excerpt":{"rendered":"<p>Want to escape the city and see the beautiful Hurghada islands and their stunning coral reefs? Looking to do something adventurous? Well, you\u2019ve come to the right place. Lavignia yacht is the perfect choice to explore the most amazing spots and our hidden gems . What are you waiting for?? &nbsp; Lavignia offers a unique [&hellip;]<\/p>\n","protected":false},"featured_media":14194,"comment_status":"open","ping_status":"closed","template":"","meta":[],"product_brand":[],"product_cat":[253,254],"product_tag":[],"class_list":{"0":"post-14193","1":"product","2":"type-product","3":"status-publish","4":"has-post-thumbnail","6":"product_cat-egipto","7":"product_cat-red-sea-governorate","10":"instock","11":"shipping-taxable","12":"product-type-simple","13":"product-grid-view"},"_links":{"self":[{"href":"https:\/\/yachtsmembership.com\/es\/wp-json\/wp\/v2\/product\/14193","targetHints":{"allow":["GET"]}}],"collection":[{"href":"https:\/\/yachtsmembership.com\/es\/wp-json\/wp\/v2\/product"}],"about":[{"href":"https:\/\/yachtsmembership.com\/es\/wp-json\/wp\/v2\/types\/product"}],"replies":[{"embeddable":true,"href":"https:\/\/yachtsmembership.com\/es\/wp-json\/wp\/v2\/comments?post=14193"}],"wp:featuredmedia":[{"embeddable":true,"href":"https:\/\/yachtsmembership.com\/es\/wp-json\/wp\/v2\/media\/14194"}],"wp:attachment":[{"href":"https:\/\/yachtsmembership.com\/es\/wp-json\/wp\/v2\/media?parent=14193"}],"wp:term":[{"taxonomy":"product_brand","embeddable":true,"href":"https:\/\/yachtsmembership.com\/es\/wp-json\/wp\/v2\/product_brand?post=14193"},{"taxonomy":"product_cat","embeddable":true,"href":"https:\/\/yachtsmembership.com\/es\/wp-json\/wp\/v2\/product_cat?post=14193"},{"taxonomy":"product_tag","embeddable":true,"href":"https:\/\/yachtsmembership.com\/es\/wp-json\/wp\/v2\/product_tag?post=14193"}],"curies":[{"name":"wp","href":"https:\/\/api.w.org\/{rel}","templated":true}]}}