{"id":14224,"date":"2025-05-26T19:29:52","date_gmt":"2025-05-26T19:29:52","guid":{"rendered":"https:\/\/yachtsmembership.com\/?post_type=product&#038;p=14224"},"modified":"2025-06-05T18:49:53","modified_gmt":"2025-06-05T18:49:53","slug":"game-fishing-adventures-in-red-sea-egypt-charter-a-68-sport-fisherman","status":"publish","type":"product","link":"https:\/\/yachtsmembership.com\/es\/boats\/game-fishing-adventures-in-red-sea-egypt-charter-a-68-sport-fisherman\/","title":{"rendered":"Aventuras de pesca deportiva en el Mar Rojo, Egipto: Alquile un barco de pesca deportiva de 68 pies"},"content":{"rendered":"<p>Enjoy\u00a0Red Sea Governorate, Egypt by boat!<\/p>\n<p>Go fishing in\u00a0Red Sea Governorate, Egypt on sport fisherman for \u20ac600 EUR per day.\u00a0Boat comes with all fishing gear, bait and tackle.<\/p>\n<p>Come and catch fish with Tulip boat in Hurghada, Egypt. This 68 ft vessel specializes in multiple day safaris for bluefin and dogtooth tuna, giant trevally, snapper, grouper, sailfish and other big game species found in these waters. Full day, overnight fishing and multiple day trips are available.<\/p>\n<p>Inclusive of meals and on board accommodation.<\/p>\n<p>Si tiene alguna pregunta, podemos responderla a trav\u00e9s de la plataforma de mensajer\u00eda de GetMyBoat antes de pagar. Simplemente haga clic en &quot;Solicitar reserva&quot; y env\u00edenos una consulta para obtener una oferta personalizada.<\/p>","protected":false},"excerpt":{"rendered":"<p>Enjoy\u00a0Red Sea Governorate, Egypt by boat! Go fishing in\u00a0Red Sea Governorate, Egypt on sport fisherman for \u20ac600 EUR per day.\u00a0Boat comes with all fishing gear, bait and tackle. Come and catch fish with Tulip boat in Hurghada, Egypt. This 68 ft vessel specializes in multiple day safaris for bluefin and dogtooth tuna, giant trevally, snapper, [&hellip;]<\/p>\n","protected":false},"featured_media":14225,"comment_status":"open","ping_status":"closed","template":"","meta":[],"product_brand":[],"product_cat":[253,254],"product_tag":[],"class_list":{"0":"post-14224","1":"product","2":"type-product","3":"status-publish","4":"has-post-thumbnail","6":"product_cat-egipto","7":"product_cat-red-sea-governorate","10":"instock","11":"shipping-taxable","12":"product-type-simple","13":"product-grid-view"},"_links":{"self":[{"href":"https:\/\/yachtsmembership.com\/es\/wp-json\/wp\/v2\/product\/14224","targetHints":{"allow":["GET"]}}],"collection":[{"href":"https:\/\/yachtsmembership.com\/es\/wp-json\/wp\/v2\/product"}],"about":[{"href":"https:\/\/yachtsmembership.com\/es\/wp-json\/wp\/v2\/types\/product"}],"replies":[{"embeddable":true,"href":"https:\/\/yachtsmembership.com\/es\/wp-json\/wp\/v2\/comments?post=14224"}],"wp:featuredmedia":[{"embeddable":true,"href":"https:\/\/yachtsmembership.com\/es\/wp-json\/wp\/v2\/media\/14225"}],"wp:attachment":[{"href":"https:\/\/yachtsmembership.com\/es\/wp-json\/wp\/v2\/media?parent=14224"}],"wp:term":[{"taxonomy":"product_brand","embeddable":true,"href":"https:\/\/yachtsmembership.com\/es\/wp-json\/wp\/v2\/product_brand?post=14224"},{"taxonomy":"product_cat","embeddable":true,"href":"https:\/\/yachtsmembership.com\/es\/wp-json\/wp\/v2\/product_cat?post=14224"},{"taxonomy":"product_tag","embeddable":true,"href":"https:\/\/yachtsmembership.com\/es\/wp-json\/wp\/v2\/product_tag?post=14224"}],"curies":[{"name":"wp","href":"https:\/\/api.w.org\/{rel}","templated":true}]}}