{"id":14232,"date":"2025-05-26T19:33:32","date_gmt":"2025-05-26T19:33:32","guid":{"rendered":"https:\/\/yachtsmembership.com\/?post_type=product&#038;p=14232"},"modified":"2025-06-05T18:49:33","modified_gmt":"2025-06-05T18:49:33","slug":"charter-118-mv-tala-power-mega-yacht-for-luxury-red-sea-adventures-in-egypt","status":"publish","type":"product","link":"https:\/\/yachtsmembership.com\/es\/boats\/charter-118-mv-tala-power-mega-yacht-for-luxury-red-sea-adventures-in-egypt\/","title":{"rendered":"Alquile el megayate MV Tala Power de 118 pies para disfrutar de aventuras de lujo en el Mar Rojo, Egipto."},"content":{"rendered":"<p>Enjoy\u00a0Red Sea Governorate, Egypt by boat!<\/p>\n<p>MV Tala is a 37m steel-hulled vessel that caters for her 22 guests with spacious air-conditioned lounges, outdoor relaxation areas and cabins with en-suite bathrooms. The MV Tala is notably seaworthy, capable of reaching speeds of 14 knots and maintaining her steadiness. Decked with a full array of diving equipment such as underwater scooters, an unlimited selection of tanks and a variety of gases, MV Tala is highly acknowledged for the tech diving support she provides.<\/p>\n<p>Alongside a friendly, hospitable crew that is available to assist you at all times, the fully equipped kitchen provides three wholesome meals a day and caters for a variety of tastes and preferences. All ingredients are fresh and everything onboard is prepared from scratch.<\/p>\n<p>Si tiene alguna pregunta, podemos responderle a trav\u00e9s de la plataforma de mensajer\u00eda GetMyBoat antes de pagar. Simplemente haga clic en &quot;Solicitar reserva&quot; y env\u00edenos una consulta para recibir una oferta personalizada.<\/p>","protected":false},"excerpt":{"rendered":"<p>Enjoy\u00a0Red Sea Governorate, Egypt by boat! MV Tala is a 37m steel-hulled vessel that caters for her 22 guests with spacious air-conditioned lounges, outdoor relaxation areas and cabins with en-suite bathrooms. The MV Tala is notably seaworthy, capable of reaching speeds of 14 knots and maintaining her steadiness. Decked with a full array of diving [&hellip;]<\/p>\n","protected":false},"featured_media":14233,"comment_status":"open","ping_status":"closed","template":"","meta":[],"product_brand":[],"product_cat":[253,254],"product_tag":[],"class_list":{"0":"post-14232","1":"product","2":"type-product","3":"status-publish","4":"has-post-thumbnail","6":"product_cat-egipto","7":"product_cat-red-sea-governorate","10":"instock","11":"shipping-taxable","12":"product-type-simple","13":"product-grid-view"},"_links":{"self":[{"href":"https:\/\/yachtsmembership.com\/es\/wp-json\/wp\/v2\/product\/14232","targetHints":{"allow":["GET"]}}],"collection":[{"href":"https:\/\/yachtsmembership.com\/es\/wp-json\/wp\/v2\/product"}],"about":[{"href":"https:\/\/yachtsmembership.com\/es\/wp-json\/wp\/v2\/types\/product"}],"replies":[{"embeddable":true,"href":"https:\/\/yachtsmembership.com\/es\/wp-json\/wp\/v2\/comments?post=14232"}],"wp:featuredmedia":[{"embeddable":true,"href":"https:\/\/yachtsmembership.com\/es\/wp-json\/wp\/v2\/media\/14233"}],"wp:attachment":[{"href":"https:\/\/yachtsmembership.com\/es\/wp-json\/wp\/v2\/media?parent=14232"}],"wp:term":[{"taxonomy":"product_brand","embeddable":true,"href":"https:\/\/yachtsmembership.com\/es\/wp-json\/wp\/v2\/product_brand?post=14232"},{"taxonomy":"product_cat","embeddable":true,"href":"https:\/\/yachtsmembership.com\/es\/wp-json\/wp\/v2\/product_cat?post=14232"},{"taxonomy":"product_tag","embeddable":true,"href":"https:\/\/yachtsmembership.com\/es\/wp-json\/wp\/v2\/product_tag?post=14232"}],"curies":[{"name":"wp","href":"https:\/\/api.w.org\/{rel}","templated":true}]}}