{"id":14255,"date":"2025-05-26T20:04:04","date_gmt":"2025-05-26T20:04:04","guid":{"rendered":"https:\/\/yachtsmembership.com\/?post_type=product&#038;p=14255"},"modified":"2025-06-05T18:47:41","modified_gmt":"2025-06-05T18:47:41","slug":"charter-the-118-mv-nouran-power-mega-yacht-for-diving-adventures-in-egypts-red-sea","status":"publish","type":"product","link":"https:\/\/yachtsmembership.com\/es\/boats\/charter-the-118-mv-nouran-power-mega-yacht-for-diving-adventures-in-egypts-red-sea\/","title":{"rendered":"Alquile el megayate MV Nouran Power de 118 pies para disfrutar de aventuras de buceo en el Mar Rojo de Egipto."},"content":{"rendered":"<p>Enjoy\u00a0Red Sea Governorate, Egypt by boat!<\/p>\n<p>MV Nouran is a 36m mahogany hulled vessel that caters for her 24 guests with 12 cabins and en-suite bathrooms; as well as a spacious air-conditioned lounge, an independent dining area and several outdoor relaxation areas to choose from. Equivalent to a floating dive centre, the MV Nouran is fully equipped with underwater scooters, an unlimited selection of tanks and other basic dive gear.<\/p>\n<p>Alongside a friendly, hospitable crew that is available to assist you at all times, the fully equipped kitchen provides three wholesome meals a day and caters for a variety of tastes and preferences. All ingredients are fresh and everything on board is prepared from scratch.<\/p>\n<p>Si tiene alguna pregunta, podemos responderle a trav\u00e9s de la plataforma de mensajer\u00eda GetMyBoat antes de pagar. Simplemente haga clic en &quot;Solicitar reserva&quot; y env\u00edenos una consulta para recibir una oferta personalizada.<\/p>","protected":false},"excerpt":{"rendered":"<p>Enjoy\u00a0Red Sea Governorate, Egypt by boat! MV Nouran is a 36m mahogany hulled vessel that caters for her 24 guests with 12 cabins and en-suite bathrooms; as well as a spacious air-conditioned lounge, an independent dining area and several outdoor relaxation areas to choose from. Equivalent to a floating dive centre, the MV Nouran is [&hellip;]<\/p>\n","protected":false},"featured_media":14256,"comment_status":"open","ping_status":"closed","template":"","meta":[],"product_brand":[],"product_cat":[253,254],"product_tag":[],"class_list":{"0":"post-14255","1":"product","2":"type-product","3":"status-publish","4":"has-post-thumbnail","6":"product_cat-egipto","7":"product_cat-red-sea-governorate","10":"instock","11":"shipping-taxable","12":"product-type-simple","13":"product-grid-view"},"_links":{"self":[{"href":"https:\/\/yachtsmembership.com\/es\/wp-json\/wp\/v2\/product\/14255","targetHints":{"allow":["GET"]}}],"collection":[{"href":"https:\/\/yachtsmembership.com\/es\/wp-json\/wp\/v2\/product"}],"about":[{"href":"https:\/\/yachtsmembership.com\/es\/wp-json\/wp\/v2\/types\/product"}],"replies":[{"embeddable":true,"href":"https:\/\/yachtsmembership.com\/es\/wp-json\/wp\/v2\/comments?post=14255"}],"wp:featuredmedia":[{"embeddable":true,"href":"https:\/\/yachtsmembership.com\/es\/wp-json\/wp\/v2\/media\/14256"}],"wp:attachment":[{"href":"https:\/\/yachtsmembership.com\/es\/wp-json\/wp\/v2\/media?parent=14255"}],"wp:term":[{"taxonomy":"product_brand","embeddable":true,"href":"https:\/\/yachtsmembership.com\/es\/wp-json\/wp\/v2\/product_brand?post=14255"},{"taxonomy":"product_cat","embeddable":true,"href":"https:\/\/yachtsmembership.com\/es\/wp-json\/wp\/v2\/product_cat?post=14255"},{"taxonomy":"product_tag","embeddable":true,"href":"https:\/\/yachtsmembership.com\/es\/wp-json\/wp\/v2\/product_tag?post=14255"}],"curies":[{"name":"wp","href":"https:\/\/api.w.org\/{rel}","templated":true}]}}