{"id":14563,"date":"2025-05-27T18:55:08","date_gmt":"2025-05-27T18:55:08","guid":{"rendered":"https:\/\/yachtsmembership.com\/?post_type=product&#038;p=14563"},"modified":"2025-05-27T18:55:08","modified_gmt":"2025-05-27T18:55:08","slug":"private-boat-1-to-4pax-coron-island-tour-choose-up-to-7-destinations","status":"publish","type":"product","link":"https:\/\/yachtsmembership.com\/es\/boats\/private-boat-1-to-4pax-coron-island-tour-choose-up-to-7-destinations\/","title":{"rendered":"Barco privado de 1 a 4 personas: tour por la isla de Coron (hasta 7 destinos disponibles)"},"content":{"rendered":"<p>Somos propietarios de barcos locales y operamos embarcaciones tradicionales filipinas aqu\u00ed en Coron, Palawan. Perm\u00edtanos llevarlo a nuestros lugares favoritos en este para\u00edso tropical. El alquiler del barco incluye: capit\u00e1n, tripulaci\u00f3n, uso de chaleco salvavidas y servicio de cocina a bordo. *La tarifa del gu\u00eda tur\u00edstico, la comida, las entradas, el alquiler de equipo y la recogida y devoluci\u00f3n del triciclo se cobran por separado. Duraci\u00f3n del alquiler: de 8:00 a 17:00 (La pernoctaci\u00f3n tendr\u00e1 un costo adicional de 751 TP3T). Hora de recogida: 7:30 en triciclo o tuk-tuk (La tarifa comienza en 20 PHP por persona, dependiendo de la ubicaci\u00f3n de su hotel). *El gu\u00eda tur\u00edstico lo recoger\u00e1 en su hotel a las 7:30 y lo llevar\u00e1 al mercado local para ayudarlo a comprar la comida que desee traer. La tripulaci\u00f3n cocinar\u00e1 para usted a bordo sin costo adicional. Puede elegir entre diferentes mariscos frescos en exhibici\u00f3n, carnes, verduras, frutas y bebidas. *Si no tiene el equipo para hacer snorkel, que es una de las actividades de este tour, por favor inf\u00f3rmeselo al gu\u00eda y \u00e9l le ayudar\u00e1 a alquilar el equipo que necesita. Despu\u00e9s de esto, lo llevar\u00e1 directamente a donde salen los barcos, que est\u00e1 a unos 5 minutos a pie del mercado local. Tarifa del gu\u00eda tur\u00edstico: PhP600 por tour Tarifas de entrada por persona: Lago Kayangan PhP300 - Lago Barracuda PhP250 - Laguna Twin PhP200 - Una playa para almorzar PhP150 (la que tenga menos gente) - Naufragio Skeleton PhP150 - Jard\u00edn de Coral PhP150 - Playa CYC PhP0 *Estos son los aspectos m\u00e1s destacados del Tour de la Isla de Coron y un itinerario de muestra. Si tiene su propio itinerario en mente, puede organizarlo con el gu\u00eda tur\u00edstico. M\u00e1ximo de 7 destinos para este tour. Alquiler de equipo: (precios por art\u00edculo, v\u00e1lidos para toda la duraci\u00f3n del tour) M\u00e1scara de snorkel PhP150 \u2013 Zapatos acu\u00e1ticos PhP150 \u2013 Aletas cortas PhP150 \u2013 Kayak regular de 2 plazas P1,300 \u2013 Kayak regular de 3 plazas PhP1,500 \u2013 Kayak transparente de 2 plazas PhP1,700 \u2013 C\u00e1mara subacu\u00e1tica GoPro PhP1,500<\/p>","protected":false},"excerpt":{"rendered":"<p>We are local boat owners and we operate Filipino traditional boats here in Coron, Palawan. Let us take you to our favorite spots in this tropical paradise. Boat rental inclusions: a captain, a crew, use of life vest and on-board cooking service *Tour guide fee, food, entrance fees, gears rental and tricycle pick up and [&hellip;]<\/p>\n","protected":false},"featured_media":14564,"comment_status":"open","ping_status":"closed","template":"","meta":[],"product_brand":[],"product_cat":[327,102],"product_tag":[],"class_list":{"0":"post-14563","1":"product","2":"type-product","3":"status-publish","4":"has-post-thumbnail","6":"product_cat-coron-town-proper","7":"product_cat-philippines","10":"instock","11":"shipping-taxable","12":"product-type-simple","13":"product-grid-view"},"_links":{"self":[{"href":"https:\/\/yachtsmembership.com\/es\/wp-json\/wp\/v2\/product\/14563","targetHints":{"allow":["GET"]}}],"collection":[{"href":"https:\/\/yachtsmembership.com\/es\/wp-json\/wp\/v2\/product"}],"about":[{"href":"https:\/\/yachtsmembership.com\/es\/wp-json\/wp\/v2\/types\/product"}],"replies":[{"embeddable":true,"href":"https:\/\/yachtsmembership.com\/es\/wp-json\/wp\/v2\/comments?post=14563"}],"wp:featuredmedia":[{"embeddable":true,"href":"https:\/\/yachtsmembership.com\/es\/wp-json\/wp\/v2\/media\/14564"}],"wp:attachment":[{"href":"https:\/\/yachtsmembership.com\/es\/wp-json\/wp\/v2\/media?parent=14563"}],"wp:term":[{"taxonomy":"product_brand","embeddable":true,"href":"https:\/\/yachtsmembership.com\/es\/wp-json\/wp\/v2\/product_brand?post=14563"},{"taxonomy":"product_cat","embeddable":true,"href":"https:\/\/yachtsmembership.com\/es\/wp-json\/wp\/v2\/product_cat?post=14563"},{"taxonomy":"product_tag","embeddable":true,"href":"https:\/\/yachtsmembership.com\/es\/wp-json\/wp\/v2\/product_tag?post=14563"}],"curies":[{"name":"wp","href":"https:\/\/api.w.org\/{rel}","templated":true}]}}