{"id":14608,"date":"2025-05-27T19:19:33","date_gmt":"2025-05-27T19:19:33","guid":{"rendered":"https:\/\/yachtsmembership.com\/?post_type=product&#038;p=14608"},"modified":"2025-05-27T19:19:33","modified_gmt":"2025-05-27T19:19:33","slug":"private-boat-5-to-8pax-culion-island-escapade-choose-up-to-3-destinations","status":"publish","type":"product","link":"https:\/\/yachtsmembership.com\/es\/boats\/private-boat-5-to-8pax-culion-island-escapade-choose-up-to-3-destinations\/","title":{"rendered":"Barco privado para 5 a 8 personas: Escapada a la isla Culion (hasta 3 destinos)"},"content":{"rendered":"<p>Somos propietarios de barcos locales y operamos embarcaciones tradicionales filipinas aqu\u00ed en Coron, Palawan. Perm\u00edtanos llevarlo a nuestros lugares favoritos en este para\u00edso tropical. El alquiler del barco incluye: capit\u00e1n, tripulaci\u00f3n, uso de chaleco salvavidas y servicio de cocina a bordo. *La tarifa del gu\u00eda tur\u00edstico, la comida, las entradas, el alquiler de equipo y la recogida y devoluci\u00f3n del triciclo se cobran por separado. Duraci\u00f3n del alquiler: de 8:00 a 17:00 (La pernoctaci\u00f3n tendr\u00e1 un costo adicional de 751 TP3T). Hora de recogida: 7:30 en triciclo o tuk-tuk (La tarifa comienza en 20 PHP por persona, dependiendo de la ubicaci\u00f3n de su hotel). *El gu\u00eda tur\u00edstico lo recoger\u00e1 en su hotel a las 7:30 y lo llevar\u00e1 al mercado local para ayudarlo a comprar la comida que desee traer. La tripulaci\u00f3n cocinar\u00e1 para usted a bordo sin costo adicional. Puede elegir entre diferentes mariscos frescos en exhibici\u00f3n, carnes, verduras, frutas y bebidas. *Si no tiene equipo para hacer snorkel, una de las actividades de este tour, por favor, av\u00edsele al gu\u00eda y \u00e9l le ayudar\u00e1 a alquilar el equipo necesario. Despu\u00e9s, lo llevar\u00e1 directamente al punto de salida de los barcos, a unos 5 minutos a pie del mercado local. Tarifa del gu\u00eda: 600 PHP por tour. Entradas por persona: Isla Malcapuya: 250 PHP - Playa Ditaytayan: 200 PHP - Banco de arena Bulog Dos: 200 PHP. *Estos son los puntos destacados del tour a la isla de Coron y un itinerario de ejemplo. Si tiene su propio itinerario en mente, puede coordinarlo con el gu\u00eda. M\u00e1ximo de 7 destinos para este tour. Alquiler de equipo: (precios por art\u00edculo, v\u00e1lidos para toda la duraci\u00f3n del tour) M\u00e1scara de snorkel PhP150 \u2013 Zapatos acu\u00e1ticos PhP150 \u2013 Aletas cortas PhP150 \u2013 Kayak regular de 2 plazas P1,300 \u2013 Kayak regular de 3 plazas PhP1,500 \u2013 Kayak transparente de 2 plazas PhP1,700 \u2013 C\u00e1mara subacu\u00e1tica GoPro PhP1,500<\/p>","protected":false},"excerpt":{"rendered":"<p>We are local boat owners and we operate Filipino traditional boats here in Coron, Palawan. Let us take you to our favorite spots in this tropical paradise. Boat rental inclusions: a captain, a crew, use of life vest and on-board cooking service *Tour guide fee, food, entrance fees, gears rental and tricycle pick up and [&hellip;]<\/p>\n","protected":false},"featured_media":14609,"comment_status":"open","ping_status":"closed","template":"","meta":[],"product_brand":[],"product_cat":[327,102],"product_tag":[],"class_list":{"0":"post-14608","1":"product","2":"type-product","3":"status-publish","4":"has-post-thumbnail","6":"product_cat-coron-town-proper","7":"product_cat-philippines","10":"instock","11":"shipping-taxable","12":"product-type-simple","13":"product-grid-view"},"_links":{"self":[{"href":"https:\/\/yachtsmembership.com\/es\/wp-json\/wp\/v2\/product\/14608","targetHints":{"allow":["GET"]}}],"collection":[{"href":"https:\/\/yachtsmembership.com\/es\/wp-json\/wp\/v2\/product"}],"about":[{"href":"https:\/\/yachtsmembership.com\/es\/wp-json\/wp\/v2\/types\/product"}],"replies":[{"embeddable":true,"href":"https:\/\/yachtsmembership.com\/es\/wp-json\/wp\/v2\/comments?post=14608"}],"wp:featuredmedia":[{"embeddable":true,"href":"https:\/\/yachtsmembership.com\/es\/wp-json\/wp\/v2\/media\/14609"}],"wp:attachment":[{"href":"https:\/\/yachtsmembership.com\/es\/wp-json\/wp\/v2\/media?parent=14608"}],"wp:term":[{"taxonomy":"product_brand","embeddable":true,"href":"https:\/\/yachtsmembership.com\/es\/wp-json\/wp\/v2\/product_brand?post=14608"},{"taxonomy":"product_cat","embeddable":true,"href":"https:\/\/yachtsmembership.com\/es\/wp-json\/wp\/v2\/product_cat?post=14608"},{"taxonomy":"product_tag","embeddable":true,"href":"https:\/\/yachtsmembership.com\/es\/wp-json\/wp\/v2\/product_tag?post=14608"}],"curies":[{"name":"wp","href":"https:\/\/api.w.org\/{rel}","templated":true}]}}