{"id":14612,"date":"2025-05-27T19:29:11","date_gmt":"2025-05-27T19:29:11","guid":{"rendered":"https:\/\/yachtsmembership.com\/?post_type=product&#038;p=14612"},"modified":"2025-05-27T19:29:12","modified_gmt":"2025-05-27T19:29:12","slug":"rent-a-60-ft-sunreef-catamaran-for-your-luxury-palawan-island-cruise","status":"publish","type":"product","link":"https:\/\/yachtsmembership.com\/es\/boats\/rent-a-60-ft-sunreef-catamaran-for-your-luxury-palawan-island-cruise\/","title":{"rendered":"Alquile un catamar\u00e1n Sunreef de 60 pies para su crucero de lujo por la isla de Palawan"},"content":{"rendered":"<p>Bienvenidos a bordo de nuestro catamar\u00e1n Southern Lights, uno de los lugares m\u00e1s incre\u00edbles y a menudo olvidados de Filipinas. Soy Did, y mi pasi\u00f3n es mostrarles las joyas ocultas de este hermoso lugar, lejos de los lugares tur\u00edsticos habituales. Perm\u00edtanme presentarles nuestro orgullo: el catamar\u00e1n Sunreef 60 Loft. No es un yate cualquiera; es como tener su propio palacio flotante de lujo para una escapada inolvidable. Imaginen relajarse en la cubierta, con una bebida en la mano, con el viento en el pelo y vistas impresionantes de Filipinas a su alrededor. Tenemos destinos incre\u00edbles preparados para ustedes, desde las pr\u00edstinas islas Linapacan hasta el surrealista lago Kayangan. Y ni hablar de los vibrantes arrecifes de coral y los naufragios hist\u00f3ricos que pueden explorar. Tenemos acceso a algunas de las playas e islas privadas m\u00e1s exclusivas de la zona. Esto significa que podr\u00e1n experimentar la belleza de Palawan sin multitudes, disfrutando del sol en su propio para\u00edso privado. En cuanto a comodidad, lo tenemos cubierto. Imag\u00ednate relaj\u00e1ndote en la espaciosa sala de estar o retir\u00e1ndote a una de las cuatro acogedoras caba\u00f1as, cada una con su propio ba\u00f1o privado. Pero aqu\u00ed es donde realmente comienza la diversi\u00f3n: tenemos una gran variedad de juguetes acu\u00e1ticos a bordo, listos para que te sumerjas en las aguas cristalinas y explores las islas y arrecifes de coral m\u00e1s hermosos. Equipo de snorkel, kayaks, tablas de paddleboard... lo que sea, lo tenemos. \u00a1As\u00ed que prep\u00e1rate para sumergirte y descubrir las maravillas que te esperan bajo la superficie! Ya sea que tengas ganas de relajarte o de aventura, el catamar\u00e1n Sunreef 60 Loft est\u00e1 aqu\u00ed para que tu experiencia en Palawan sea inolvidable. \u00a1Esperamos tener noticias tuyas y dise\u00f1ar la experiencia de navegaci\u00f3n de tus sue\u00f1os! MEJORES RUTAS DE CRUCEROS EN EL NORTE DE PALAWAN BUSUANGA DISCOVERY Ubicado en la bah\u00eda de Busuanga en la isla de Busuanga, Southern Lights est\u00e1 a solo 40 minutos del aeropuerto de Busuanga-Coron. Busuanga, la regi\u00f3n norte de Palawan, comprende tres islas principales: Busuanga, Culion y Coron. Hemos elegido Busuanga como base debido a su rica variedad de impresionantes vistas y actividades. Es nuestro destino de crucero durante todo el a\u00f1o, ofreciendo protecci\u00f3n contra fuertes vientos. Cada d\u00eda en Busuanga promete una experiencia \u00fanica, desde islas privadas de arena blanca y arrecifes impresionantes hasta los encantadores lagos de Coron, lagunas gemelas, playas solitarias, famosos lugares de buceo en naufragios japoneses, safaris y visitas a pueblos pesqueros. Cada d\u00eda tiene su propio encanto. Cont\u00e1ctame para m\u00e1s detalles y fotos de estos itinerarios. EXPEDICI\u00d3N DE CORON A EL NIDO Nuestro segundo itinerario propuesto te lleva de Coron a El Nido, con olas ocasionales durante la traves\u00eda de Linapacan, pero con una navegaci\u00f3n tranquila la mayor parte del a\u00f1o. Esta ruta ofrece la oportunidad de atravesar las remotas Islas Linapacan, donde el tr\u00e1fico mar\u00edtimo es escaso, antes de llegar a la bulliciosa pero impresionante Bah\u00eda Bacuit en El Nido, una zona excepcional, aunque popular entre los turistas. ITINERARIOS PERSONALIZADOS: Puedo personalizar cualquier itinerario dentro de Filipinas, aunque podr\u00edan aplicarse cargos de env\u00edo adicionales para salidas\/llegadas fuera de Busuanga.<\/p>","protected":false},"excerpt":{"rendered":"<p>Welcome aboard our Southern Lights catamaran, one of the most incredible and often overlooked spots in the Philippines. I&#8217;m Did, and I&#8217;m all about showing you the hidden gems of this beautiful place, away from the usual tourist spots. Let me introduce you to our pride and joy: the Sunreef 60 Loft Catamaran. It&#8217;s not [&hellip;]<\/p>\n","protected":false},"featured_media":14613,"comment_status":"open","ping_status":"closed","template":"","meta":[],"product_brand":[],"product_cat":[327,102],"product_tag":[],"class_list":{"0":"post-14612","1":"product","2":"type-product","3":"status-publish","4":"has-post-thumbnail","6":"product_cat-coron-town-proper","7":"product_cat-philippines","10":"instock","11":"shipping-taxable","12":"product-type-simple","13":"product-grid-view"},"_links":{"self":[{"href":"https:\/\/yachtsmembership.com\/es\/wp-json\/wp\/v2\/product\/14612","targetHints":{"allow":["GET"]}}],"collection":[{"href":"https:\/\/yachtsmembership.com\/es\/wp-json\/wp\/v2\/product"}],"about":[{"href":"https:\/\/yachtsmembership.com\/es\/wp-json\/wp\/v2\/types\/product"}],"replies":[{"embeddable":true,"href":"https:\/\/yachtsmembership.com\/es\/wp-json\/wp\/v2\/comments?post=14612"}],"wp:featuredmedia":[{"embeddable":true,"href":"https:\/\/yachtsmembership.com\/es\/wp-json\/wp\/v2\/media\/14613"}],"wp:attachment":[{"href":"https:\/\/yachtsmembership.com\/es\/wp-json\/wp\/v2\/media?parent=14612"}],"wp:term":[{"taxonomy":"product_brand","embeddable":true,"href":"https:\/\/yachtsmembership.com\/es\/wp-json\/wp\/v2\/product_brand?post=14612"},{"taxonomy":"product_cat","embeddable":true,"href":"https:\/\/yachtsmembership.com\/es\/wp-json\/wp\/v2\/product_cat?post=14612"},{"taxonomy":"product_tag","embeddable":true,"href":"https:\/\/yachtsmembership.com\/es\/wp-json\/wp\/v2\/product_tag?post=14612"}],"curies":[{"name":"wp","href":"https:\/\/api.w.org\/{rel}","templated":true}]}}