{"id":14758,"date":"2025-05-28T20:59:39","date_gmt":"2025-05-28T20:59:39","guid":{"rendered":"https:\/\/yachtsmembership.com\/?post_type=product&#038;p=14758"},"modified":"2025-05-28T20:59:40","modified_gmt":"2025-05-28T20:59:40","slug":"enjoy-freediving-trips-and-lessons-in-reykjavik-iceland","status":"publish","type":"product","link":"https:\/\/yachtsmembership.com\/es\/boats\/enjoy-freediving-trips-and-lessons-in-reykjavik-iceland\/","title":{"rendered":"Disfruta de excursiones y clases de apnea en Reikiavik, Islandia."},"content":{"rendered":"<p>Disfruta del buceo libre en Reikiavik, Islandia, por tan solo $39.900 ISK por persona. Tambi\u00e9n ofrecemos clases de buceo. Tarifas: Tours \u2022 Apnea Gullkistuv\u00edk: $39.900 ISK por persona \u2022 Apnea Dav\u00ed\u00f0sgj\u00e1: $24,900 ISK por persona \u2022 Snorkel o Apnea en el bosque de Kelp: $16,500 ISK por persona \u2022 Snorkeling Safari: $16,500 ISK por persona \u2022 Apnea Arnarnesstr\u00fdtan: $19,900 ISK por persona \u2022 Safari de apnea: $16,500 ISK por persona \u2022 Tour de snorkel en Silfra: $16,900 ISK por persona \u2022 Apnea nocturna en Silfra: $24.900 ISK por persona \u2022 Tours en bote neum\u00e1tico: $30.000 ISK por persona \u2022 Apnea Silfra: $24.900 ISK por persona \u2022 Apnea Bjarnagj\u00e1: $24.900 ISK por persona \u2022 B\u00fasqueda de comida durante medio d\u00eda: $34.900 ISK por persona Cursos AIDA \u2022 1 d\u00eda: $30.000 ISK \u2022 2 d\u00edas: $60.000 ISK \u2022 3 d\u00edas: $85.000 ISK \u2022 4 d\u00edas: $110.000 ISK Cursos PADI \u2022 1 d\u00eda: $35.000 ISK \u2022 2 d\u00edas: $65.000 ISK \u2022 3 d\u00edas: $90.000 ISK \u2022 4 d\u00edas: $115.000 ISK Incluye: \u2022 Barco, capit\u00e1n (Tours en lancha neum\u00e1tica) \u2022 Combustible (Tours en lancha neum\u00e1tica) \u2022 Abrigos (Tours en lancha neum\u00e1tica) Tours) \u2022 Gu\u00eda profesional \u2022 Gu\u00eda profesional \u2022 Todo el equipo de apnea necesario \u2022 Chocolate caliente y almuerzo para llevar No incluye: \u2022 Transporte \u2022 Traje de ba\u00f1o \/ toalla Lo que puede esperar: Apnea en Gullkistuv\u00edk (9:30 AM - 13:30 PM) Gullkistuv\u00edk es una peque\u00f1a bah\u00eda en el mar a la que llegamos en bote. Es el lugar donde m\u00e1s nos divertimos en los d\u00edas buenos. Est\u00e1 a 20 minutos en bote del peque\u00f1o puerto deportivo en el centro de Reykjavik. En este lugar lo tienes todo. Bosques de algas, vida marina, muchos tipos de cangrejos y una bonita playa. La visibilidad var\u00eda y depende de muchos factores, pero siempre es divertido. Si tenemos suerte, vemos focas y otras grandes criaturas marinas. La apnea con un traje de 7 mm proporciona toda la protecci\u00f3n necesaria contra el fr\u00edo. Freedive Iceland es la \u00fanica compa\u00f1\u00eda islandesa que ofrece tours de apnea en Islandia acompa\u00f1ados por profesionales de apnea certificados y podemos asegurarle que la apnea con nosotros ser\u00e1 una experiencia memorable. En lugar de simplemente flotar en la superficie, como al hacer snorkel, podr\u00e1s bucear en apnea en la fisura. No se necesita experiencia ni licencia de apnea. Practicamos la apnea teniendo en cuenta la capacidad de nuestros clientes. Nos gusta divertirnos en el agua, y para eso, t\u00fa tambi\u00e9n necesitas divertirte. Por eso, compartimos el mismo objetivo. Buceo en apnea en Dav\u00ed\u00f0sgj\u00e1 (9:30 a. m. a 12:30 p. m.). Dav\u00ed\u00f0sgj\u00e1 es uno de los mejores sitios de buceo en apnea en Islandia y est\u00e1 situado en Thingvellir (Patrimonio de la Humanidad por la UNESCO). Est\u00e1 a solo 50 km de Reikiavik. Dav\u00ed\u00f0sgj\u00e1 es una fisura volc\u00e1nica de agua dulce que est\u00e1 conectada al gran lago de Thingvellir con la misma visibilidad que Silfra. El agua es tan clara que bucear en apnea en ella se siente como volar. El buceo en apnea con un traje de buceo en apnea de 7 mm proporciona toda la protecci\u00f3n necesaria contra el fr\u00edo. Freedive Iceland es la \u00fanica empresa islandesa que ofrece tours de buceo en apnea en Islandia acompa\u00f1ados por profesionales certificados en apnea y podemos asegurarle que bucear en apnea con nosotros ser\u00e1 una experiencia memorable. En lugar de simplemente flotar en la superficie como cuando hace snorkel, podr\u00e1 bucear en apnea en la fisura. No se necesita experiencia ni licencia de buceo en apnea. Buceamos en apnea teniendo en cuenta la capacidad de nuestros clientes. Nos gusta divertirnos en el agua y para Que tambi\u00e9n necesitas divertirte. As\u00ed que tenemos el mismo objetivo. Snorkel o apnea en el bosque de algas (9:30 a. m. - 12:30 p. m. o 16:30 a 19:30). El sitio es bueno para quienes practican snorkel o apnea y buscan una inmersi\u00f3n tranquila, pero con mucho que ver y lugares divertidos para nadar, como un bosque de algas islandesas y rocas. La profundidad m\u00e1xima de este sitio es de unos 15 m, con una visibilidad del fondo generalmente muy buena. En los meses de verano, puedes esperar ver bancos de peces nadando en las corrientes sobre el bosque de algas. Tambi\u00e9n ver\u00e1s enormes medusas melena de le\u00f3n (totalmente inofensivas), mejillones, almejas, erizos de mar, cangrejos ermita\u00f1os, estrellas de mar... Si quieres pescar tu cena, es el lugar ideal para venir con un arp\u00f3n a buscar bacalao en las algas. Safari de snorkel alrededor de &quot;La perla de Eyafjordur&quot; 1 d\u00eda completo :( 9:30 a. m. - 4:00 p. m.) Una oportunidad \u00fanica para explorar una remota isla islandesa desde tierra y mar. La Perla de Eyafjordur, como tambi\u00e9n se conoce a la isla Hrisey, es una isla en medio del fiordo, repleta de excelentes lugares para practicar snorkel. Tambi\u00e9n es un refugio para las aves, por lo que no se permiten perros ni gatos. Es un lugar incre\u00edble con una rica flora y fauna para disfrutar, especialmente en verano. Apnea en Arnarnesstr\u00fdtan (16:30 p. m. - 18:30 p. m.): Arnarnesstr\u00fdtur es una zona protegida llena de vida, desde peces lobo hasta ballenas. El sitio abarca una extensa zona de chimeneas con agua dulce caliente que se vierte al mar. Ofrecen una oportunidad \u00fanica para observar la actividad geot\u00e9rmica submarina y sus incre\u00edbles efectos en el mar. La profundidad m\u00e1xima de esta inmersi\u00f3n es de unos 25 m. Safari de apnea alrededor de &quot;La Perla de Eyafjordur&quot; de 1 d\u00eda completo: (9:30 a. m. a 4:00 p. m.) Una oportunidad \u00fanica para explorar una remota isla islandesa desde tierra y mar. La Perla de Eyafjordur, como tambi\u00e9n se conoce a la isla Hrisey, es una isla en medio del fiordo Eyafjordur, repleta de excelentes lugares para practicar apnea. Tambi\u00e9n es un refugio para las aves, por lo que no se permiten perros ni gatos. Es un lugar incre\u00edble con una rica flora y fauna para disfrutar, especialmente en verano. Tour de snorkel en Silfra: del 1 de octubre al 31 de marzo (9:30 a. m. a 12:30 p. m.). Silfra es uno de los mejores sitios de visibilidad submarina del mundo y est\u00e1 situado en Thingvellir (Patrimonio de la Humanidad por la UNESCO). Se encuentra a solo unos 50 km de Reikiavik. Silfra es una fisura volc\u00e1nica de agua dulce de unos 60 metros de profundidad con una visibilidad superior a los 100 metros. El agua es tan clara que bucear en ella se siente como volar. Hacer snorkel con un traje de neopreno de 7 mm proporciona toda la... Protecci\u00f3n necesaria contra el fr\u00edo. Freedive Iceland solo ofrece tours de snorkel en Silfra con traje de neopreno, acompa\u00f1ados por profesionales certificados en apnea. Te aseguramos que practicar snorkel con nosotros ser\u00e1 una experiencia memorable. No se necesita experiencia ni licencia de snorkel. PERO s\u00ed necesitas saber nadar. Nos gusta divertirnos en el agua, y para eso t\u00fa tambi\u00e9n necesitas divertirte. Por eso compartimos el mismo objetivo. Apnea Nocturna en Silfra (22:30 - 00:30). Hacer una inmersi\u00f3n nocturna en Silfra es totalmente diferente a las inmersiones diurnas normales. En primer lugar, en invierno solo ves lo que te muestra la luz y en verano es mucho m\u00e1s oscuro de lo normal. Adem\u00e1s, suele haber muchos peces en Silfra por la noche. Buceando en apnea hay buenas posibilidades de atrapar alguno con la mano. Silfra es uno de los mejores sitios de apnea del mundo y est\u00e1 situado en Thingvellir (Patrimonio de la Humanidad por la UNESCO). Est\u00e1 a solo 50 km de Reikiavik. Silfra es una fisura volc\u00e1nica de agua dulce. A unos 60 metros de profundidad y con una visibilidad de m\u00e1s de 100 metros. El agua es tan cristalina que bucear en ella se siente como volar. Bucear en apnea con un traje de 7 mm proporciona toda la protecci\u00f3n necesaria contra el fr\u00edo. Freedive Iceland es la \u00fanica compa\u00f1\u00eda islandesa que ofrece tours de apnea en Silfra acompa\u00f1ados por profesionales certificados en apnea, y te aseguramos que bucear con nosotros ser\u00e1 una experiencia memorable. En lugar de simplemente flotar pesadamente en la superficie, como al hacer snorkel, podr\u00e1s bucear en apnea en la fisura. No se necesita experiencia ni licencia de apnea. Buceamos en apnea teniendo en cuenta la capacidad de nuestros clientes. Tours en lancha neum\u00e1tica. Este tour es \u00fanico en Islandia. Alquilas nuestra lancha neum\u00e1tica con capit\u00e1n por hora y puedes ir a cualquier lugar y hacer lo que quieras. Lo \u00fanico que te detiene es tu imaginaci\u00f3n, quiz\u00e1s el clima, y bueno, poco m\u00e1s. Puedes ir con hasta 5 personas (m\u00e1ximo 6 + capit\u00e1n). Contamos con una lancha neum\u00e1tica de 6,5 metros con un motor fueraborda Suzuki de 140 CV. Velocidad de hasta 40 km\/h. Kn. en un buen d\u00eda en el mar. Hemos creado una lista de cosas que se nos ocurren. Solo tienes que a\u00f1adirlas mentalmente. \u2022 Hacemos excursiones de apnea\/buceo a medida \u2022 Hacemos excursiones de pesca para familias (ca\u00f1as de pescar no incluidas) \u2022 Observamos frailecillos. (Esto es lo m\u00e1s cerca que estar\u00e1s de ver a estas aves amigables y populares). \u2022 Hacemos excursiones de isla en isla (\u00bfQuieres visitar las peque\u00f1as islas fuera de Reikiavik?) \u2022 Esqu\u00ed acu\u00e1tico\/wakeboard (equipo no incluido) \u2022 Recorridos tur\u00edsticos por la capital de Reikiavik por mar \u2022 \u00bfFiesta en el mar? (Gran sistema de sonido a bordo) Apnea en Silfra: del 1 de octubre al 31 de marzo (9:30 a. m. a 12:30 p. m.) Silfra es uno de los mejores sitios de apnea del mundo y est\u00e1 situado en Thingvellir (Patrimonio de la Humanidad por la UNESCO). Est\u00e1 a solo unos 50 km de Reikiavik. Silfra es una fisura volc\u00e1nica de agua dulce de unos 60 metros de profundidad con m\u00e1s de 100... Visibilidad. El agua es tan clara que bucear en ella se siente como volar. Bucear en apnea con un traje de 7 mm proporciona toda la protecci\u00f3n necesaria contra el fr\u00edo. Freedive Iceland es la \u00fanica compa\u00f1\u00eda islandesa que ofrece tours de apnea en Silfra acompa\u00f1ados por profesionales certificados en apnea, y podemos asegurarle que bucear con nosotros ser\u00e1 una experiencia memorable. En lugar de simplemente flotar pesadamente en la superficie como al bucear con snorkel, podr\u00e1 bucear en apnea en la fisura. No se necesita experiencia ni licencia de apnea. Buceamos en apnea teniendo en cuenta la capacidad de nuestros clientes. Buceo en apnea Bjarnagj\u00e1 (9:30 a. m. a 2:30 p. m.). Bjarnagj\u00e1 es uno de los lugares especiales para bucear en apnea en Islandia, ideal durante todo el a\u00f1o, sin importar el clima. A solo unos 50 km de Reikiavik, Bjarnagj\u00e1 es un pozo interior de agua dulce y salada de unos 22 metros de profundidad. Tiene muy buena visibilidad. Bucear en apnea con un traje de 7 mm proporciona una excelente protecci\u00f3n contra el fr\u00edo. El fr\u00edo. Freedive Iceland es la \u00fanica compa\u00f1\u00eda islandesa que ofrece tours de apnea acompa\u00f1ados por profesionales certificados en apnea. Te aseguramos que bucear con nosotros ser\u00e1 una experiencia memorable. No se necesita experiencia ni licencia de apnea. Practicamos la apnea teniendo en cuenta la capacidad de nuestros clientes. Este es un lugar muy especial, ya que buceas en una mezcla de agua dulce y salada, pudiendo ver c\u00f3mo se unen las capas. Te proporcionaremos todo el equipo necesario para la apnea. B\u00fasqueda de alimento en apnea (8:30 a. m. a 12:30 p. m.). La b\u00fasqueda de alimento en apnea es una actividad muy emocionante y gratificante, aunque no se debe realizar sin cuidado y respeto. Aprende a buscar alimento y descubre la gran variedad de alimentos que puedes recolectar del oc\u00e9ano. Este curso te brindar\u00e1 una hora de entrenamiento en apnea, seguida de un entrenamiento de b\u00fasqueda de alimento para principiantes de 2 horas (dependiendo de las condiciones clim\u00e1ticas). El curso cubrir\u00e1 el equipo b\u00e1sico, el buceo, la b\u00fasqueda de una zona de caza adecuada, la caza y el despachado de la captura. Aprende a bucear. Todos los cursos AIDA. Teor\u00eda. Primero, repasamos las diapositivas juntos. Aprender\u00e1s todo. Material de lectura de antemano para que puedas empezar a aprender lo antes posible. Esto significa que puedes leer todo de antemano y entrar en la zona de apnea. Esto minimizar\u00e1 el tiempo necesario dentro del agua. Tiempo en piscina. Cuando termina la teor\u00eda, pasamos a la piscina. Vamos a una piscina local de 25 metros con equipo de apnea para empezar a chapotear. Haces una sesi\u00f3n est\u00e1tica y aprendes a contener la respiraci\u00f3n bajo el agua. Aprendes a usar esas aletas largas y sexys. Aprendes a girar y m\u00e1s. Sesi\u00f3n en aguas abiertas (No en AIDA 1*). Cuando hayamos pasado algo de tiempo en piscina, es hora de entrar en aguas abiertas con todo el equipo de apnea necesario. Por supuesto, todo depende del tiempo, pero siempre hay lugares a los que podemos ir. A veces salimos en una lancha RIB. Aprendes a usar esas aletas largas y sexys. Aprendes a girar y m\u00e1s. Hora del examen te\u00f3rico. Normalmente hacemos el examen al final del curso, pero de nuevo, no siempre. En alg\u00fan momento se har\u00e1 el examen y necesitas una puntuaci\u00f3n de 75%. No te preocupes, esto se hace en un ambiente relajado. Todos los cursos PADI B\u00e1sico Apnea. El curso PADI Basic Freediver es un subconjunto del curso PADI Freediver. Es un excelente primer paso para desarrollar habilidades s\u00f3lidas de apnea. Apnea. La apnea se basa en el poder interior, la disciplina y el control. Si siempre has querido adentrarte en el mundo submarino silenciosamente, a tu manera, permaneciendo tanto tiempo como te permita la respiraci\u00f3n, la apnea es para ti. Realizar el curso PADI Freediver es el primer paso para descubrir por qu\u00e9 la apnea se est\u00e1 convirtiendo en una forma popular de explorar bajo las olas. Apnea Avanzada. Lograr un nuevo tiempo de apnea o alcanzar una nueva profundidad es una sensaci\u00f3n incre\u00edble. Satisface ese deseo personal de dar lo mejor de ti y estar orgulloso de lo que puedes lograr. El curso PADI Advanced Freediver est\u00e1 dise\u00f1ado para satisfacer esa necesidad personal de refinar y mejorar tus habilidades de apnea, permiti\u00e9ndote progresar lentamente mientras aprendes c\u00f3mo funciona tu cuerpo durante la apnea. Apnea Maestra: Si eres un apne\u00edsta avanzado que quiere aprender a ajustar tu estilo de vida y entrenamiento para acercarte a la apnea de \u00e9lite. Si tienes niveles avanzados, el curso PADI Master Freediver es para ti. Mediante sesiones enfocadas, llevar\u00e1s tus habilidades de apnea est\u00e1tica, apnea din\u00e1mica, inmersi\u00f3n libre y peso constante al siguiente nivel. Para inscribirte en un curso PADI Master Freediver, debes tener al menos 18 a\u00f1os y una certificaci\u00f3n PADI Advanced Freediver (o una certificaci\u00f3n equivalente de otra organizaci\u00f3n de apne\u00edstas). Si tienes alguna pregunta, podemos responderla a trav\u00e9s de la plataforma de mensajer\u00eda de GetMyBoat antes de pagar. Simplemente haz clic en &quot;Solicitar reserva&quot; y env\u00edanos una consulta para obtener una oferta personalizada.<\/p>","protected":false},"excerpt":{"rendered":"<p>Enjoy Free diving in Reykjav\u00edk, Iceland for as low as $39.900 ISK per person. We also offer Diving lesson. Rates: Tours \u2022 Freedive Gullkistuv\u00edk: $39.900 ISK per person \u2022 Free Dive Dav\u00ed\u00f0sgj\u00e1: $24,900 ISK per person \u2022 Snorkeling or Freediving in the Kelp forest : $16,500 ISK per person \u2022 Snorkeling Safari: $16,500 ISK per [&hellip;]<\/p>\n","protected":false},"featured_media":14759,"comment_status":"open","ping_status":"closed","template":"","meta":[],"product_brand":[],"product_cat":[231,232],"product_tag":[],"class_list":{"0":"post-14758","1":"product","2":"type-product","3":"status-publish","4":"has-post-thumbnail","6":"product_cat-iceland","7":"product_cat-reykjavik","10":"instock","11":"shipping-taxable","12":"product-type-simple","13":"product-grid-view"},"_links":{"self":[{"href":"https:\/\/yachtsmembership.com\/es\/wp-json\/wp\/v2\/product\/14758","targetHints":{"allow":["GET"]}}],"collection":[{"href":"https:\/\/yachtsmembership.com\/es\/wp-json\/wp\/v2\/product"}],"about":[{"href":"https:\/\/yachtsmembership.com\/es\/wp-json\/wp\/v2\/types\/product"}],"replies":[{"embeddable":true,"href":"https:\/\/yachtsmembership.com\/es\/wp-json\/wp\/v2\/comments?post=14758"}],"wp:featuredmedia":[{"embeddable":true,"href":"https:\/\/yachtsmembership.com\/es\/wp-json\/wp\/v2\/media\/14759"}],"wp:attachment":[{"href":"https:\/\/yachtsmembership.com\/es\/wp-json\/wp\/v2\/media?parent=14758"}],"wp:term":[{"taxonomy":"product_brand","embeddable":true,"href":"https:\/\/yachtsmembership.com\/es\/wp-json\/wp\/v2\/product_brand?post=14758"},{"taxonomy":"product_cat","embeddable":true,"href":"https:\/\/yachtsmembership.com\/es\/wp-json\/wp\/v2\/product_cat?post=14758"},{"taxonomy":"product_tag","embeddable":true,"href":"https:\/\/yachtsmembership.com\/es\/wp-json\/wp\/v2\/product_tag?post=14758"}],"curies":[{"name":"wp","href":"https:\/\/api.w.org\/{rel}","templated":true}]}}